{"id":133,"date":"2025-06-03T11:54:02","date_gmt":"2025-06-03T09:54:02","guid":{"rendered":"https:\/\/www.modelcars24.de\/?post_type=product&#038;p=133"},"modified":"2026-04-22T09:11:59","modified_gmt":"2026-04-22T07:11:59","slug":"cmc-porsche-901-coupe-1964-5","status":"publish","type":"product","link":"https:\/\/www.modelcars24.de\/fr\/cmc-porsche-901-coupe-1964-5\/","title":{"rendered":"CMC Porsche 901 Coup\u00e9, 1964 - 1\/18"},"content":{"rendered":"<h3>CMC Porsche 901 Coup\u00e9, 1964, bleu \u00e9mail, int\u00e9rieur cuir gris<\/h3>\n<p>Entre-temps, la 901 ou 911 a trouv\u00e9 sa place dans l'Olympe. Pour tous ceux qui en r\u00eavent encore aujourd'hui - et bien s\u00fbr pour tous les fans de mod\u00e8les r\u00e9duits - CMC propose d\u00e9sormais la 901 sous forme de miniature de r\u00eave, fabriqu\u00e9e \u00e0 la main \u00e0 partir de 971 pi\u00e8ces - et donc enfin une voiture miniature digne de l'original.<\/p>\n<p>D\u00e9tails de la CMC Porsche 901<\/p>\n<ul>\n<li>Mod\u00e8le de pr\u00e9cision en m\u00e9tal assembl\u00e9 \u00e0 la main \u00e0 partir de 971 pi\u00e8ces<\/li>\n<li>Carrosserie authentique et \u00e0 l'\u00e9chelle avec une peinture brillante<\/li>\n<li>Pare-chocs avant\/arri\u00e8re en m\u00e9tal massif ; cornes chrom\u00e9es brillantes<\/li>\n<li>Capot du moteur et du coffre \u00e0 bagages ouvrable<\/li>\n<li>Moteur boxer six cylindres hautement d\u00e9taill\u00e9 avec pose compl\u00e8te des conduites et du c\u00e2blage<\/li>\n<li>r\u00e9alisation fid\u00e8le de l'int\u00e9rieur<\/li>\n<li>dossier r\u00e9glable<\/li>\n<li>Si\u00e8ges avec rev\u00eatement combin\u00e9 cuir\/textile \u00e0 carreaux<\/li>\n<li>radio d\u00e9taill\u00e9e<\/li>\n<li>pare-soleil rabattable avec miroir de courtoisie<\/li>\n<li>trappe de r\u00e9servoir mobile avec languette en cuir comme protection contre les rayures (comme sur l'original)<\/li>\n<li>antenne escamotable<\/li>\n<li>roue de secours amovible<\/li>\n<li>couverture de tapis amovible<\/li>\n<li>Pneus avec bande de roulement authentique et logo Continental<\/li>\n<li>la bo\u00eete \u00e0 outils et \u00e0 pi\u00e8ces en acier inoxydable livr\u00e9e avec l'appareil<\/li>\n<\/ul>\n<p>Num\u00e9ro d'article : M-067D<\/p>\n<p>2 neufs avec tous les accessoires<\/p>","protected":false},"excerpt":{"rendered":"<p>M-067D &#8211; 2-neuwertig &#8211; 585,00 \u20ac<\/p>","protected":false},"featured_media":40289,"comment_status":"open","ping_status":"closed","template":"","meta":{"_acf_changed":false},"product_brand":[537],"product_cat":[18,45,56,21],"product_tag":[57,58,584,585],"class_list":{"0":"post-133","1":"product","2":"type-product","3":"status-publish","4":"has-post-thumbnail","6":"product_brand-cmc","7":"product_cat-cmc","8":"product_cat-neuzugang","9":"product_cat-porsche","10":"product_cat-verfuegbar","11":"product_tag-57","12":"product_tag-cmc-porsche-901-coupe","13":"product_tag-emailblau","14":"product_tag-innen-leder-grau","15":"pa_automarke-porsche","16":"pa_decade-1960s","17":"pa_fahrzeugtyp-coupe","18":"pa_farbe-emailblau","19":"pa_limitiert-ja","20":"pa_massstab-1-18","21":"pa_modelmarke-cmc","22":"pa_modeltyp-alles-zum-oeffnen","23":"pa_modeltyp-fertigmodell","24":"pa_status-beim-hersteller-ausverkauft","25":"pa_verfuegbarkeit-sofort-verfuegbar","26":"pa_zustand_modell-2-neuwertig","27":"pa_zustand_verpackung-2-neuwertig","29":"first","30":"outofstock","31":"purchasable","32":"product-type-simple"},"acf":[],"jetpack_sharing_enabled":true,"_links":{"self":[{"href":"https:\/\/www.modelcars24.de\/fr\/wp-json\/wp\/v2\/product\/133","targetHints":{"allow":["GET"]}}],"collection":[{"href":"https:\/\/www.modelcars24.de\/fr\/wp-json\/wp\/v2\/product"}],"about":[{"href":"https:\/\/www.modelcars24.de\/fr\/wp-json\/wp\/v2\/types\/product"}],"replies":[{"embeddable":true,"href":"https:\/\/www.modelcars24.de\/fr\/wp-json\/wp\/v2\/comments?post=133"}],"version-history":[{"count":6,"href":"https:\/\/www.modelcars24.de\/fr\/wp-json\/wp\/v2\/product\/133\/revisions"}],"predecessor-version":[{"id":63396,"href":"https:\/\/www.modelcars24.de\/fr\/wp-json\/wp\/v2\/product\/133\/revisions\/63396"}],"wp:featuredmedia":[{"embeddable":true,"href":"https:\/\/www.modelcars24.de\/fr\/wp-json\/wp\/v2\/media\/40289"}],"wp:attachment":[{"href":"https:\/\/www.modelcars24.de\/fr\/wp-json\/wp\/v2\/media?parent=133"}],"wp:term":[{"taxonomy":"product_brand","embeddable":true,"href":"https:\/\/www.modelcars24.de\/fr\/wp-json\/wp\/v2\/product_brand?post=133"},{"taxonomy":"product_cat","embeddable":true,"href":"https:\/\/www.modelcars24.de\/fr\/wp-json\/wp\/v2\/product_cat?post=133"},{"taxonomy":"product_tag","embeddable":true,"href":"https:\/\/www.modelcars24.de\/fr\/wp-json\/wp\/v2\/product_tag?post=133"}],"curies":[{"name":"wp","href":"https:\/\/api.w.org\/{rel}","templated":true}]}}