{"id":14216,"date":"2024-04-07T13:22:53","date_gmt":"2024-04-07T11:22:53","guid":{"rendered":"http:\/\/www.mondo-legno.com\/?post_type=product&#038;p=14216"},"modified":"2026-05-15T13:31:14","modified_gmt":"2026-05-15T11:31:14","slug":"talbot-lago-coupe-type-2","status":"publish","type":"product","link":"https:\/\/www.modelcars24.de\/fr\/talbot-lago-coupe-typ-150\/","title":{"rendered":"CMC Talbot Lago Coup\u00e9 Typ 150 SS Figoni &amp; Falaschi, \u201cTeardrop\u201d, 1937-39 - 1\/18"},"content":{"rendered":"<h3>CMC Talbot-Lago Coup\u00e9 T150 C-SS Figoni &amp; Falaschi \u201cTeardrop\u201d, 1937-39<\/h3>\n<p>Avec la Talbot Lago Coup\u00e9, la direction de CMC r\u00e9alise un r\u00eave qu'elle caressait depuis longtemps. Dans les premi\u00e8res ann\u00e9es de CMC, ce type de voiture sophistiqu\u00e9 \u00e9tait \u201eencore trop grand\u201c pour r\u00e9pondre aux exigences \u00e9lev\u00e9es des mod\u00e8les de ce classique du si\u00e8cle. Aujourd'hui, apr\u00e8s plus de 20 ans d'exp\u00e9rience dans le mod\u00e9lisme automobile classique, nous \u00e9tions pr\u00eats \u00e0 reproduire ce v\u00e9hicule de r\u00eave avec une carrosserie \u201eTeardrop\u201c des virtuoses fran\u00e7ais de la t\u00f4le Figoni &amp; Falaschi, d'une \u00e9l\u00e9gance et d'une esth\u00e9tique in\u00e9gal\u00e9es, en tant que mod\u00e8le haut de gamme.<\/p>\n<ul>\n<li>Mod\u00e8le de pr\u00e9cision en m\u00e9tal assembl\u00e9 \u00e0 la main \u00e0 partir de 1 488 pi\u00e8ces d\u00e9tach\u00e9es<\/li>\n<li>Carrosserie \u201eTeardrop\u201c authentique et \u00e0 l'\u00e9chelle des carrossiers fran\u00e7ais Figoni &amp; Falaschi<\/li>\n<li>Ch\u00e2ssis du v\u00e9hicule con\u00e7u avec pr\u00e9cision comme une construction m\u00e9tallique<\/li>\n<li>Capot moteur ouvrant avec ailettes d'a\u00e9ration ajour\u00e9es. La barre d'appui maintient le capot en position ouverte<\/li>\n<li>Repr\u00e9sentation fid\u00e8le de la partie avant marquante du v\u00e9hicule avec des phares encastr\u00e9s dans la carrosserie et un cache de grille en acier inoxydable. Masque de radiateur en m\u00e9tal parfaitement con\u00e7u<\/li>\n<li>Toit ouvrant m\u00e9tallique fonctionnel et facile \u00e0 utiliser<\/li>\n<li>Enjoliveurs lat\u00e9raux de carrosserie \u00e9labor\u00e9s, fabriqu\u00e9s en m\u00e9tal<\/li>\n<li>Couverture positive des roues arri\u00e8re avec des tampons m\u00e9talliques en forme de demi-lune<\/li>\n<li>Portes mobiles pour le conducteur et le passager<\/li>\n<li>Moteur 6 cylindres en ligne hautement d\u00e9taill\u00e9 avec tous les \u00e9l\u00e9ments rapport\u00e9s et pose de conduites\/c\u00e2blage<\/li>\n<li>Roues \u00e0 rayons parfaites et fermetures centrales \u00e0 deux battants vissables<\/li>\n<li>Couvercle de coffre ouvrable. Des barres d'appui des deux c\u00f4t\u00e9s maintiennent le capot en position ouverte. Roue de secours amovible<\/li>\n<li>Banquette recouverte de cuir avec dossier rabattable et \u00e9galement recouvert de cuir<\/li>\n<li>Tableau de bord finement \u00e9labor\u00e9 avec tous les instruments d'affichage et les boutons de commande<\/li>\n<li>Groupe au sol complexe avec repr\u00e9sentation parfaite de la cha\u00eene cin\u00e9matique<\/li>\n<li>Peinture ext\u00e9rieure brillante dans une teinte gris-bleu fid\u00e8le \u00e0 l'original<\/li>\n<\/ul>\n<p>HISTOIRE (V\u00c9HICULE ORIGINAL) Lorsque la maison CMC a d\u00e9cid\u00e9 de reproduire en mod\u00e8le r\u00e9duit le coup\u00e9 Talbot Lago avec sa carrosserie Figoni &amp; Falaschi \u201eTeardrop\u201c, le pouls de nos mod\u00e9listes s'est acc\u00e9l\u00e9r\u00e9 et la joie de pouvoir reproduire une telle \u0153uvre d'art \u00e9tait immense. Mais en m\u00eame temps, il y avait le d\u00e9fi et l'obligation d'\u00eatre \u00e0 la hauteur de ce projet ambitieux. De nombreux experts du monde entier s'accordent \u00e0 dire que ce v\u00e9hicule ne peut plus \u00eatre \u00e9valu\u00e9 selon les crit\u00e8res habituels de l'automobile. La Talbot Lago, dont la carrosserie a \u00e9t\u00e9 r\u00e9alis\u00e9e par les c\u00e9l\u00e8bres t\u00f4liers fran\u00e7ais Figoni &amp; Falaschi, a une allure d'une autre plan\u00e8te. Cette voiture est tout simplement ce que l'on appellerait aujourd'hui \u201el'\u00e9tat de l'art\u201c.<br \/>\nNum\u00e9ro d'article : M-145-1<\/p>","protected":false},"excerpt":{"rendered":"<p>M-145 &#8211; 1-brandneu &#8211; anstatt 567,00 \u20ac jetzt 419,00 \u20ac inkl. 19% Vat<\/p>","protected":false},"featured_media":45921,"comment_status":"open","ping_status":"closed","template":"","meta":[],"product_brand":[537],"product_cat":[17,18,396,397,20,21],"product_tag":[78],"class_list":{"0":"post-14216","1":"product","2":"type-product","3":"status-publish","4":"has-post-thumbnail","6":"product_brand-cmc","7":"product_cat-angebot","8":"product_cat-cmc","9":"product_cat-reduziert","10":"product_cat-talbot","11":"product_cat-titel","12":"product_cat-verfuegbar","13":"product_tag-angebot","14":"pa_automarke-talbot","15":"pa_decade-1930s","16":"pa_fahrzeugtyp-coupe","17":"pa_farbe-blau","18":"pa_limitiert-nein","19":"pa_massstab-1-18","20":"pa_modelmarke-cmc","21":"pa_modeltyp-alles-zum-oeffnen","22":"pa_modeltyp-fertigmodell","23":"pa_verfuegbarkeit-sofort-verfuegbar","24":"pa_zustand_modell-1-brandneu","25":"pa_zustand_verpackung-1-brandneu","27":"first","28":"instock","29":"sale","30":"purchasable","31":"product-type-simple"},"jetpack_sharing_enabled":true,"_links":{"self":[{"href":"https:\/\/www.modelcars24.de\/fr\/wp-json\/wp\/v2\/product\/14216","targetHints":{"allow":["GET"]}}],"collection":[{"href":"https:\/\/www.modelcars24.de\/fr\/wp-json\/wp\/v2\/product"}],"about":[{"href":"https:\/\/www.modelcars24.de\/fr\/wp-json\/wp\/v2\/types\/product"}],"replies":[{"embeddable":true,"href":"https:\/\/www.modelcars24.de\/fr\/wp-json\/wp\/v2\/comments?post=14216"}],"version-history":[{"count":0,"href":"https:\/\/www.modelcars24.de\/fr\/wp-json\/wp\/v2\/product\/14216\/revisions"}],"wp:featuredmedia":[{"embeddable":true,"href":"https:\/\/www.modelcars24.de\/fr\/wp-json\/wp\/v2\/media\/45921"}],"wp:attachment":[{"href":"https:\/\/www.modelcars24.de\/fr\/wp-json\/wp\/v2\/media?parent=14216"}],"wp:term":[{"taxonomy":"product_brand","embeddable":true,"href":"https:\/\/www.modelcars24.de\/fr\/wp-json\/wp\/v2\/product_brand?post=14216"},{"taxonomy":"product_cat","embeddable":true,"href":"https:\/\/www.modelcars24.de\/fr\/wp-json\/wp\/v2\/product_cat?post=14216"},{"taxonomy":"product_tag","embeddable":true,"href":"https:\/\/www.modelcars24.de\/fr\/wp-json\/wp\/v2\/product_tag?post=14216"}],"curies":[{"name":"wp","href":"https:\/\/api.w.org\/{rel}","templated":true}]}}