{"id":14900,"date":"2025-02-19T13:10:00","date_gmt":"2025-02-19T12:10:00","guid":{"rendered":"http:\/\/www.mondo-legno.com\/?post_type=product&#038;p=14900"},"modified":"2026-03-22T10:12:34","modified_gmt":"2026-03-22T09:12:34","slug":"cmc-porsche-904-carrera-gts-winner-targa","status":"publish","type":"product","link":"https:\/\/www.modelcars24.de\/fr\/cmc-porsche-904-carrera-gts-winner-targa\/","title":{"rendered":"CMC Porsche 904 Carrera GTS winner Targa Florio 1964,Pucci\/ Davis, #86 M-230 - 1\/18"},"content":{"rendered":"<p>CMC Porsche 904 Carrera GTS winner Targa Florio 1964,Pucci\/ Davis, #86. Mod\u00e8le de collection de haute qualit\u00e9 \u00e0 l'\u00e9chelle 1:18.<\/p>\n<p>La production en s\u00e9rie de la 904 a commenc\u00e9 en janvier 1964. Les premi\u00e8res 904 ont \u00e9t\u00e9 produites pour l'\u00e9quipe de course de l'usine Porsche et \u00e9taient destin\u00e9es \u00e0 participer \u00e0 des courses comme la Targa Florio le<br \/>\nLa course \u00e9tait pr\u00e9vue pour les 25 et 26 avril 1964. La victoire la plus remarquable a eu lieu en 1964 \u00e0 la Targa Florio, o\u00f9 Antonio Pucci\/Colin Davis ont remport\u00e9 la victoire finale avec la voiture 904-005, suivis par Gianni Balzarini\/Herbert Linge \u00e0 la deuxi\u00e8me place avec la voiture 904-006. Les petites Porsche de 2 litres ont ainsi battu toutes les Ferrari GTO et les Shelby Cobra Roadster plus puissantes, conduites par des pilotes de classe mondiale comme Phil Hill, Dan Gurney et Bob Bondurant. Ce fut une grande victoire pour l'\u00e9quipe Porsche en 1964.<br \/>\nEnsuite, le 17 mai, la 904-005 a termin\u00e9 5\u00e8me au classement g\u00e9n\u00e9ral des 500 km de Spa avec Edgar Barth au volant. Apr\u00e8s un abandon lors des 1 000 km du N\u00fcrburgring le 31 mai, la 904-005 a re\u00e7u un package de mise \u00e0 niveau pour la saison de course 1965, y compris des \u201eoreilles d'\u00e9l\u00e9phant\u201c plus grandes, les prises d'air arri\u00e8re.<br \/>\nEn 1965, la 904-005 a obtenu les r\u00e9sultats suivants : 5e place aux 12 heures de Sebring le 27 mars, 5e place \u00e0 la Targa Florio le 9 mai, 4e place \u00e0 la course de c\u00f4te du Mont Ventoux.<br \/>\nle 6 juin, 2e place \u00e0 la course de c\u00f4te de Rossfeld le 12 juin, 4e place \u00e0 la course de c\u00f4te de Sesana-Sestri\u00e8res le 25 juillet, 6e place \u00e0 la course de c\u00f4te de Fribourg le 8 ao\u00fbt et 4e place \u00e0 la course de c\u00f4te d'Aarau le 18 ao\u00fbt.<br \/>\nCourse de c\u00f4te \u00e0 Ollon-Villars le 29 ao\u00fbt. La voiture a remport\u00e9 de nombreuses victoires de classe et a particip\u00e9 \u00e0 toutes les courses du championnat des constructeurs de 1964 \u00e0 1966.<br \/>\nEn 1966, Porsche s'est associ\u00e9 \u00e0 Joe Buzzetta et Gerhard Mitter \u00e0 Daytona. Le duo s'est class\u00e9 7e et 1er dans la cat\u00e9gorie des prototypes 2,0 litres avec cette voiture.<br \/>\nApr\u00e8s avoir vendu la voiture aux \u00c9tats-Unis d\u00e9but 1966, Porsche a chang\u00e9 plusieurs fois de propri\u00e9taire jusqu'\u00e0 ce que Joe Buzzetta l'ach\u00e8te en 1996, 30 ans apr\u00e8s l'avoir conduite \u00e0 Daytona.<br \/>\navait. De temps en temps, il prend le d\u00e9part de courses de voitures anciennes avec une Porsche de sa collection, et parfois avec la 904-005.<br \/>\nNum\u00e9ro d'article : M-230<\/p>\n<p>2nouvelle<\/p>","protected":false},"excerpt":{"rendered":"<p>M-230 &#8211; 2-neuwertig &#8211; 495,00 \u20ac<\/p>","protected":false},"featured_media":53070,"comment_status":"open","ping_status":"closed","template":"","meta":{"_acf_changed":false},"product_brand":[537],"product_cat":[18,56,21],"product_tag":[78,46,265,263],"class_list":{"0":"post-14900","1":"product","2":"type-product","3":"status-publish","4":"has-post-thumbnail","6":"product_brand-cmc","7":"product_cat-cmc","8":"product_cat-porsche","9":"product_cat-verfuegbar","10":"product_tag-angebot","11":"product_tag-cmc","12":"product_tag-porsche","13":"product_tag-vorbestellbar","14":"pa_automarke-porsche","15":"pa_decade-1960s","16":"pa_fahrzeugtyp-gt-rennen","17":"pa_limitiert-nein","18":"pa_massstab-1-18","19":"pa_modelmarke-cmc","20":"pa_modeltyp-alles-zum-oeffnen","21":"pa_modeltyp-fertigmodell","22":"pa_status-beim-hersteller-verfuegbar","23":"pa_verfuegbarkeit-sofort-verfuegbar","24":"pa_zustand_modell-1-brandneu","25":"pa_zustand_verpackung-1-brandneu","27":"first","28":"outofstock","29":"purchasable","30":"product-type-simple"},"acf":[],"jetpack_sharing_enabled":true,"_links":{"self":[{"href":"https:\/\/www.modelcars24.de\/fr\/wp-json\/wp\/v2\/product\/14900","targetHints":{"allow":["GET"]}}],"collection":[{"href":"https:\/\/www.modelcars24.de\/fr\/wp-json\/wp\/v2\/product"}],"about":[{"href":"https:\/\/www.modelcars24.de\/fr\/wp-json\/wp\/v2\/types\/product"}],"replies":[{"embeddable":true,"href":"https:\/\/www.modelcars24.de\/fr\/wp-json\/wp\/v2\/comments?post=14900"}],"version-history":[{"count":8,"href":"https:\/\/www.modelcars24.de\/fr\/wp-json\/wp\/v2\/product\/14900\/revisions"}],"predecessor-version":[{"id":59571,"href":"https:\/\/www.modelcars24.de\/fr\/wp-json\/wp\/v2\/product\/14900\/revisions\/59571"}],"wp:featuredmedia":[{"embeddable":true,"href":"https:\/\/www.modelcars24.de\/fr\/wp-json\/wp\/v2\/media\/53070"}],"wp:attachment":[{"href":"https:\/\/www.modelcars24.de\/fr\/wp-json\/wp\/v2\/media?parent=14900"}],"wp:term":[{"taxonomy":"product_brand","embeddable":true,"href":"https:\/\/www.modelcars24.de\/fr\/wp-json\/wp\/v2\/product_brand?post=14900"},{"taxonomy":"product_cat","embeddable":true,"href":"https:\/\/www.modelcars24.de\/fr\/wp-json\/wp\/v2\/product_cat?post=14900"},{"taxonomy":"product_tag","embeddable":true,"href":"https:\/\/www.modelcars24.de\/fr\/wp-json\/wp\/v2\/product_tag?post=14900"}],"curies":[{"name":"wp","href":"https:\/\/api.w.org\/{rel}","templated":true}]}}