{"id":15042,"date":"2023-11-29T11:42:44","date_gmt":"2023-11-29T10:42:44","guid":{"rendered":"http:\/\/www.mondo-legno.com\/?post_type=product&#038;p=15042"},"modified":"2025-12-10T13:29:25","modified_gmt":"2025-12-10T12:29:25","slug":"martisan-ferrari-250-gto-chassis-metallise","status":"publish","type":"product","link":"https:\/\/www.modelcars24.de\/fr\/martisan-ferrari-250-gto-chassis-metallisiert\/","title":{"rendered":"Ch\u00e2ssis Martisan 250 GTO m\u00e9tallis\u00e9 - 1\/18"},"content":{"rendered":"<h3 class=\"product_title entry-title\">Ch\u00e2ssis Martisan 250 GTO - m\u00e9tallis\u00e9<\/h3>\n<div class=\"woocommerce-product-details__short-description\">\n<p>Le ch\u00e2ssis Martisan 250 GTO est un mod\u00e8le tr\u00e8s d\u00e9taill\u00e9 \u00e0 l'\u00e9chelle 1:18. Martisan accorde une grande importance aux fonctions. Ainsi, le moteur dispose d'un vilebrequin avec bielle et piston. Celui-ci est reli\u00e9 par adh\u00e9rence \u00e0 la bo\u00eete de vitesses jusqu'aux roues. Les roues arri\u00e8re entra\u00eenent le moteur par l'interm\u00e9diaire des roues dent\u00e9es du diff\u00e9rentiel et de la bo\u00eete de vitesses. Si l'on pousse le mod\u00e8le, les pistons se d\u00e9placent de haut en bas. La p\u00e9dale, le levier de vitesse, le volant et le bouchon du r\u00e9servoir sont tous mobiles. La suspension fonctionne \u00e9galement de mani\u00e8re r\u00e9aliste. M\u00eame le pot d'\u00e9chappement est suspendu de mani\u00e8re oscillante.<\/p>\n<p>Martisan utilise des mat\u00e9riaux de haute qualit\u00e9 pour le mod\u00e8le. La plupart des pi\u00e8ces sont fabriqu\u00e9es en m\u00e9tal. Sur notre blog, vous trouverez une vid\u00e9o et d'autres informations sur le mod\u00e8le. Vous pouvez acc\u00e9der au blog en cliquant sur <a href=\"https:\/\/www.modelcars24.de\/fr\/martisan-ferrari-250-chassis\/\">cliquez ici<\/a>.<\/p>\n<p>- Moteur semi-ouvert avec vilebrequin et piston fonctionnels (les pi\u00e8ces manquantes du moteur sont jointes en \u201ekit\u201c)<br \/>\n- Direction fonctionnelle, r\u00e9plique de la voiture originale<br \/>\n- R\u00e9servoirs de carburant en m\u00e9tal avec structure interne et externe originale<br \/>\n- Couvercle du r\u00e9servoir de carburant ouvrable<br \/>\n- Les pneus en caoutchouc simulent un pneu rempli d'air<br \/>\n- Amortisseurs r\u00e9alistes<br \/>\n- Les disques de frein reproduisent la couleur et les d\u00e9tails de l'original<br \/>\n- Les moyeux de roue sont fabriqu\u00e9s \u00e0 la main avec des rayons de 0,3 mm<br \/>\n- Tous les accessoires du moteur sont soigneusement reproduits<br \/>\n- La poulie et la courroie de l'alternateur sont parfaitement fonctionnelles.<\/p>\n<p>&nbsp;<\/p>\n<p>&nbsp;<\/p>\n<\/div>\n<p>&nbsp;<br \/>Mod\u00e8le : Martisan 2<\/p>","protected":false},"excerpt":{"rendered":"<p>Martisan2 &#8211; 1-brandneu &#8211; 1585,00 \u20ac inkl. 19% Vat<\/p>","protected":false},"featured_media":15043,"comment_status":"open","ping_status":"closed","template":"","meta":{"_acf_changed":false},"product_brand":[877],"product_cat":[63,385,20,21],"product_tag":[],"class_list":{"0":"post-15042","1":"product","2":"type-product","3":"status-publish","4":"has-post-thumbnail","6":"product_brand-martisan","7":"product_cat-ferrari","8":"product_cat-martisan","9":"product_cat-titel","10":"product_cat-verfuegbar","11":"pa_automarke-ferrari","12":"pa_decade-1960s","13":"pa_fahrzeugtyp-coupe","14":"pa_farbe-silber","15":"pa_limitiert-ja","16":"pa_massstab-1-18","17":"pa_modelmarke-martisan","18":"pa_modeltyp-fertigmodell","19":"pa_status-beim-hersteller-verfuegbar","20":"pa_verfuegbarkeit-vorbestellbar","21":"pa_zustand_modell-1-brandneu","22":"pa_zustand_verpackung-1-brandneu","24":"first","25":"instock","26":"taxable","27":"shipping-taxable","28":"purchasable","29":"product-type-simple"},"acf":[],"jetpack_sharing_enabled":true,"_links":{"self":[{"href":"https:\/\/www.modelcars24.de\/fr\/wp-json\/wp\/v2\/product\/15042","targetHints":{"allow":["GET"]}}],"collection":[{"href":"https:\/\/www.modelcars24.de\/fr\/wp-json\/wp\/v2\/product"}],"about":[{"href":"https:\/\/www.modelcars24.de\/fr\/wp-json\/wp\/v2\/types\/product"}],"replies":[{"embeddable":true,"href":"https:\/\/www.modelcars24.de\/fr\/wp-json\/wp\/v2\/comments?post=15042"}],"version-history":[{"count":2,"href":"https:\/\/www.modelcars24.de\/fr\/wp-json\/wp\/v2\/product\/15042\/revisions"}],"predecessor-version":[{"id":57963,"href":"https:\/\/www.modelcars24.de\/fr\/wp-json\/wp\/v2\/product\/15042\/revisions\/57963"}],"wp:featuredmedia":[{"embeddable":true,"href":"https:\/\/www.modelcars24.de\/fr\/wp-json\/wp\/v2\/media\/15043"}],"wp:attachment":[{"href":"https:\/\/www.modelcars24.de\/fr\/wp-json\/wp\/v2\/media?parent=15042"}],"wp:term":[{"taxonomy":"product_brand","embeddable":true,"href":"https:\/\/www.modelcars24.de\/fr\/wp-json\/wp\/v2\/product_brand?post=15042"},{"taxonomy":"product_cat","embeddable":true,"href":"https:\/\/www.modelcars24.de\/fr\/wp-json\/wp\/v2\/product_cat?post=15042"},{"taxonomy":"product_tag","embeddable":true,"href":"https:\/\/www.modelcars24.de\/fr\/wp-json\/wp\/v2\/product_tag?post=15042"}],"curies":[{"name":"wp","href":"https:\/\/api.w.org\/{rel}","templated":true}]}}