{"id":15068,"date":"2023-11-29T12:04:56","date_gmt":"2023-11-29T11:04:56","guid":{"rendered":"http:\/\/www.mondo-legno.com\/?post_type=product&#038;p=15068"},"modified":"2025-12-10T13:29:27","modified_gmt":"2025-12-10T12:29:27","slug":"martisan-ferrari-250-gto-moteur-metallise","status":"publish","type":"product","link":"https:\/\/www.modelcars24.de\/fr\/martisan-ferrari-250-gto-motor-metallisiert\/","title":{"rendered":"Moteur Martisan 250 GTO m\u00e9tallis\u00e9 - 1\/18"},"content":{"rendered":"<h3 class=\"product_title entry-title\">Moteur Martisan 250 GTO m\u00e9tallis\u00e9<\/h3>\n<div class=\"woocommerce-product-details__short-description\">\n<p>La Martisan 250 GTO CMotor est un mod\u00e8le tr\u00e8s d\u00e9taill\u00e9 \u00e0 l'\u00e9chelle 1:18. Martisan attache une grande importance aux fonctions. Ainsi, le moteur dispose d'un vilebrequin avec bielle et piston. Celui-ci est reli\u00e9 par adh\u00e9rence \u00e0 la bo\u00eete de vitesses. Si l'on tourne l'arbre \u00e0 cardan, les pistons se d\u00e9placent. Le moteur est livr\u00e9 avec une vitrine.<\/p>\n<p>Martisan utilise des mat\u00e9riaux de haute qualit\u00e9 pour le mod\u00e8le. La plupart des pi\u00e8ces sont fabriqu\u00e9es en m\u00e9tal. Sur notre blog, vous trouverez une vid\u00e9o et d'autres informations sur le mod\u00e8le. Vous pouvez acc\u00e9der au blog en cliquant sur <a href=\"https:\/\/www.modelcars24.de\/fr\/martisan-ferrari-250-chassis\/\">cliquez ici<\/a>.<\/p>\n<ul>\n<li>Conception de moteur semi-ouvert avec vilebrequin et piston fonctionnels<\/li>\n<li>les pi\u00e8ces manquantes du moteur sont jointes en \u201ekit\u201c)<\/li>\n<li>La poulie et la courroie de l'alternateur sont reproduites<\/li>\n<li>avec vitrine<\/li>\n<\/ul>\n<p>&nbsp;<\/p>\n<p>&nbsp;<\/p>\n<\/div>\n<p>&nbsp;<br \/>Mod\u00e8le : Martisan 4<\/p>","protected":false},"excerpt":{"rendered":"<p>Le moteur Martisan 250 GTO est d\u00e9sormais disponible sur www.modelcars24.de<\/p>","protected":false},"featured_media":15069,"comment_status":"open","ping_status":"closed","template":"","meta":{"_acf_changed":false},"product_brand":[877],"product_cat":[63,385,20,21],"product_tag":[],"class_list":{"0":"post-15068","1":"product","2":"type-product","3":"status-publish","4":"has-post-thumbnail","6":"product_brand-martisan","7":"product_cat-ferrari","8":"product_cat-martisan","9":"product_cat-titel","10":"product_cat-verfuegbar","11":"pa_automarke-ferrari","12":"pa_decade-1960s","13":"pa_fahrzeugtyp-coupe","14":"pa_farbe-silber","15":"pa_limitiert-nein","16":"pa_massstab-1-18","17":"pa_modelmarke-martisan","18":"pa_modeltyp-fertigmodell","19":"pa_status-beim-hersteller-verfuegbar","20":"pa_verfuegbarkeit-vorbestellbar","21":"pa_zustand_modell-1-brandneu","22":"pa_zustand_verpackung-1-brandneu","24":"first","25":"instock","26":"taxable","27":"shipping-taxable","28":"purchasable","29":"product-type-simple"},"acf":[],"jetpack_sharing_enabled":true,"_links":{"self":[{"href":"https:\/\/www.modelcars24.de\/fr\/wp-json\/wp\/v2\/product\/15068","targetHints":{"allow":["GET"]}}],"collection":[{"href":"https:\/\/www.modelcars24.de\/fr\/wp-json\/wp\/v2\/product"}],"about":[{"href":"https:\/\/www.modelcars24.de\/fr\/wp-json\/wp\/v2\/types\/product"}],"replies":[{"embeddable":true,"href":"https:\/\/www.modelcars24.de\/fr\/wp-json\/wp\/v2\/comments?post=15068"}],"version-history":[{"count":2,"href":"https:\/\/www.modelcars24.de\/fr\/wp-json\/wp\/v2\/product\/15068\/revisions"}],"predecessor-version":[{"id":57965,"href":"https:\/\/www.modelcars24.de\/fr\/wp-json\/wp\/v2\/product\/15068\/revisions\/57965"}],"wp:featuredmedia":[{"embeddable":true,"href":"https:\/\/www.modelcars24.de\/fr\/wp-json\/wp\/v2\/media\/15069"}],"wp:attachment":[{"href":"https:\/\/www.modelcars24.de\/fr\/wp-json\/wp\/v2\/media?parent=15068"}],"wp:term":[{"taxonomy":"product_brand","embeddable":true,"href":"https:\/\/www.modelcars24.de\/fr\/wp-json\/wp\/v2\/product_brand?post=15068"},{"taxonomy":"product_cat","embeddable":true,"href":"https:\/\/www.modelcars24.de\/fr\/wp-json\/wp\/v2\/product_cat?post=15068"},{"taxonomy":"product_tag","embeddable":true,"href":"https:\/\/www.modelcars24.de\/fr\/wp-json\/wp\/v2\/product_tag?post=15068"}],"curies":[{"name":"wp","href":"https:\/\/api.w.org\/{rel}","templated":true}]}}