{"id":15418,"date":"2023-12-15T13:09:14","date_gmt":"2023-12-15T12:09:14","guid":{"rendered":"https:\/\/www.modelcars24.de\/?post_type=product&#038;p=15418"},"modified":"2025-12-12T11:38:35","modified_gmt":"2025-12-12T10:38:35","slug":"ferrari-275-gtb-c-98-weathered-by-klaus-exner","status":"publish","type":"product","link":"https:\/\/www.modelcars24.de\/fr\/ferrari-275-gtb-c-98-weathered-by-klaus-exner\/","title":{"rendered":"CMC Ferrari 275 GTB\/C, 24h France 1966, Biscaldi\/de Bourbon-Parme, #26, one of one weathered by Klaus Exner - 1\/18"},"content":{"rendered":"<h3>CMC Ferrari 275 GTB\/C, 24h France 1966, Biscaldi\/de Bourbon-Parme, #26, une de celles qui ont \u00e9t\u00e9 expos\u00e9es aux intemp\u00e9ries par Klaus Exner<\/h3>\n<p>L'art du vieillissement : la Ferrari 275 GTB de Klaus Exner<br \/>\nKlaus Exner est connu dans le milieu du mod\u00e9lisme bien au-del\u00e0 des fronti\u00e8res pour sa capacit\u00e9 exceptionnelle \u00e0 \u201evieillir\u201c ses mod\u00e8les de mani\u00e8re magistrale. Ses \u0153uvres capturent parfaitement non seulement la forme, mais aussi la patine et les traces d'usure du mod\u00e8le r\u00e9el. Chaque pi\u00e8ce raconte une histoire d'utilisation intensive et de courses pass\u00e9es.<\/p>\n<p>Cette pi\u00e8ce sp\u00e9ciale est une impressionnante Ferrari 275 GTB qu'Exner a con\u00e7ue dans le style unique d'une voiture de course hors d'usage - comme si elle venait de franchir la ligne d'arriv\u00e9e. Le traitement d\u00e9taill\u00e9 comprend de la salet\u00e9 r\u00e9aliste, des taches d'huile, de l'abrasion sur les bords et les conditions m\u00e9t\u00e9orologiques typiques d'un coureur d'endurance apr\u00e8s une course \u00e9reintante. Exner simule ainsi de mani\u00e8re artistique la sollicitation intensive et les traces qu'un tel v\u00e9hicule a subies lors d'une comp\u00e9tition acharn\u00e9e.<\/p>\n<p>Le mod\u00e8le, qui a \u00e9t\u00e9 vieilli dans les moindres d\u00e9tails, est remis \u00e0 l'acheteur dans sa bo\u00eete d'origine afin de garantir sa valeur de collection et sa protection. Il convient toutefois de noter que le diorama illustr\u00e9 ou \u00e9ventuellement montr\u00e9 lors d'une pr\u00e9sentation (comme par exemple une sc\u00e8ne de circuit automobile ou une voie des stands) ne fait express\u00e9ment pas partie du contenu de la livraison. Seul le v\u00e9hicule miniature lui-m\u00eame, magistralement affin\u00e9, est achet\u00e9.<\/p>\n<p>Klaus Exner est connu pour ses mod\u00e8les vieillis. Il a travaill\u00e9 cette Ferrari 275 GTB dans le style d'une voiture de course apr\u00e8s la fin de la course. Le mod\u00e8le est livr\u00e9 dans sa bo\u00eete d'origine. Le diorama ne fait pas partie de la livraison.<\/p>\n<p>Num\u00e9ro d'article : M-199-EX<\/p>","protected":false},"excerpt":{"rendered":"<p>1:18 &#8211; M-199-EX &#8211; 2-neuwertig &#8211; 895,00 \u20ac<\/p>","protected":false},"featured_media":57263,"comment_status":"open","ping_status":"closed","template":"","meta":{"_acf_changed":false},"product_brand":[537],"product_cat":[18,63,45,20,21],"product_tag":[731],"class_list":{"0":"post-15418","1":"product","2":"type-product","3":"status-publish","4":"has-post-thumbnail","6":"product_brand-cmc","7":"product_cat-cmc","8":"product_cat-ferrari","9":"product_cat-neuzugang","10":"product_cat-titel","11":"product_cat-verfuegbar","12":"product_tag-ferrari-275-gtb-c","13":"pa_automarke-ferrari","14":"pa_decade-1960s","15":"pa_fahrzeugtyp-coupe","16":"pa_farbe-silber","17":"pa_limitiert-ja","18":"pa_massstab-1-18","19":"pa_modelmarke-cmc","20":"pa_modeltyp-alles-zum-oeffnen","21":"pa_modeltyp-fertigmodell","22":"pa_status-beim-hersteller-ausverkauft","23":"pa_verfuegbarkeit-sofort-verfuegbar","24":"pa_zustand_modell-1-brandneu","25":"pa_zustand_verpackung-1-brandneu","27":"first","28":"instock","29":"purchasable","30":"product-type-simple"},"acf":[],"jetpack_sharing_enabled":true,"_links":{"self":[{"href":"https:\/\/www.modelcars24.de\/fr\/wp-json\/wp\/v2\/product\/15418","targetHints":{"allow":["GET"]}}],"collection":[{"href":"https:\/\/www.modelcars24.de\/fr\/wp-json\/wp\/v2\/product"}],"about":[{"href":"https:\/\/www.modelcars24.de\/fr\/wp-json\/wp\/v2\/types\/product"}],"replies":[{"embeddable":true,"href":"https:\/\/www.modelcars24.de\/fr\/wp-json\/wp\/v2\/comments?post=15418"}],"version-history":[{"count":6,"href":"https:\/\/www.modelcars24.de\/fr\/wp-json\/wp\/v2\/product\/15418\/revisions"}],"predecessor-version":[{"id":57970,"href":"https:\/\/www.modelcars24.de\/fr\/wp-json\/wp\/v2\/product\/15418\/revisions\/57970"}],"wp:featuredmedia":[{"embeddable":true,"href":"https:\/\/www.modelcars24.de\/fr\/wp-json\/wp\/v2\/media\/57263"}],"wp:attachment":[{"href":"https:\/\/www.modelcars24.de\/fr\/wp-json\/wp\/v2\/media?parent=15418"}],"wp:term":[{"taxonomy":"product_brand","embeddable":true,"href":"https:\/\/www.modelcars24.de\/fr\/wp-json\/wp\/v2\/product_brand?post=15418"},{"taxonomy":"product_cat","embeddable":true,"href":"https:\/\/www.modelcars24.de\/fr\/wp-json\/wp\/v2\/product_cat?post=15418"},{"taxonomy":"product_tag","embeddable":true,"href":"https:\/\/www.modelcars24.de\/fr\/wp-json\/wp\/v2\/product_tag?post=15418"}],"curies":[{"name":"wp","href":"https:\/\/api.w.org\/{rel}","templated":true}]}}