{"id":15560,"date":"2025-04-24T12:34:45","date_gmt":"2025-04-24T10:34:45","guid":{"rendered":"https:\/\/www.modelcars24.de\/?post_type=product&#038;p=15560"},"modified":"2025-12-10T13:29:33","modified_gmt":"2025-12-10T12:29:33","slug":"bbr-pagani-huayra-r-matt-black-carbon-and-matt-black","status":"publish","type":"product","link":"https:\/\/www.modelcars24.de\/fr\/bbr-pagani-huayra-r-matt-black-carbon-and-matt-black\/","title":{"rendered":"BBR Pagani Huayra R Matt Black Carbon And Matt Black - 1\/18"},"content":{"rendered":"<p>BBR Pagani Huayra R Matt Black Carbon And Matt Black. Mod\u00e8le de collection de haute qualit\u00e9 \u00e0 l'\u00e9chelle 1:18. Sans capot acrylique.<br \/>\nNum\u00e9ro d'article : P18218D<\/p>","protected":false},"excerpt":{"rendered":"<p>P18218D &#8211; 1-brandneu &#8211; anstatt 425,00 \u20ac jetzt 385,00 inkl. 19% Vat<\/p>","protected":false},"featured_media":49719,"comment_status":"open","ping_status":"closed","template":"","meta":{"_acf_changed":false},"product_brand":[851],"product_cat":[16],"product_tag":[],"class_list":{"0":"post-15560","1":"product","2":"type-product","3":"status-publish","4":"has-post-thumbnail","6":"product_brand-bbr","7":"product_cat-unkategorisiert","8":"pa_automarke-pagani","9":"pa_decade-2020s","10":"pa_fahrzeugtyp-coupe","11":"pa_massstab-1-18","12":"pa_modelmarke-bbr","13":"pa_zustand_modell-1-brandneu","14":"pa_zustand_verpackung-1-brandneu","16":"first","17":"outofstock","18":"sale","19":"taxable","20":"shipping-taxable","21":"purchasable","22":"product-type-simple"},"acf":[],"jetpack_sharing_enabled":true,"_links":{"self":[{"href":"https:\/\/www.modelcars24.de\/fr\/wp-json\/wp\/v2\/product\/15560","targetHints":{"allow":["GET"]}}],"collection":[{"href":"https:\/\/www.modelcars24.de\/fr\/wp-json\/wp\/v2\/product"}],"about":[{"href":"https:\/\/www.modelcars24.de\/fr\/wp-json\/wp\/v2\/types\/product"}],"replies":[{"embeddable":true,"href":"https:\/\/www.modelcars24.de\/fr\/wp-json\/wp\/v2\/comments?post=15560"}],"version-history":[{"count":7,"href":"https:\/\/www.modelcars24.de\/fr\/wp-json\/wp\/v2\/product\/15560\/revisions"}],"predecessor-version":[{"id":57980,"href":"https:\/\/www.modelcars24.de\/fr\/wp-json\/wp\/v2\/product\/15560\/revisions\/57980"}],"wp:featuredmedia":[{"embeddable":true,"href":"https:\/\/www.modelcars24.de\/fr\/wp-json\/wp\/v2\/media\/49719"}],"wp:attachment":[{"href":"https:\/\/www.modelcars24.de\/fr\/wp-json\/wp\/v2\/media?parent=15560"}],"wp:term":[{"taxonomy":"product_brand","embeddable":true,"href":"https:\/\/www.modelcars24.de\/fr\/wp-json\/wp\/v2\/product_brand?post=15560"},{"taxonomy":"product_cat","embeddable":true,"href":"https:\/\/www.modelcars24.de\/fr\/wp-json\/wp\/v2\/product_cat?post=15560"},{"taxonomy":"product_tag","embeddable":true,"href":"https:\/\/www.modelcars24.de\/fr\/wp-json\/wp\/v2\/product_tag?post=15560"}],"curies":[{"name":"wp","href":"https:\/\/api.w.org\/{rel}","templated":true}]}}