{"id":16448,"date":"2024-12-24T16:19:42","date_gmt":"2024-12-24T15:19:42","guid":{"rendered":"http:\/\/www.mondo-legno.com\/?post_type=product&#038;p=16448"},"modified":"2026-01-14T16:17:23","modified_gmt":"2026-01-14T15:17:23","slug":"legrand-mercedes-benz-300-slr-uhlenhaut-coupe-1-8-modele-fini","status":"publish","type":"product","link":"https:\/\/www.modelcars24.de\/fr\/legrand-mercedes-benz-300-slr-uhlenhaut-coupe-1-8-fertigmodell\/","title":{"rendered":"Legrand Mercedes-Benz 300 SLR Uhlenhaut Coup\u00e9 1\/8 mod\u00e8le fini - 1\/8"},"content":{"rendered":"<p>Mercedes-Benz 300 SLR Uhlenhaut Coup\u00e9 1\/8 mod\u00e8le fini. Mod\u00e8le de collection de haute qualit\u00e9 \u00e0 l'\u00e9chelle 1:8. Diecast, tout ouvert. Disponible \u00e9galement dans d'autres couleurs, ou comme mod\u00e8le tailor made, comme la voiture de vos r\u00eaves.<\/p>\n<p>Nous construisons des mod\u00e8les Mercedes 300 SLR \u00e0 l'\u00e9chelle 1:8 en fonction du v\u00e9hicule que vous souhaitez. Une multitude d'\u00e9quipements peuvent \u00eatre r\u00e9alis\u00e9s. Outre la peinture, la finition des jantes, les packs d'\u00e9quipement ou les phares. \u00c0 l'int\u00e9rieur, cela continue avec la couleur de l'\u00e9quipement int\u00e9rieur, les tableaux de bord. Bien entendu, il existe aussi une plaque d'immatriculation personnalis\u00e9e. Le d\u00e9lai de livraison pour un mod\u00e8le personnalis\u00e9 est d'environ deux mois. N'h\u00e9sitez pas \u00e0 me contacter \u00e0 l'adresse klaus.jeschke@modelcars24.de pour configurer votre Mercedes.<\/p>\n<p>- plus de 900 pi\u00e8ces<br \/>\n- Dimensions L x l x H mm : 540 x 200 x 150<br \/>\n- poids : environ 7 kg<br \/>\n- Carrosserie en m\u00e9tal<br \/>\n- Remarque concernant la licence : Mercedes-Benz et le design du produit joint sont soumis \u00e0 la propri\u00e9t\u00e9 intellectuelle de Daimler AG. Ils sont utilis\u00e9s par LEMKE Collection GmbH sous licence.<\/p>\n<p>Num\u00e9ro d'article : LE102-1<\/p>","protected":false},"excerpt":{"rendered":"<p>LEGRAND Mercedes-Benz 300 SLR Uhlenhaut Coup\u00e9 scale 1:08 available at www.modelcars24.de<\/p>","protected":false},"featured_media":16449,"comment_status":"open","ping_status":"closed","template":"","meta":[],"product_brand":[537],"product_cat":[426,392,19,20,21],"product_tag":[393,265,394],"class_list":{"0":"post-16448","1":"product","2":"type-product","3":"status-publish","4":"has-post-thumbnail","6":"product_brand-cmc","7":"product_cat-funding","8":"product_cat-legrand","9":"product_cat-mercedes-benz","10":"product_cat-titel","11":"product_cat-verfuegbar","12":"product_tag-gt-spirit","13":"product_tag-porsche","14":"product_tag-sofort-verfuegbar","15":"product_shipping_class-sperrgut","16":"pa_automarke-mercedes","17":"pa_decade-1950s","18":"pa_fahrzeugtyp-coupe","19":"pa_farbe-silber","20":"pa_limitiert-ja","21":"pa_massstab-1-8","22":"pa_modelmarke-legrand","23":"pa_modeltyp-alles-zum-oeffnen","24":"pa_modeltyp-fertigmodell","25":"pa_status-beim-hersteller-verfuegbar","26":"pa_verfuegbarkeit-vorbestellbar","27":"pa_zustand_modell-1-brandneu","28":"pa_zustand_verpackung-1-brandneu","30":"first","31":"instock","32":"taxable","33":"shipping-taxable","34":"purchasable","35":"product-type-simple"},"jetpack_sharing_enabled":true,"_links":{"self":[{"href":"https:\/\/www.modelcars24.de\/fr\/wp-json\/wp\/v2\/product\/16448","targetHints":{"allow":["GET"]}}],"collection":[{"href":"https:\/\/www.modelcars24.de\/fr\/wp-json\/wp\/v2\/product"}],"about":[{"href":"https:\/\/www.modelcars24.de\/fr\/wp-json\/wp\/v2\/types\/product"}],"replies":[{"embeddable":true,"href":"https:\/\/www.modelcars24.de\/fr\/wp-json\/wp\/v2\/comments?post=16448"}],"version-history":[{"count":3,"href":"https:\/\/www.modelcars24.de\/fr\/wp-json\/wp\/v2\/product\/16448\/revisions"}],"predecessor-version":[{"id":58001,"href":"https:\/\/www.modelcars24.de\/fr\/wp-json\/wp\/v2\/product\/16448\/revisions\/58001"}],"wp:featuredmedia":[{"embeddable":true,"href":"https:\/\/www.modelcars24.de\/fr\/wp-json\/wp\/v2\/media\/16449"}],"wp:attachment":[{"href":"https:\/\/www.modelcars24.de\/fr\/wp-json\/wp\/v2\/media?parent=16448"}],"wp:term":[{"taxonomy":"product_brand","embeddable":true,"href":"https:\/\/www.modelcars24.de\/fr\/wp-json\/wp\/v2\/product_brand?post=16448"},{"taxonomy":"product_cat","embeddable":true,"href":"https:\/\/www.modelcars24.de\/fr\/wp-json\/wp\/v2\/product_cat?post=16448"},{"taxonomy":"product_tag","embeddable":true,"href":"https:\/\/www.modelcars24.de\/fr\/wp-json\/wp\/v2\/product_tag?post=16448"}],"curies":[{"name":"wp","href":"https:\/\/api.w.org\/{rel}","templated":true}]}}