{"id":16504,"date":"2025-08-01T00:00:00","date_gmt":"2025-07-31T22:00:00","guid":{"rendered":"http:\/\/www.mondo-legno.com\/?post_type=product&#038;p=16504"},"modified":"2025-12-20T15:17:34","modified_gmt":"2025-12-20T14:17:34","slug":"cmc-cmc-ferrari-250-lm-reims-12h-1964","status":"publish","type":"product","link":"https:\/\/www.modelcars24.de\/fr\/cmc-cmc-ferrari-250-lm-reims-12h-1964\/","title":{"rendered":"CMC Ferrari 250 LM, Reims 12h 1964, #8, Chassis 5909, Surtees\/Bandini, RHD - 1\/18"},"content":{"rendered":"<p>CMC Ferrari 250 LM, Reims 12h 1964, #8, ch\u00e2ssis 5909, Surtees\/Bandini, RHD. Mod\u00e8le de collection de haute qualit\u00e9 \u00e0 l'\u00e9chelle 1:18.<\/p>\n<p>Le ch\u00e2ssis 5909 a pass\u00e9 la majeure partie de son temps aux \u00c9tats-Unis d'Am\u00e9rique. Apr\u00e8s avoir \u00e9t\u00e9 bri\u00e8vement utilis\u00e9e par l'\u00e9quipe de course nord-am\u00e9ricaine de Luigi Chinetti (N.A.R.T.), la voiture a appartenu \u00e0 Bob Grossman de la \u201eScuderia Bear\u201c, qui l'a conduite toute l'ann\u00e9e 1964. Apr\u00e8s avoir cess\u00e9 de courir, son plus grand succ\u00e8s a \u00e9t\u00e9 de remporter le concours d'\u00e9l\u00e9gance de Pebble Beach en 1975, et son propri\u00e9taire actuel a particip\u00e9 \u00e0 des \u00e9v\u00e9nements importants comme le Tour Auto 2005, o\u00f9 la voiture \u00e9tait l'une des stars de l'\u00e9preuve. Apr\u00e8s un accident lors de la Le Mans Classic 2008, elle a \u00e9t\u00e9 enti\u00e8rement restaur\u00e9e et, une fois restaur\u00e9e, elle a \u00e9t\u00e9 pr\u00e9sent\u00e9e pour la premi\u00e8re fois au Pebble Beach Concours d'Elegance 2013.<br \/>\nL'originalit\u00e9 des 12 heures de Reims 1964 \u00e9tait le d\u00e9part \u00e0 minuit. Le d\u00e9part dans la nuit noire a \u00e9t\u00e9 rendu encore plus difficile par la proc\u00e9dure de d\u00e9part du Mans. Les premiers tours ont \u00e9t\u00e9 marqu\u00e9s par une lutte \u00e0 trois entre les deux pilotes Ferrari Graham Hill et John Surtees et la Ford de Richie Ginther. Pendant pr\u00e8s d'une heure, \u00e0 des vitesses moyennes largement sup\u00e9rieures \u00e0 200 km\/h, les trois pilotes se sont r\u00e9guli\u00e8rement d\u00e9pass\u00e9s avant le Virage de Thillois.<br \/>\nLe leadership a surtout chang\u00e9 en raison des diff\u00e9rentes tactiques d'arr\u00eat au stand. Peu avant 11 heures, Surtees est pass\u00e9 au stand pour faire le plein. Mais il fallait aussi changer les plaquettes des freins avant. Bien que les m\u00e9caniciens de N.A.R.T. aient travaill\u00e9 rapidement, l'\u00e9quipe a perdu deux minutes. Avec de nouvelles plaquettes de frein, Surtees semblait pouvoir r\u00e9aliser l'impossible. Il a rapidement rattrap\u00e9 le temps perdu par Bonnier, avec parfois cinq secondes d'avance au tour sur le Su\u00e9dois. Une demi-heure avant la fin de la course, lorsque Bonnier est rentr\u00e9 aux stands pour son dernier ravitaillement et a remis la voiture \u00e0 Hill, Surtees \u00e9tait en t\u00eate. Il avait effectu\u00e9 tous les arr\u00eats n\u00e9cessaires et aurait pu terminer la course sans s'arr\u00eater davantage. Pendant plus d'une heure, il avait conduit la Ferrari \u00e0 la limite et parfois au-del\u00e0 de la limite, mettant ainsi la technique du v\u00e9hicule \u00e0 rude \u00e9preuve. Lors du dernier arr\u00eat de Surtee, on a renonc\u00e9 \u00e0 changer les pneus pour des raisons de temps, ce qui s'est maintenant retourn\u00e9 contre lui. A dix minutes de la fin, il est rentr\u00e9 au stand avec un pneu avant gauche \u00e0 plat. Lorsqu'il est revenu en piste, il avait un tour et demi de retard sur la Ferrari Hill\/Bonnier et a finalement termin\u00e9 deuxi\u00e8me.<\/p>\n<p>Num\u00e9ro d'article : M-262<\/p>","protected":false},"excerpt":{"rendered":"<p>1:18 &#8211; M-262 &#8211; 1-brandneu &#8211; anstatt 703,00 \u20ac jetzt 630,00 \u20ac inkl. 19 &amp; Vat<\/p>","protected":false},"featured_media":53318,"comment_status":"open","ping_status":"closed","template":"","meta":[],"product_brand":[537],"product_cat":[18,63,21],"product_tag":[46,209,263],"class_list":{"0":"post-16504","1":"product","2":"type-product","3":"status-publish","4":"has-post-thumbnail","6":"product_brand-cmc","7":"product_cat-cmc","8":"product_cat-ferrari","9":"product_cat-verfuegbar","10":"product_tag-cmc","11":"product_tag-ferrari","12":"product_tag-vorbestellbar","13":"pa_automarke-ferrari","14":"pa_decade-1960s","15":"pa_fahrzeugtyp-gt-rennen","16":"pa_massstab-1-18","17":"pa_modelmarke-cmc","18":"pa_modeltyp-alles-zum-oeffnen","19":"pa_modeltyp-fertigmodell","20":"pa_status-beim-hersteller-verfuegbar","21":"pa_verfuegbarkeit-vorbestellbar","22":"pa_zustand_modell-1-brandneu","23":"pa_zustand_verpackung-1-brandneu","25":"first","26":"outofstock","27":"sale","28":"taxable","29":"shipping-taxable","30":"purchasable","31":"product-type-simple"},"jetpack_sharing_enabled":true,"_links":{"self":[{"href":"https:\/\/www.modelcars24.de\/fr\/wp-json\/wp\/v2\/product\/16504","targetHints":{"allow":["GET"]}}],"collection":[{"href":"https:\/\/www.modelcars24.de\/fr\/wp-json\/wp\/v2\/product"}],"about":[{"href":"https:\/\/www.modelcars24.de\/fr\/wp-json\/wp\/v2\/types\/product"}],"replies":[{"embeddable":true,"href":"https:\/\/www.modelcars24.de\/fr\/wp-json\/wp\/v2\/comments?post=16504"}],"version-history":[{"count":9,"href":"https:\/\/www.modelcars24.de\/fr\/wp-json\/wp\/v2\/product\/16504\/revisions"}],"predecessor-version":[{"id":58006,"href":"https:\/\/www.modelcars24.de\/fr\/wp-json\/wp\/v2\/product\/16504\/revisions\/58006"}],"wp:featuredmedia":[{"embeddable":true,"href":"https:\/\/www.modelcars24.de\/fr\/wp-json\/wp\/v2\/media\/53318"}],"wp:attachment":[{"href":"https:\/\/www.modelcars24.de\/fr\/wp-json\/wp\/v2\/media?parent=16504"}],"wp:term":[{"taxonomy":"product_brand","embeddable":true,"href":"https:\/\/www.modelcars24.de\/fr\/wp-json\/wp\/v2\/product_brand?post=16504"},{"taxonomy":"product_cat","embeddable":true,"href":"https:\/\/www.modelcars24.de\/fr\/wp-json\/wp\/v2\/product_cat?post=16504"},{"taxonomy":"product_tag","embeddable":true,"href":"https:\/\/www.modelcars24.de\/fr\/wp-json\/wp\/v2\/product_tag?post=16504"}],"curies":[{"name":"wp","href":"https:\/\/api.w.org\/{rel}","templated":true}]}}