{"id":16512,"date":"2025-08-01T00:00:00","date_gmt":"2025-07-31T22:00:00","guid":{"rendered":"http:\/\/www.mondo-legno.com\/?post_type=product&#038;p=16512"},"modified":"2026-01-04T15:41:17","modified_gmt":"2026-01-04T14:41:17","slug":"cmc-cmc-ferrari-250-lm-6-place-24h-france","status":"publish","type":"product","link":"https:\/\/www.modelcars24.de\/fr\/cmc-cmc-ferrari-250-lm-6-platz-24h-frankreich\/","title":{"rendered":"CMC Ferrari 250 LM, 6\u00e8me place 24H France 1965, #27,Chassis 6119, Spoerry\/Boller, RHD Limited - 1\/18"},"content":{"rendered":"<p>CMC Ferrari 250 LM, 6\u00e8me place 24H France 1965, #27, ch\u00e2ssis 6119, Spoerry\/Boller, RHD Limited. Mod\u00e8le de collection de haute qualit\u00e9 \u00e0 l'\u00e9chelle 1:18.<\/p>\n<p>Cette 250 LM a \u00e9t\u00e9 vendue avec plusieurs autres \u00e0 un particulier suisse et \u00e0 sa Scuderia Filipinetti. La voiture a fait sa premi\u00e8re apparition lors des 1000 km de Monthl\u00e9ry en 1964. En 1965, elle s'est class\u00e9e sixi\u00e8me au Mans et a remport\u00e9 sa cat\u00e9gorie au championnat suisse de Monza. La voiture a ensuite \u00e9t\u00e9 vendue \u00e0 Pierre de Siebenthal, puis a rejoint le Royaume-Uni, o\u00f9 elle faisait partie des collections d'Anthony Bamford, Don Nelson et Martin Hilton. L'ancienne Scuderia Filipinetti 250 LM a \u00e9t\u00e9 int\u00e9gr\u00e9e \u00e0 une collection du Moyen-Orient en 2010, puis enti\u00e8rement restaur\u00e9e par Ferrari.<\/p>\n<p>Dans les ann\u00e9es 1960, Dieter Spoerry \u00e9tait l'un des pilotes de course suisses les plus titr\u00e9s. Lui et son copilote Armand Boller ont pris le d\u00e9part des 24 heures du Mans en juin 1965 avec le ch\u00e2ssis 6119 pour la Scuderia Filipinetti. Quatre autres Ferrari 250 LM faisaient partie de la grille de d\u00e9part. Spoerry\/Boller ont obtenu la 25e place lors des qualifications et se sont class\u00e9s sixi\u00e8me au classement g\u00e9n\u00e9ral lors de la course avec le num\u00e9ro 27.<\/p>\n<p>Num\u00e9ro d'article : M-265<\/p>","protected":false},"excerpt":{"rendered":"<p>M-265 &#8211; preorder &#8211; anstatt 703,00 \u20ac jetzt 668,00 \u20ac inkl. 19% Vat<\/p>","protected":false},"featured_media":53329,"comment_status":"open","ping_status":"closed","template":"","meta":[],"product_brand":[537],"product_cat":[18,63,21],"product_tag":[46,209,263],"class_list":{"0":"post-16512","1":"product","2":"type-product","3":"status-publish","4":"has-post-thumbnail","6":"product_brand-cmc","7":"product_cat-cmc","8":"product_cat-ferrari","9":"product_cat-verfuegbar","10":"product_tag-cmc","11":"product_tag-ferrari","12":"product_tag-vorbestellbar","13":"pa_automarke-ferrari","14":"pa_decade-1960s","15":"pa_fahrzeugtyp-gt-rennen","16":"pa_massstab-1-18","17":"pa_modelmarke-cmc","18":"pa_modeltyp-alles-zum-oeffnen","19":"pa_modeltyp-fertigmodell","20":"pa_status-beim-hersteller-verfuegbar","21":"pa_verfuegbarkeit-vorbestellbar","22":"pa_zustand_modell-1-brandneu","23":"pa_zustand_verpackung-1-brandneu","25":"first","26":"instock","27":"sale","28":"taxable","29":"shipping-taxable","30":"purchasable","31":"product-type-simple"},"jetpack_sharing_enabled":true,"_links":{"self":[{"href":"https:\/\/www.modelcars24.de\/fr\/wp-json\/wp\/v2\/product\/16512","targetHints":{"allow":["GET"]}}],"collection":[{"href":"https:\/\/www.modelcars24.de\/fr\/wp-json\/wp\/v2\/product"}],"about":[{"href":"https:\/\/www.modelcars24.de\/fr\/wp-json\/wp\/v2\/types\/product"}],"replies":[{"embeddable":true,"href":"https:\/\/www.modelcars24.de\/fr\/wp-json\/wp\/v2\/comments?post=16512"}],"version-history":[{"count":5,"href":"https:\/\/www.modelcars24.de\/fr\/wp-json\/wp\/v2\/product\/16512\/revisions"}],"predecessor-version":[{"id":58009,"href":"https:\/\/www.modelcars24.de\/fr\/wp-json\/wp\/v2\/product\/16512\/revisions\/58009"}],"wp:featuredmedia":[{"embeddable":true,"href":"https:\/\/www.modelcars24.de\/fr\/wp-json\/wp\/v2\/media\/53329"}],"wp:attachment":[{"href":"https:\/\/www.modelcars24.de\/fr\/wp-json\/wp\/v2\/media?parent=16512"}],"wp:term":[{"taxonomy":"product_brand","embeddable":true,"href":"https:\/\/www.modelcars24.de\/fr\/wp-json\/wp\/v2\/product_brand?post=16512"},{"taxonomy":"product_cat","embeddable":true,"href":"https:\/\/www.modelcars24.de\/fr\/wp-json\/wp\/v2\/product_cat?post=16512"},{"taxonomy":"product_tag","embeddable":true,"href":"https:\/\/www.modelcars24.de\/fr\/wp-json\/wp\/v2\/product_tag?post=16512"}],"curies":[{"name":"wp","href":"https:\/\/api.w.org\/{rel}","templated":true}]}}