{"id":16514,"date":"2025-10-13T12:00:00","date_gmt":"2025-10-13T10:00:00","guid":{"rendered":"http:\/\/www.mondo-legno.com\/?post_type=product&#038;p=16514"},"modified":"2025-12-10T13:29:46","modified_gmt":"2025-12-10T12:29:46","slug":"cmc-cmc-ferrari-250-lm-ron-frychassis","status":"publish","type":"product","link":"https:\/\/www.modelcars24.de\/fr\/cmc-cmc-ferrari-250-lm-ron-frychassis\/","title":{"rendered":"CMC Ferrari 250 LM, Ron Fry Chassis 6105, RHD - 1\/18"},"content":{"rendered":"<p>CMC Ferrari 250 LM, Ron Fry Chassis 6105, RHD. Mod\u00e8le de collection de haute qualit\u00e9 \u00e0 l'\u00e9chelle 1:18.<\/p>\n<p>Cette 250 LM a fait sa premi\u00e8re apparition publique au Earls Court Motor Show de Londres en 1964. Imm\u00e9diatement apr\u00e8s, la voiture fut achet\u00e9e par le gentleman driver Ron Fry, qui l'utilisa abondamment dans des courses de c\u00f4te locales et des \u00e9v\u00e9nements de sprint, jusqu'\u00e0 ce qu'elle soit \u00e0 nouveau pr\u00e9sent\u00e9e \u00e0 Earls Court \u00e0 l'automne 1966. Les propri\u00e9taires ult\u00e9rieurs ont continu\u00e9 \u00e0 utiliser le ch\u00e2ssis 6105 lors de manifestations locales et internationales jusqu'en septembre 1970. Apr\u00e8s avoir pass\u00e9 de longues ann\u00e9es dans une collection au Japon, la voiture est revenue en Europe et a particip\u00e9 \u00e0 de grands \u00e9v\u00e9nements historiques comme le Goodwood Revival et Le Mans Classic. CMC repr\u00e9sente le mod\u00e8le dans son \u00e9tat actuel, proche de la perfection, en 2023\/2024.<\/p>\n<p>Num\u00e9ro d'article : M-266<\/p>","protected":false},"excerpt":{"rendered":"<p>M-266 &#8211; 1-brandneu &#8211; anstatt 681,00 \u20ac jetzt 610,00 \u20ac inkl. 19% Vat<\/p>","protected":false},"featured_media":53307,"comment_status":"open","ping_status":"closed","template":"","meta":{"_acf_changed":false},"product_brand":[537],"product_cat":[18,63,21],"product_tag":[46,209,263],"class_list":{"0":"post-16514","1":"product","2":"type-product","3":"status-publish","4":"has-post-thumbnail","6":"product_brand-cmc","7":"product_cat-cmc","8":"product_cat-ferrari","9":"product_cat-verfuegbar","10":"product_tag-cmc","11":"product_tag-ferrari","12":"product_tag-vorbestellbar","13":"pa_automarke-ferrari","14":"pa_decade-1960s","15":"pa_fahrzeugtyp-gt-rennen","16":"pa_massstab-1-18","17":"pa_modelmarke-cmc","18":"pa_modeltyp-alles-zum-oeffnen","19":"pa_modeltyp-fertigmodell","20":"pa_status-beim-hersteller-verfuegbar","21":"pa_verfuegbarkeit-vorbestellbar","22":"pa_zustand_modell-1-brandneu","23":"pa_zustand_verpackung-1-brandneu","25":"first","26":"instock","27":"sale","28":"taxable","29":"shipping-taxable","30":"purchasable","31":"product-type-simple"},"acf":[],"jetpack_sharing_enabled":true,"_links":{"self":[{"href":"https:\/\/www.modelcars24.de\/fr\/wp-json\/wp\/v2\/product\/16514","targetHints":{"allow":["GET"]}}],"collection":[{"href":"https:\/\/www.modelcars24.de\/fr\/wp-json\/wp\/v2\/product"}],"about":[{"href":"https:\/\/www.modelcars24.de\/fr\/wp-json\/wp\/v2\/types\/product"}],"replies":[{"embeddable":true,"href":"https:\/\/www.modelcars24.de\/fr\/wp-json\/wp\/v2\/comments?post=16514"}],"version-history":[{"count":7,"href":"https:\/\/www.modelcars24.de\/fr\/wp-json\/wp\/v2\/product\/16514\/revisions"}],"predecessor-version":[{"id":58010,"href":"https:\/\/www.modelcars24.de\/fr\/wp-json\/wp\/v2\/product\/16514\/revisions\/58010"}],"wp:featuredmedia":[{"embeddable":true,"href":"https:\/\/www.modelcars24.de\/fr\/wp-json\/wp\/v2\/media\/53307"}],"wp:attachment":[{"href":"https:\/\/www.modelcars24.de\/fr\/wp-json\/wp\/v2\/media?parent=16514"}],"wp:term":[{"taxonomy":"product_brand","embeddable":true,"href":"https:\/\/www.modelcars24.de\/fr\/wp-json\/wp\/v2\/product_brand?post=16514"},{"taxonomy":"product_cat","embeddable":true,"href":"https:\/\/www.modelcars24.de\/fr\/wp-json\/wp\/v2\/product_cat?post=16514"},{"taxonomy":"product_tag","embeddable":true,"href":"https:\/\/www.modelcars24.de\/fr\/wp-json\/wp\/v2\/product_tag?post=16514"}],"curies":[{"name":"wp","href":"https:\/\/api.w.org\/{rel}","templated":true}]}}