{"id":16518,"date":"2026-02-10T00:00:00","date_gmt":"2026-02-09T23:00:00","guid":{"rendered":"http:\/\/www.mondo-legno.com\/?post_type=product&#038;p=16518"},"modified":"2026-02-12T18:30:23","modified_gmt":"2026-02-12T17:30:23","slug":"cmc-cmc-ferrari-250-lm-nassau-tourist","status":"publish","type":"product","link":"https:\/\/www.modelcars24.de\/fr\/cmc-cmc-ferrari-250-lm-nassau-tourist\/","title":{"rendered":"CMC Ferrari 250 LM, Nassau Tourist Trophy 1964, #90Chassis 5909, Grossman, RHD - 1\/18"},"content":{"rendered":"<p>CMC Ferrari 250 LM, Nassau Tourist Trophy 1964, #90Chassis 5909, Grossman, RHD. Mod\u00e8le de collection de haute qualit\u00e9 \u00e0 l'\u00e9chelle 1:18.<\/p>\n<p>Apr\u00e8s avoir \u00e9t\u00e9 bri\u00e8vement utilis\u00e9e par l'\u00e9quipe de course N.A.R.T. de Luigi Chinetti, cette voiture a \u00e9t\u00e9 reprise par Bob Grossman de la Scuderia Bear. Apr\u00e8s la fin des courses, le plus grand succ\u00e8s fut la victoire au Concours d'El\u00e9gance de Pebble Beach en 1975. La voiture a \u00e9t\u00e9 pr\u00e9sent\u00e9e \u00e0 plusieurs reprises lors d'\u00e9v\u00e9nements comme le Tour Auto 2005 ou Le Mans Classic 2008. Apr\u00e8s une restauration compl\u00e8te, elle a \u00e9t\u00e9 pr\u00e9sent\u00e9e pour la premi\u00e8re fois en 2013 au Pebble Beach Concours d'El\u00e9gance.<\/p>\n<p>En 1964, le ch\u00e2ssis 5909 avec Bob Grossman et le num\u00e9ro 90 a termin\u00e9 deuxi\u00e8me dans sa cat\u00e9gorie et troisi\u00e8me au classement g\u00e9n\u00e9ral lors du Nassau Tourist Trophy fin novembre. Toujours au Nassau TT, qui s'est d\u00e9roul\u00e9 la m\u00eame ann\u00e9e en d\u00e9cembre, Grossman a termin\u00e9 premier de sa cat\u00e9gorie et quatri\u00e8me au classement g\u00e9n\u00e9ral. Il \u00e9tait inscrit aux deux courses sous le nom de Scuderia Bear.<\/p>\n<p>Num\u00e9ro d'article : M-267<\/p>","protected":false},"excerpt":{"rendered":"<p>M-267 - 1-brand new - au lieu de 703,00 \u20ac maintenant 630,00 \u20ac incl. 19% Vat<\/p>","protected":false},"featured_media":53306,"comment_status":"open","ping_status":"closed","template":"","meta":{"_acf_changed":false},"product_brand":[537],"product_cat":[18,63,21],"product_tag":[46,209,263],"class_list":{"0":"post-16518","1":"product","2":"type-product","3":"status-publish","4":"has-post-thumbnail","6":"product_brand-cmc","7":"product_cat-cmc","8":"product_cat-ferrari","9":"product_cat-verfuegbar","10":"product_tag-cmc","11":"product_tag-ferrari","12":"product_tag-vorbestellbar","13":"pa_automarke-ferrari","14":"pa_decade-1960s","15":"pa_fahrzeugtyp-gt-rennen","16":"pa_massstab-1-18","17":"pa_modelmarke-cmc","18":"pa_modeltyp-alles-zum-oeffnen","19":"pa_modeltyp-fertigmodell","20":"pa_status-beim-hersteller-verfuegbar","21":"pa_verfuegbarkeit-vorbestellbar","22":"pa_zustand_modell-1-brandneu","23":"pa_zustand_verpackung-1-brandneu","25":"first","26":"instock","27":"sale","28":"taxable","29":"shipping-taxable","30":"purchasable","31":"product-type-simple"},"acf":[],"jetpack_sharing_enabled":true,"_links":{"self":[{"href":"https:\/\/www.modelcars24.de\/fr\/wp-json\/wp\/v2\/product\/16518","targetHints":{"allow":["GET"]}}],"collection":[{"href":"https:\/\/www.modelcars24.de\/fr\/wp-json\/wp\/v2\/product"}],"about":[{"href":"https:\/\/www.modelcars24.de\/fr\/wp-json\/wp\/v2\/types\/product"}],"replies":[{"embeddable":true,"href":"https:\/\/www.modelcars24.de\/fr\/wp-json\/wp\/v2\/comments?post=16518"}],"version-history":[{"count":7,"href":"https:\/\/www.modelcars24.de\/fr\/wp-json\/wp\/v2\/product\/16518\/revisions"}],"predecessor-version":[{"id":60646,"href":"https:\/\/www.modelcars24.de\/fr\/wp-json\/wp\/v2\/product\/16518\/revisions\/60646"}],"wp:featuredmedia":[{"embeddable":true,"href":"https:\/\/www.modelcars24.de\/fr\/wp-json\/wp\/v2\/media\/53306"}],"wp:attachment":[{"href":"https:\/\/www.modelcars24.de\/fr\/wp-json\/wp\/v2\/media?parent=16518"}],"wp:term":[{"taxonomy":"product_brand","embeddable":true,"href":"https:\/\/www.modelcars24.de\/fr\/wp-json\/wp\/v2\/product_brand?post=16518"},{"taxonomy":"product_cat","embeddable":true,"href":"https:\/\/www.modelcars24.de\/fr\/wp-json\/wp\/v2\/product_cat?post=16518"},{"taxonomy":"product_tag","embeddable":true,"href":"https:\/\/www.modelcars24.de\/fr\/wp-json\/wp\/v2\/product_tag?post=16518"}],"curies":[{"name":"wp","href":"https:\/\/api.w.org\/{rel}","templated":true}]}}