{"id":17102,"date":"2024-01-01T00:00:00","date_gmt":"2023-12-31T23:00:00","guid":{"rendered":"http:\/\/www.mondo-legno.com\/?post_type=product&#038;p=17102"},"modified":"2026-01-09T11:05:07","modified_gmt":"2026-01-09T10:05:07","slug":"atlantic-mulhouse-1-8-scale-display-case-with-6","status":"publish","type":"product","link":"https:\/\/www.modelcars24.de\/fr\/atlantic-mulhouse-1-8-scale-display-case-with-6\/","title":{"rendered":"Atlantic Mulhouse 1\/8 Scale Display Case with leather base Dark Blue - 1\/8"},"content":{"rendered":"<p> Vitrine en acrylique \u00e0 l'\u00e9chelle 1:8, r\u00e9sistante aux rayures, fabriqu\u00e9e \u00e0 la main, et socle en cuir fait \u00e0 la main. Prot\u00e8ge vos mod\u00e8les \u00e0 l'\u00e9chelle et autres produits de valeur de la poussi\u00e8re, des rayons UV du soleil et des chocs ou leur donne un aspect incroyable. Dimensions : 650x310x210h mm. \u00c9paisseur 3,8 mm.<br \/>Num\u00e9ro d'article : 10206<\/p>","protected":false},"excerpt":{"rendered":"<p>Atlantic Mulhouse 1\/8 Scale modelcar, 10206, scale 1:8 available at www.modelcars24.de<\/p>","protected":false},"featured_media":17103,"comment_status":"open","ping_status":"closed","template":"","meta":{"_acf_changed":false},"product_brand":[837],"product_cat":[432,21],"product_tag":[433,202],"class_list":{"0":"post-17102","1":"product","2":"type-product","3":"status-publish","4":"has-post-thumbnail","6":"product_brand-atlantic","7":"product_cat-atlantic","8":"product_cat-verfuegbar","9":"product_tag-atlantic","10":"product_tag-verfuegbar","11":"pa_decade-2020s","12":"pa_fahrzeugtyp-vitrine","13":"pa_limitiert-nein","14":"pa_massstab-1-8","15":"pa_modelmarke-atlantic","16":"pa_modeltyp-vitrine","17":"pa_status-beim-hersteller-verfuegbar","18":"pa_verfuegbarkeit-5-tage-lieferzeit","19":"pa_zustand_modell-1-brandneu","20":"pa_zustand_verpackung-1-brandneu","22":"first","23":"instock","24":"taxable","25":"shipping-taxable","26":"purchasable","27":"product-type-simple"},"acf":[],"jetpack_sharing_enabled":true,"_links":{"self":[{"href":"https:\/\/www.modelcars24.de\/fr\/wp-json\/wp\/v2\/product\/17102","targetHints":{"allow":["GET"]}}],"collection":[{"href":"https:\/\/www.modelcars24.de\/fr\/wp-json\/wp\/v2\/product"}],"about":[{"href":"https:\/\/www.modelcars24.de\/fr\/wp-json\/wp\/v2\/types\/product"}],"replies":[{"embeddable":true,"href":"https:\/\/www.modelcars24.de\/fr\/wp-json\/wp\/v2\/comments?post=17102"}],"version-history":[{"count":2,"href":"https:\/\/www.modelcars24.de\/fr\/wp-json\/wp\/v2\/product\/17102\/revisions"}],"predecessor-version":[{"id":58026,"href":"https:\/\/www.modelcars24.de\/fr\/wp-json\/wp\/v2\/product\/17102\/revisions\/58026"}],"wp:featuredmedia":[{"embeddable":true,"href":"https:\/\/www.modelcars24.de\/fr\/wp-json\/wp\/v2\/media\/17103"}],"wp:attachment":[{"href":"https:\/\/www.modelcars24.de\/fr\/wp-json\/wp\/v2\/media?parent=17102"}],"wp:term":[{"taxonomy":"product_brand","embeddable":true,"href":"https:\/\/www.modelcars24.de\/fr\/wp-json\/wp\/v2\/product_brand?post=17102"},{"taxonomy":"product_cat","embeddable":true,"href":"https:\/\/www.modelcars24.de\/fr\/wp-json\/wp\/v2\/product_cat?post=17102"},{"taxonomy":"product_tag","embeddable":true,"href":"https:\/\/www.modelcars24.de\/fr\/wp-json\/wp\/v2\/product_tag?post=17102"}],"curies":[{"name":"wp","href":"https:\/\/api.w.org\/{rel}","templated":true}]}}