{"id":17128,"date":"2024-01-01T00:00:00","date_gmt":"2023-12-31T23:00:00","guid":{"rendered":"http:\/\/www.mondo-legno.com\/?post_type=product&#038;p=17128"},"modified":"2026-01-09T11:05:09","modified_gmt":"2026-01-09T10:05:09","slug":"atlantic-mulhouse-1-12-scale-display-case-with-5","status":"publish","type":"product","link":"https:\/\/www.modelcars24.de\/fr\/atlantic-mulhouse-1-12-scale-display-case-with-5\/","title":{"rendered":"Atlantic Mulhouse 1\/12 Scale Display Case with Burgundy leather base Burgundy - 1\/12"},"content":{"rendered":"<p> Vitrine en acrylique \u00e0 l'\u00e9chelle 1:12 r\u00e9sistante aux rayures et socle en cuir fait main. Prot\u00e8ge vos mod\u00e8les \u00e0 l'\u00e9chelle et autres produits de valeur de la poussi\u00e8re, des rayons UV du soleil et des chocs ou leur donne un aspect incroyable. Dimensions : 510x240x180h mm. \u00c9paisseur 3,8 mm.<br \/>Num\u00e9ro d'article : 10094<\/p>","protected":false},"excerpt":{"rendered":"<p>Atlantic Mulhouse 1\/12 Scale modelcar, 10094, scale 1:12 available at www.modelcars24.de<\/p>","protected":false},"featured_media":17129,"comment_status":"open","ping_status":"closed","template":"","meta":{"_acf_changed":false},"product_brand":[837],"product_cat":[432,21],"product_tag":[433,202],"class_list":{"0":"post-17128","1":"product","2":"type-product","3":"status-publish","4":"has-post-thumbnail","6":"product_brand-atlantic","7":"product_cat-atlantic","8":"product_cat-verfuegbar","9":"product_tag-atlantic","10":"product_tag-verfuegbar","11":"pa_decade-2020s","12":"pa_fahrzeugtyp-vitrine","13":"pa_limitiert-nein","14":"pa_massstab-1-12","15":"pa_modelmarke-atlantic","16":"pa_modeltyp-vitrine","17":"pa_status-beim-hersteller-verfuegbar","18":"pa_verfuegbarkeit-5-tage-lieferzeit","19":"pa_zustand_modell-1-brandneu","20":"pa_zustand_verpackung-1-brandneu","22":"first","23":"instock","24":"taxable","25":"shipping-taxable","26":"purchasable","27":"product-type-simple"},"acf":[],"jetpack_sharing_enabled":true,"_links":{"self":[{"href":"https:\/\/www.modelcars24.de\/fr\/wp-json\/wp\/v2\/product\/17128","targetHints":{"allow":["GET"]}}],"collection":[{"href":"https:\/\/www.modelcars24.de\/fr\/wp-json\/wp\/v2\/product"}],"about":[{"href":"https:\/\/www.modelcars24.de\/fr\/wp-json\/wp\/v2\/types\/product"}],"replies":[{"embeddable":true,"href":"https:\/\/www.modelcars24.de\/fr\/wp-json\/wp\/v2\/comments?post=17128"}],"version-history":[{"count":2,"href":"https:\/\/www.modelcars24.de\/fr\/wp-json\/wp\/v2\/product\/17128\/revisions"}],"predecessor-version":[{"id":58039,"href":"https:\/\/www.modelcars24.de\/fr\/wp-json\/wp\/v2\/product\/17128\/revisions\/58039"}],"wp:featuredmedia":[{"embeddable":true,"href":"https:\/\/www.modelcars24.de\/fr\/wp-json\/wp\/v2\/media\/17129"}],"wp:attachment":[{"href":"https:\/\/www.modelcars24.de\/fr\/wp-json\/wp\/v2\/media?parent=17128"}],"wp:term":[{"taxonomy":"product_brand","embeddable":true,"href":"https:\/\/www.modelcars24.de\/fr\/wp-json\/wp\/v2\/product_brand?post=17128"},{"taxonomy":"product_cat","embeddable":true,"href":"https:\/\/www.modelcars24.de\/fr\/wp-json\/wp\/v2\/product_cat?post=17128"},{"taxonomy":"product_tag","embeddable":true,"href":"https:\/\/www.modelcars24.de\/fr\/wp-json\/wp\/v2\/product_tag?post=17128"}],"curies":[{"name":"wp","href":"https:\/\/api.w.org\/{rel}","templated":true}]}}