{"id":17175,"date":"2024-01-01T00:00:00","date_gmt":"2023-12-31T23:00:00","guid":{"rendered":"http:\/\/www.mondo-legno.com\/?post_type=product&#038;p=17175"},"modified":"2026-03-29T16:46:12","modified_gmt":"2026-03-29T14:46:12","slug":"atlantic-mulhouse-1-18-scale-display-case-with-6","status":"publish","type":"product","link":"https:\/\/www.modelcars24.de\/fr\/atlantic-mulhouse-1-18-scale-display-case-with-6\/","title":{"rendered":"Atlantic Mulhouse 1\/18 Scale Display Case with Dark Blue leather base Dark Blue - 1\/18"},"content":{"rendered":"<p>Vitrine en acrylique r\u00e9sistante aux rayures, fabriqu\u00e9e \u00e0 la main, \u00e0 l'\u00e9chelle 1:18 et socle en cuir fait \u00e0 la main. Prot\u00e8ge vos mod\u00e8les \u00e0 l'\u00e9chelle et autres produits de valeur de la poussi\u00e8re, des rayons UV du soleil et des chocs ou leur donne un aspect incroyable. Dimensions : 325x165x118h mm. \u00c9paisseur de 3 mm. La vitrine est livr\u00e9e sans le mod\u00e8le illustr\u00e9.<br \/>\nNum\u00e9ro d'article : 10076<\/p>","protected":false},"excerpt":{"rendered":"<p>10076 &#8211; 1-brandneu &#8211; 49,00 \u20ac inkl. 19% Vat<\/p>","protected":false},"featured_media":17176,"comment_status":"open","ping_status":"closed","template":"","meta":{"_acf_changed":false},"product_brand":[837],"product_cat":[432,21],"product_tag":[433,202],"class_list":{"0":"post-17175","1":"product","2":"type-product","3":"status-publish","4":"has-post-thumbnail","6":"product_brand-atlantic","7":"product_cat-atlantic","8":"product_cat-verfuegbar","9":"product_tag-atlantic","10":"product_tag-verfuegbar","11":"pa_decade-2020s","12":"pa_fahrzeugtyp-vitrine","13":"pa_limitiert-nein","14":"pa_massstab-1-18","15":"pa_modelmarke-atlantic","16":"pa_modeltyp-vitrine","17":"pa_status-beim-hersteller-verfuegbar","18":"pa_verfuegbarkeit-5-tage-lieferzeit","19":"pa_zustand_modell-1-brandneu","20":"pa_zustand_verpackung-1-brandneu","22":"first","23":"instock","24":"taxable","25":"shipping-taxable","26":"purchasable","27":"product-type-simple"},"acf":[],"jetpack_sharing_enabled":true,"_links":{"self":[{"href":"https:\/\/www.modelcars24.de\/fr\/wp-json\/wp\/v2\/product\/17175","targetHints":{"allow":["GET"]}}],"collection":[{"href":"https:\/\/www.modelcars24.de\/fr\/wp-json\/wp\/v2\/product"}],"about":[{"href":"https:\/\/www.modelcars24.de\/fr\/wp-json\/wp\/v2\/types\/product"}],"replies":[{"embeddable":true,"href":"https:\/\/www.modelcars24.de\/fr\/wp-json\/wp\/v2\/comments?post=17175"}],"version-history":[{"count":3,"href":"https:\/\/www.modelcars24.de\/fr\/wp-json\/wp\/v2\/product\/17175\/revisions"}],"predecessor-version":[{"id":58054,"href":"https:\/\/www.modelcars24.de\/fr\/wp-json\/wp\/v2\/product\/17175\/revisions\/58054"}],"wp:featuredmedia":[{"embeddable":true,"href":"https:\/\/www.modelcars24.de\/fr\/wp-json\/wp\/v2\/media\/17176"}],"wp:attachment":[{"href":"https:\/\/www.modelcars24.de\/fr\/wp-json\/wp\/v2\/media?parent=17175"}],"wp:term":[{"taxonomy":"product_brand","embeddable":true,"href":"https:\/\/www.modelcars24.de\/fr\/wp-json\/wp\/v2\/product_brand?post=17175"},{"taxonomy":"product_cat","embeddable":true,"href":"https:\/\/www.modelcars24.de\/fr\/wp-json\/wp\/v2\/product_cat?post=17175"},{"taxonomy":"product_tag","embeddable":true,"href":"https:\/\/www.modelcars24.de\/fr\/wp-json\/wp\/v2\/product_tag?post=17175"}],"curies":[{"name":"wp","href":"https:\/\/api.w.org\/{rel}","templated":true}]}}