{"id":17326,"date":"2024-01-26T00:00:00","date_gmt":"2024-01-25T23:00:00","guid":{"rendered":"http:\/\/www.mondo-legno.com\/?post_type=product&#038;p=17326"},"modified":"2026-04-24T12:27:14","modified_gmt":"2026-04-24T10:27:14","slug":"kyosho-bmw-z4-bleu","status":"publish","type":"product","link":"https:\/\/www.modelcars24.de\/fr\/kyosho-bmw-z4-blau\/","title":{"rendered":"Kyosho BMW z4 bleue - 1\/18"},"content":{"rendered":"<p>Kyosho BMW z4 bleue. Mod\u00e8le de collection de haute qualit\u00e9 \u00e0 l'\u00e9chelle 1:18.<\/p>\n<p>La Kyosho BMW Z4 (E85) en Deep Blue (r\u00e9f\u00e9rence : 08581BL) est un chef-d'\u0153uvre \u00e0 l'\u00e9chelle 1:18. Le mod\u00e8le se distingue par une excellente peinture et un int\u00e9rieur hautement d\u00e9taill\u00e9 avec moquette. Le capot, les portes et les portes de coffre s'ouvrent et r\u00e9v\u00e8lent une reproduction pr\u00e9cise du six cylindres en ligne. Gr\u00e2ce \u00e0 la direction fonctionnelle et au toit souple fourni, c'est un must pour les collectionneurs exigeants.<\/p>\n<p>Num\u00e9ro d'article : 08581BL<\/p>","protected":false},"excerpt":{"rendered":"<p>08581BL &#8211; 2-neuwertig &#8211; 95,00 \u20ac<\/p>","protected":false},"featured_media":62420,"comment_status":"open","ping_status":"closed","template":"","meta":[],"product_brand":[833],"product_cat":[193,413,217],"product_tag":[391,414,394],"class_list":{"0":"post-17326","1":"product","2":"type-product","3":"status-publish","4":"has-post-thumbnail","6":"product_brand-kyosho","7":"product_cat-bmw","8":"product_cat-kyosho","9":"product_cat-sofort-verfuegbar","10":"product_tag-bmw","11":"product_tag-kyosho","12":"product_tag-sofort-verfuegbar","13":"pa_automarke-bmw","14":"pa_decade-2010s","15":"pa_fahrzeugtyp-cabrio","16":"pa_massstab-1-18","17":"pa_modelmarke-kyosho","18":"pa_modeltyp-alles-zum-oeffnen","19":"pa_modeltyp-fertigmodell","20":"pa_status-beim-hersteller-ausverkauft","21":"pa_verfuegbarkeit-sofort-verfuegbar","22":"pa_zustand_modell-2-neuwertig","23":"pa_zustand_verpackung-2-neuwertig","25":"first","26":"instock","27":"purchasable","28":"product-type-simple"},"jetpack_sharing_enabled":true,"_links":{"self":[{"href":"https:\/\/www.modelcars24.de\/fr\/wp-json\/wp\/v2\/product\/17326","targetHints":{"allow":["GET"]}}],"collection":[{"href":"https:\/\/www.modelcars24.de\/fr\/wp-json\/wp\/v2\/product"}],"about":[{"href":"https:\/\/www.modelcars24.de\/fr\/wp-json\/wp\/v2\/types\/product"}],"replies":[{"embeddable":true,"href":"https:\/\/www.modelcars24.de\/fr\/wp-json\/wp\/v2\/comments?post=17326"}],"version-history":[{"count":3,"href":"https:\/\/www.modelcars24.de\/fr\/wp-json\/wp\/v2\/product\/17326\/revisions"}],"predecessor-version":[{"id":62434,"href":"https:\/\/www.modelcars24.de\/fr\/wp-json\/wp\/v2\/product\/17326\/revisions\/62434"}],"wp:featuredmedia":[{"embeddable":true,"href":"https:\/\/www.modelcars24.de\/fr\/wp-json\/wp\/v2\/media\/62420"}],"wp:attachment":[{"href":"https:\/\/www.modelcars24.de\/fr\/wp-json\/wp\/v2\/media?parent=17326"}],"wp:term":[{"taxonomy":"product_brand","embeddable":true,"href":"https:\/\/www.modelcars24.de\/fr\/wp-json\/wp\/v2\/product_brand?post=17326"},{"taxonomy":"product_cat","embeddable":true,"href":"https:\/\/www.modelcars24.de\/fr\/wp-json\/wp\/v2\/product_cat?post=17326"},{"taxonomy":"product_tag","embeddable":true,"href":"https:\/\/www.modelcars24.de\/fr\/wp-json\/wp\/v2\/product_tag?post=17326"}],"curies":[{"name":"wp","href":"https:\/\/api.w.org\/{rel}","templated":true}]}}