{"id":17521,"date":"2024-02-24T00:00:00","date_gmt":"2024-02-23T23:00:00","guid":{"rendered":"http:\/\/www.mondo-legno.com\/?post_type=product&#038;p=17521"},"modified":"2025-12-10T13:30:32","modified_gmt":"2025-12-10T12:30:32","slug":"bbr-pagani-utopiachameleon-and-met-silver","status":"publish","type":"product","link":"https:\/\/www.modelcars24.de\/fr\/bbr-pagani-utopiachameleon-and-met-silver\/","title":{"rendered":"BBR Pagani UtopiaChameleon And Met Silver - 1\/18"},"content":{"rendered":"<p>BBR Pagani Utopia<br \/>\nCam\u00e9l\u00e9on And Met Silver. Mod\u00e8le de collection de haute qualit\u00e9 \u00e0 l'\u00e9chelle 1:18.<\/p>\n<p>Pagani Utopia est officiellement une r\u00e9alit\u00e9. Le troisi\u00e8me projet porteur (apr\u00e8s Zonda et Huayra) de l'usine de San Cesario sul Panaro, fruit de six ann\u00e9es de design et de d\u00e9veloppement, a \u00e9t\u00e9 pr\u00e9sent\u00e9 \u00e0 Milan dans le cadre du Teatro Lirico.<br \/>\nLa source d'inspiration de Pagani Utopia est la grande tradition italienne de la course automobile de la \u201ep\u00e9riode dor\u00e9e\u201c des ann\u00e9es 1950 et 1960.<br \/>\nEn effet, par rapport \u00e0 la Pagani Zonda, la nouvelle Utopia perd ses lignes anguleuses et pr\u00e9sente une ligne beaucoup plus galb\u00e9e. Et contrairement \u00e0 la Huayra, elle renonce \u00e0 des solutions a\u00e9rodynamiques sophistiqu\u00e9es (comme des \u00e9l\u00e9ments de haie actifs). Pagani Utopia introduit une nouvelle \u00e9tude de p\u00e9n\u00e9tration dans l'air, int\u00e9gr\u00e9e \u00e0 la carrosserie. Ainsi, la nouvelle Pagani Utopia a non seulement pu \u00e9conomiser 20% des \u00e9l\u00e9ments de la carrosserie, mais elle se distingue \u00e9galement par un tout nouveau profil, qui a lui-m\u00eame \u00e9t\u00e9 affin\u00e9 sur le plan a\u00e9rodynamique.<\/p>\n<p>Tout le d\u00e9veloppement du produit est r\u00e9alis\u00e9 en Italie. La voiture mod\u00e8le est enti\u00e8rement con\u00e7ue en Italie et imprim\u00e9e dans le nouveau d\u00e9partement d'impression 3D de derni\u00e8re g\u00e9n\u00e9ration.<\/p>\n<p>Une couleur m\u00e9tallique unique qui change \u00e0 chaque regard, avec deux teintes aussi bien sur le toit que sur le ch\u00e2ssis.<br \/>Num\u00e9ro d'article : P18223CHA1<\/p>","protected":false},"excerpt":{"rendered":"<p>BBR Pagani Utopia<br \/>\nMod\u00e8le r\u00e9duit de cam\u00e9l\u00e9on, P18223CHA1, \u00e9chelle 1:18 disponible sur www.modelcars24.de<\/p>","protected":false},"featured_media":17522,"comment_status":"open","ping_status":"closed","template":"","meta":{"_acf_changed":false},"product_brand":[851],"product_cat":[169,249,262],"product_tag":[173,250,263],"class_list":{"0":"post-17521","1":"product","2":"type-product","3":"status-publish","4":"has-post-thumbnail","6":"product_brand-bbr","7":"product_cat-bbr","8":"product_cat-pagani","9":"product_cat-vorbestellbar","10":"product_tag-bbr","11":"product_tag-pagani","12":"product_tag-vorbestellbar","13":"pa_automarke-pagani","14":"pa_decade-2020s","15":"pa_fahrzeugtyp-coupe","16":"pa_massstab-1-18","17":"pa_modelmarke-bbr","18":"pa_modeltyp-fertigmodell","19":"pa_modeltyp-geschlossen","20":"pa_status-beim-hersteller-verfuegbar","21":"pa_verfuegbarkeit-vorbestellbar","22":"pa_zustand_modell-1-brandneu","23":"pa_zustand_verpackung-1-brandneu","25":"first","26":"instock","27":"taxable","28":"shipping-taxable","29":"purchasable","30":"product-type-simple"},"acf":[],"jetpack_sharing_enabled":true,"_links":{"self":[{"href":"https:\/\/www.modelcars24.de\/fr\/wp-json\/wp\/v2\/product\/17521","targetHints":{"allow":["GET"]}}],"collection":[{"href":"https:\/\/www.modelcars24.de\/fr\/wp-json\/wp\/v2\/product"}],"about":[{"href":"https:\/\/www.modelcars24.de\/fr\/wp-json\/wp\/v2\/types\/product"}],"replies":[{"embeddable":true,"href":"https:\/\/www.modelcars24.de\/fr\/wp-json\/wp\/v2\/comments?post=17521"}],"version-history":[{"count":2,"href":"https:\/\/www.modelcars24.de\/fr\/wp-json\/wp\/v2\/product\/17521\/revisions"}],"predecessor-version":[{"id":58108,"href":"https:\/\/www.modelcars24.de\/fr\/wp-json\/wp\/v2\/product\/17521\/revisions\/58108"}],"wp:featuredmedia":[{"embeddable":true,"href":"https:\/\/www.modelcars24.de\/fr\/wp-json\/wp\/v2\/media\/17522"}],"wp:attachment":[{"href":"https:\/\/www.modelcars24.de\/fr\/wp-json\/wp\/v2\/media?parent=17521"}],"wp:term":[{"taxonomy":"product_brand","embeddable":true,"href":"https:\/\/www.modelcars24.de\/fr\/wp-json\/wp\/v2\/product_brand?post=17521"},{"taxonomy":"product_cat","embeddable":true,"href":"https:\/\/www.modelcars24.de\/fr\/wp-json\/wp\/v2\/product_cat?post=17521"},{"taxonomy":"product_tag","embeddable":true,"href":"https:\/\/www.modelcars24.de\/fr\/wp-json\/wp\/v2\/product_tag?post=17521"}],"curies":[{"name":"wp","href":"https:\/\/api.w.org\/{rel}","templated":true}]}}