{"id":18591,"date":"2024-03-01T00:00:00","date_gmt":"2024-02-29T23:00:00","guid":{"rendered":"http:\/\/www.mondo-legno.com\/?post_type=product&#038;p=18591"},"modified":"2025-12-10T13:30:38","modified_gmt":"2025-12-10T12:30:38","slug":"bbr-ferrari-daytona-sp3-serie-icona-green","status":"publish","type":"product","link":"https:\/\/www.modelcars24.de\/fr\/bbr-ferrari-daytona-sp3-serie-icona-green\/","title":{"rendered":"BBR Ferrari Daytona SP3 Serie Icona Green Manzoni Gloss - Open Roof 1:12 - 1\/12"},"content":{"rendered":"<p>BBR Ferrari Daytona SP3 Serie Icona Green Manzoni Gloss - Open Roof 1:12. Mod\u00e8le de collection de haute qualit\u00e9 \u00e0 l'\u00e9chelle 1:18.<br \/>Num\u00e9ro d'article : BBR1217F<\/p>","protected":false},"excerpt":{"rendered":"<p>BBR Ferrari Daytona SP3 modelcar, BBR1217F, scale 1:12 preorder at www.modelcars24.de<\/p>","protected":false},"featured_media":18592,"comment_status":"open","ping_status":"closed","template":"","meta":{"_acf_changed":false},"product_brand":[851],"product_cat":[169,63,21,262],"product_tag":[78,173,209,263],"class_list":{"0":"post-18591","1":"product","2":"type-product","3":"status-publish","4":"has-post-thumbnail","6":"product_brand-bbr","7":"product_cat-bbr","8":"product_cat-ferrari","9":"product_cat-verfuegbar","10":"product_cat-vorbestellbar","11":"product_tag-angebot","12":"product_tag-bbr","13":"product_tag-ferrari","14":"product_tag-vorbestellbar","15":"pa_automarke-ferrari","16":"pa_decade-2020s","17":"pa_fahrzeugtyp-cabrio","18":"pa_massstab-1-12","19":"pa_modelmarke-bbr","20":"pa_modeltyp-fertigmodell","21":"pa_modeltyp-geschlossen","22":"pa_status-beim-hersteller-verfuegbar","23":"pa_verfuegbarkeit-vorbestellbar","24":"pa_zustand_modell-1-brandneu","25":"pa_zustand_verpackung-1-brandneu","27":"first","28":"instock","29":"taxable","30":"shipping-taxable","31":"purchasable","32":"product-type-simple"},"acf":[],"jetpack_sharing_enabled":true,"_links":{"self":[{"href":"https:\/\/www.modelcars24.de\/fr\/wp-json\/wp\/v2\/product\/18591","targetHints":{"allow":["GET"]}}],"collection":[{"href":"https:\/\/www.modelcars24.de\/fr\/wp-json\/wp\/v2\/product"}],"about":[{"href":"https:\/\/www.modelcars24.de\/fr\/wp-json\/wp\/v2\/types\/product"}],"replies":[{"embeddable":true,"href":"https:\/\/www.modelcars24.de\/fr\/wp-json\/wp\/v2\/comments?post=18591"}],"version-history":[{"count":2,"href":"https:\/\/www.modelcars24.de\/fr\/wp-json\/wp\/v2\/product\/18591\/revisions"}],"predecessor-version":[{"id":58120,"href":"https:\/\/www.modelcars24.de\/fr\/wp-json\/wp\/v2\/product\/18591\/revisions\/58120"}],"wp:featuredmedia":[{"embeddable":true,"href":"https:\/\/www.modelcars24.de\/fr\/wp-json\/wp\/v2\/media\/18592"}],"wp:attachment":[{"href":"https:\/\/www.modelcars24.de\/fr\/wp-json\/wp\/v2\/media?parent=18591"}],"wp:term":[{"taxonomy":"product_brand","embeddable":true,"href":"https:\/\/www.modelcars24.de\/fr\/wp-json\/wp\/v2\/product_brand?post=18591"},{"taxonomy":"product_cat","embeddable":true,"href":"https:\/\/www.modelcars24.de\/fr\/wp-json\/wp\/v2\/product_cat?post=18591"},{"taxonomy":"product_tag","embeddable":true,"href":"https:\/\/www.modelcars24.de\/fr\/wp-json\/wp\/v2\/product_tag?post=18591"}],"curies":[{"name":"wp","href":"https:\/\/api.w.org\/{rel}","templated":true}]}}