{"id":18652,"date":"2024-11-14T00:00:00","date_gmt":"2024-11-13T23:00:00","guid":{"rendered":"http:\/\/www.mondo-legno.com\/?post_type=product&#038;p=18652"},"modified":"2025-12-10T13:30:47","modified_gmt":"2025-12-10T12:30:47","slug":"porsche-industrial-porsche-911-sport-classic-9-3","status":"publish","type":"product","link":"https:\/\/www.modelcars24.de\/fr\/porsche-industrial-porsche-911-sport-classic-9-3\/","title":{"rendered":"Porsche Industrial Porsche 911 Sport Classic (992) sports metallic 1:18 - Limited to 911 units - 1\/18"},"content":{"rendered":"<p>Porsche Industrial Porsche 911 Sport Classic (992) sports metallic 1:18 - Limit\u00e9e \u00e0 911 unit\u00e9s. Mod\u00e8le de collection de haute qualit\u00e9 \u00e0 l'\u00e9chelle 1:18.<br \/>Num\u00e9ro d'article : WAP0210120SSCL<\/p>","protected":false},"excerpt":{"rendered":"<p>WAP0210120SSCL &#8211; 1-brandneu &#8211; 300,00 \u20ac inkl. 19% Vat<\/p>","protected":false},"featured_media":18653,"comment_status":"open","ping_status":"closed","template":"","meta":{"_acf_changed":false},"product_brand":[842],"product_cat":[56,387,21],"product_tag":[78,265,388,263],"class_list":{"0":"post-18652","1":"product","2":"type-product","3":"status-publish","4":"has-post-thumbnail","6":"product_brand-porsche","7":"product_cat-porsche","8":"product_cat-porsche-industrial","9":"product_cat-verfuegbar","10":"product_tag-angebot","11":"product_tag-porsche","12":"product_tag-porsche-industrial","13":"product_tag-vorbestellbar","14":"pa_automarke-porsche","15":"pa_decade-2020s","16":"pa_fahrzeugtyp-coupe","17":"pa_limitiert-ja","18":"pa_massstab-1-18","19":"pa_modelmarke-porsche","20":"pa_modeltyp-fertigmodell","21":"pa_modeltyp-geschlossen","22":"pa_status-beim-hersteller-verfuegbar","23":"pa_verfuegbarkeit-vorbestellbar","24":"pa_zustand_modell-1-brandneu","25":"pa_zustand_verpackung-1-brandneu","27":"first","28":"instock","29":"taxable","30":"shipping-taxable","31":"purchasable","32":"product-type-simple"},"acf":[],"jetpack_sharing_enabled":true,"_links":{"self":[{"href":"https:\/\/www.modelcars24.de\/fr\/wp-json\/wp\/v2\/product\/18652","targetHints":{"allow":["GET"]}}],"collection":[{"href":"https:\/\/www.modelcars24.de\/fr\/wp-json\/wp\/v2\/product"}],"about":[{"href":"https:\/\/www.modelcars24.de\/fr\/wp-json\/wp\/v2\/types\/product"}],"replies":[{"embeddable":true,"href":"https:\/\/www.modelcars24.de\/fr\/wp-json\/wp\/v2\/comments?post=18652"}],"version-history":[{"count":2,"href":"https:\/\/www.modelcars24.de\/fr\/wp-json\/wp\/v2\/product\/18652\/revisions"}],"predecessor-version":[{"id":58134,"href":"https:\/\/www.modelcars24.de\/fr\/wp-json\/wp\/v2\/product\/18652\/revisions\/58134"}],"wp:featuredmedia":[{"embeddable":true,"href":"https:\/\/www.modelcars24.de\/fr\/wp-json\/wp\/v2\/media\/18653"}],"wp:attachment":[{"href":"https:\/\/www.modelcars24.de\/fr\/wp-json\/wp\/v2\/media?parent=18652"}],"wp:term":[{"taxonomy":"product_brand","embeddable":true,"href":"https:\/\/www.modelcars24.de\/fr\/wp-json\/wp\/v2\/product_brand?post=18652"},{"taxonomy":"product_cat","embeddable":true,"href":"https:\/\/www.modelcars24.de\/fr\/wp-json\/wp\/v2\/product_cat?post=18652"},{"taxonomy":"product_tag","embeddable":true,"href":"https:\/\/www.modelcars24.de\/fr\/wp-json\/wp\/v2\/product_tag?post=18652"}],"curies":[{"name":"wp","href":"https:\/\/api.w.org\/{rel}","templated":true}]}}