{"id":18658,"date":"2024-03-14T00:00:00","date_gmt":"2024-03-13T23:00:00","guid":{"rendered":"http:\/\/www.mondo-legno.com\/?post_type=product&#038;p=18658"},"modified":"2026-04-12T08:56:18","modified_gmt":"2026-04-12T06:56:18","slug":"porsche-industrial-porsche-911-dakar-992-red","status":"publish","type":"product","link":"https:\/\/www.modelcars24.de\/fr\/porsche-industrial-porsche-911-dakar-992-red\/","title":{"rendered":"Porsche Industrial Porsche 911 Dakar (992) red 1:18 - Limited to 300 pieces - 1\/18"},"content":{"rendered":"<p>Porsche Industrial Porsche 911 Dakar (992) red 1:18 - Limit\u00e9e \u00e0 300 pi\u00e8ces. Mod\u00e8le de collection de haute qualit\u00e9 \u00e0 l'\u00e9chelle 1:18.<br \/>\nNum\u00e9ro d'article : WAP0210060SDAK<\/p>","protected":false},"excerpt":{"rendered":"<p>1-brandneu &#8211; anstatt 386,00 \u20ac jetzt 299,00 \u20ac inkl. 19% Vat<\/p>","protected":false},"featured_media":18659,"comment_status":"open","ping_status":"closed","template":"","meta":{"_acf_changed":false},"product_brand":[842],"product_cat":[56,387,21],"product_tag":[78,265,388,263],"class_list":{"0":"post-18658","1":"product","2":"type-product","3":"status-publish","4":"has-post-thumbnail","6":"product_brand-porsche","7":"product_cat-porsche","8":"product_cat-porsche-industrial","9":"product_cat-verfuegbar","10":"product_tag-angebot","11":"product_tag-porsche","12":"product_tag-porsche-industrial","13":"product_tag-vorbestellbar","14":"pa_automarke-porsche","15":"pa_decade-2020s","16":"pa_fahrzeugtyp-coupe","17":"pa_limitiert-ja","18":"pa_massstab-1-18","19":"pa_modelmarke-porsche","20":"pa_modeltyp-fertigmodell","21":"pa_modeltyp-geschlossen","22":"pa_status-beim-hersteller-verfuegbar","23":"pa_verfuegbarkeit-sofort-verfuegbar","24":"pa_zustand_modell-1-brandneu","25":"pa_zustand_verpackung-1-brandneu","27":"first","28":"instock","29":"sale","30":"taxable","31":"shipping-taxable","32":"purchasable","33":"product-type-simple"},"acf":[],"jetpack_sharing_enabled":true,"_links":{"self":[{"href":"https:\/\/www.modelcars24.de\/fr\/wp-json\/wp\/v2\/product\/18658","targetHints":{"allow":["GET"]}}],"collection":[{"href":"https:\/\/www.modelcars24.de\/fr\/wp-json\/wp\/v2\/product"}],"about":[{"href":"https:\/\/www.modelcars24.de\/fr\/wp-json\/wp\/v2\/types\/product"}],"replies":[{"embeddable":true,"href":"https:\/\/www.modelcars24.de\/fr\/wp-json\/wp\/v2\/comments?post=18658"}],"version-history":[{"count":3,"href":"https:\/\/www.modelcars24.de\/fr\/wp-json\/wp\/v2\/product\/18658\/revisions"}],"predecessor-version":[{"id":58136,"href":"https:\/\/www.modelcars24.de\/fr\/wp-json\/wp\/v2\/product\/18658\/revisions\/58136"}],"wp:featuredmedia":[{"embeddable":true,"href":"https:\/\/www.modelcars24.de\/fr\/wp-json\/wp\/v2\/media\/18659"}],"wp:attachment":[{"href":"https:\/\/www.modelcars24.de\/fr\/wp-json\/wp\/v2\/media?parent=18658"}],"wp:term":[{"taxonomy":"product_brand","embeddable":true,"href":"https:\/\/www.modelcars24.de\/fr\/wp-json\/wp\/v2\/product_brand?post=18658"},{"taxonomy":"product_cat","embeddable":true,"href":"https:\/\/www.modelcars24.de\/fr\/wp-json\/wp\/v2\/product_cat?post=18658"},{"taxonomy":"product_tag","embeddable":true,"href":"https:\/\/www.modelcars24.de\/fr\/wp-json\/wp\/v2\/product_tag?post=18658"}],"curies":[{"name":"wp","href":"https:\/\/api.w.org\/{rel}","templated":true}]}}