{"id":18738,"date":"2024-03-19T13:14:51","date_gmt":"2024-03-19T12:14:51","guid":{"rendered":"http:\/\/www.mondo-legno.com\/?post_type=product&#038;p=18738"},"modified":"2026-02-27T05:29:00","modified_gmt":"2026-02-27T04:29:00","slug":"pocher-lamborghini-aventador-lp700-4-roadster-nero-nemesis","status":"publish","type":"product","link":"https:\/\/www.modelcars24.de\/fr\/pocher-lamborghini-aventador-lp700-4-roadster-nero-nemesis\/","title":{"rendered":"Pocher Lamborghini Aventador LP700-4 Roadster Nero Nemesis - Kit 1:8 - 1\/8"},"content":{"rendered":"<h1>POCHER LAMBORGHINI AVENTADOR LP700-4 ROADSTER NERO NEMESIS - Kit 1:8<\/h1>\n<p>Lamborghini Aventador LP 700-4 Roadster, Douze cylindres, 700 ch, 0 \u00e0 100 en 2,9 s et 349 km\/h en pointe. Dans l'original, un v\u00e9ritable avion de chasse pour la route. POCHER pr\u00e9sente maintenant cette voiture de r\u00eave \u00e0 l'\u00e9chelle 1:8 sous la forme d'un kit de construction de haute qualit\u00e9 comprenant plus de 600 pi\u00e8ces. Renouant avec la tradition POCHER, la carrosserie de ce mod\u00e8le d'environ 7 kg est enti\u00e8rement en m\u00e9tal et d\u00e9j\u00e0 peinte. Diverses pi\u00e8ces sont mobiles, les portes et les capots s'ouvrent. M\u00eame la direction \u00e0 droite ou \u00e0 gauche est prise en compte. Le kit parfaitement ajust\u00e9 comporte de nombreux \u00e9l\u00e9ments viss\u00e9s et est facile \u00e0 assembler avec un peu d'habilet\u00e9.<\/p>\n<p>Dimensions (mm) : 595 x 287 x 144<\/p>\n<p>Couleur : Nero Nemesis (noir mat)<\/p>\n<p><span style=\"font-size: 16px\">.<\/span><strong>Si vous le souhaitez, nous pouvons construire le mod\u00e8le pour vous.<\/strong><\/p>\n<p>&nbsp;<br \/>Num\u00e9ro d'article : HK121<\/p>","protected":false},"excerpt":{"rendered":"<p>1-brandneu &#8211; 829,00, \u20ac jetzt 635,00 \u20ac inkl. 19% Vat<\/p>","protected":false},"featured_media":18739,"comment_status":"open","ping_status":"closed","template":"","meta":{"_acf_changed":false},"product_brand":[895],"product_cat":[300,451,21],"product_tag":[78,393,265,394],"class_list":{"0":"post-18738","1":"product","2":"type-product","3":"status-publish","4":"has-post-thumbnail","6":"product_brand-pocher","7":"product_cat-lamborghini","8":"product_cat-pocher","9":"product_cat-verfuegbar","10":"product_tag-angebot","11":"product_tag-gt-spirit","12":"product_tag-porsche","13":"product_tag-sofort-verfuegbar","14":"pa_automarke-lamborghini","15":"pa_decade-2010s","16":"pa_fahrzeugtyp-coupe","17":"pa_farbe-gelb","18":"pa_limitiert-ja","19":"pa_massstab-1-8","20":"pa_modelmarke-pocher","21":"pa_modeltyp-alles-zum-oeffnen","22":"pa_modeltyp-bausatz","23":"pa_status-beim-hersteller-verfuegbar","24":"pa_verfuegbarkeit-sofort-verfuegbar","25":"pa_zustand_modell-1-brandneu","26":"pa_zustand_verpackung-1-brandneu","28":"first","29":"outofstock","30":"sale","31":"taxable","32":"shipping-taxable","33":"purchasable","34":"product-type-simple"},"acf":[],"jetpack_sharing_enabled":true,"_links":{"self":[{"href":"https:\/\/www.modelcars24.de\/fr\/wp-json\/wp\/v2\/product\/18738","targetHints":{"allow":["GET"]}}],"collection":[{"href":"https:\/\/www.modelcars24.de\/fr\/wp-json\/wp\/v2\/product"}],"about":[{"href":"https:\/\/www.modelcars24.de\/fr\/wp-json\/wp\/v2\/types\/product"}],"replies":[{"embeddable":true,"href":"https:\/\/www.modelcars24.de\/fr\/wp-json\/wp\/v2\/comments?post=18738"}],"version-history":[{"count":3,"href":"https:\/\/www.modelcars24.de\/fr\/wp-json\/wp\/v2\/product\/18738\/revisions"}],"predecessor-version":[{"id":61174,"href":"https:\/\/www.modelcars24.de\/fr\/wp-json\/wp\/v2\/product\/18738\/revisions\/61174"}],"wp:featuredmedia":[{"embeddable":true,"href":"https:\/\/www.modelcars24.de\/fr\/wp-json\/wp\/v2\/media\/18739"}],"wp:attachment":[{"href":"https:\/\/www.modelcars24.de\/fr\/wp-json\/wp\/v2\/media?parent=18738"}],"wp:term":[{"taxonomy":"product_brand","embeddable":true,"href":"https:\/\/www.modelcars24.de\/fr\/wp-json\/wp\/v2\/product_brand?post=18738"},{"taxonomy":"product_cat","embeddable":true,"href":"https:\/\/www.modelcars24.de\/fr\/wp-json\/wp\/v2\/product_cat?post=18738"},{"taxonomy":"product_tag","embeddable":true,"href":"https:\/\/www.modelcars24.de\/fr\/wp-json\/wp\/v2\/product_tag?post=18738"}],"curies":[{"name":"wp","href":"https:\/\/api.w.org\/{rel}","templated":true}]}}