{"id":19877,"date":"2024-06-15T14:29:21","date_gmt":"2024-06-15T12:29:21","guid":{"rendered":"http:\/\/www.mondo-legno.com\/?post_type=product&#038;p=19877"},"modified":"2025-12-10T13:30:55","modified_gmt":"2025-12-10T12:30:55","slug":"ferrari-499p-hypercar-2022-launch-edition","status":"publish","type":"product","link":"https:\/\/www.modelcars24.de\/fr\/ferrari-499p-hypercar-2022-launch-edition\/","title":{"rendered":"Ferrari 499P Hypercar 2022 Launch Edition - 1\/18"},"content":{"rendered":"<p>BBR Ferrari 499P Modified Launch Version 28 Oct 2023. Mod\u00e8le de collection de haute qualit\u00e9 \u00e0 l'\u00e9chelle 1:18.<\/p>\n<p>LA FERRARI 499P MODIFIE ET D\u00c9VOILE LE PROTOTYPE SPORTIF EN \u00c9DITION LIMIT\u00c9E POUR UN USAGE HORS COMP\u00c9TITION<br \/>\nLa nouvelle 499P Modified est une voiture de course strictement limit\u00e9e, r\u00e9serv\u00e9e \u00e0 un usage non comp\u00e9titif. D\u00e9riv\u00e9e de la 499P qui a triomph\u00e9 au Mans en juin 2023, elle s'adresse aux gentlemen drivers.<br \/>\nLa 499P Modified inaugure le nouveau programme Customer Sports Prototypes, qui fonctionne en parall\u00e8le avec F1 Clienti.<br \/>\nLa pr\u00e9sentation a eu lieu sur le circuit international du Mugello pendant la finale mondiale Ferrari 2023. La 499P Modified est une version consid\u00e9rablement modifi\u00e9e de la 499P qui a remport\u00e9 les 24 Heures du Mans en juin dernier pour le centenaire de la course, avec l'objectif d'\u00e9tablir une nouvelle r\u00e9f\u00e9rence en mati\u00e8re de sensations de conduite sur circuit.<br \/>\nCon\u00e7ue pour une client\u00e8le s\u00e9lectionn\u00e9e, la 499P modifi\u00e9e repr\u00e9sente pour Ferrari un projet d'un nouveau type : un produit d\u00e9velopp\u00e9 \u00e0 partir d'une voiture de comp\u00e9tition, et non un mod\u00e8le de s\u00e9rie, qui n'est pas soumis aux limites impos\u00e9es par les r\u00e9glementations techniques.<\/p>\n<p>Ce mod\u00e8le sera disponible au deuxi\u00e8me trimestre 2024.<br \/>Num\u00e9ro d'article : P18226<\/p>","protected":false},"excerpt":{"rendered":"<p>18226 &#8211; 1-brandneu &#8211; anstatt 425,00 \u20ac jetzt 395,00 inkl. 19% Vat<\/p>","protected":false},"featured_media":19878,"comment_status":"open","ping_status":"closed","template":"","meta":{"_acf_changed":false},"product_brand":[851],"product_cat":[169,63,21],"product_tag":[173,209,263],"class_list":{"0":"post-19877","1":"product","2":"type-product","3":"status-publish","4":"has-post-thumbnail","6":"product_brand-bbr","7":"product_cat-bbr","8":"product_cat-ferrari","9":"product_cat-verfuegbar","10":"product_tag-bbr","11":"product_tag-ferrari","12":"product_tag-vorbestellbar","13":"pa_automarke-ferrari","14":"pa_decade-2020s","15":"pa_fahrzeugtyp-gt-rennen","16":"pa_limitiert-nein","17":"pa_massstab-1-18","18":"pa_modelmarke-bbr","19":"pa_modeltyp-fertigmodell","20":"pa_modeltyp-geschlossen","21":"pa_status-beim-hersteller-verfuegbar","22":"pa_verfuegbarkeit-sofort-verfuegbar","23":"pa_zustand_modell-1-brandneu","24":"pa_zustand_verpackung-1-brandneu","26":"first","27":"instock","28":"sale","29":"taxable","30":"shipping-taxable","31":"purchasable","32":"product-type-simple"},"acf":[],"jetpack_sharing_enabled":true,"_links":{"self":[{"href":"https:\/\/www.modelcars24.de\/fr\/wp-json\/wp\/v2\/product\/19877","targetHints":{"allow":["GET"]}}],"collection":[{"href":"https:\/\/www.modelcars24.de\/fr\/wp-json\/wp\/v2\/product"}],"about":[{"href":"https:\/\/www.modelcars24.de\/fr\/wp-json\/wp\/v2\/types\/product"}],"replies":[{"embeddable":true,"href":"https:\/\/www.modelcars24.de\/fr\/wp-json\/wp\/v2\/comments?post=19877"}],"version-history":[{"count":2,"href":"https:\/\/www.modelcars24.de\/fr\/wp-json\/wp\/v2\/product\/19877\/revisions"}],"predecessor-version":[{"id":58151,"href":"https:\/\/www.modelcars24.de\/fr\/wp-json\/wp\/v2\/product\/19877\/revisions\/58151"}],"wp:featuredmedia":[{"embeddable":true,"href":"https:\/\/www.modelcars24.de\/fr\/wp-json\/wp\/v2\/media\/19878"}],"wp:attachment":[{"href":"https:\/\/www.modelcars24.de\/fr\/wp-json\/wp\/v2\/media?parent=19877"}],"wp:term":[{"taxonomy":"product_brand","embeddable":true,"href":"https:\/\/www.modelcars24.de\/fr\/wp-json\/wp\/v2\/product_brand?post=19877"},{"taxonomy":"product_cat","embeddable":true,"href":"https:\/\/www.modelcars24.de\/fr\/wp-json\/wp\/v2\/product_cat?post=19877"},{"taxonomy":"product_tag","embeddable":true,"href":"https:\/\/www.modelcars24.de\/fr\/wp-json\/wp\/v2\/product_tag?post=19877"}],"curies":[{"name":"wp","href":"https:\/\/api.w.org\/{rel}","templated":true}]}}