{"id":207,"date":"2023-03-13T00:00:00","date_gmt":"2023-03-12T23:00:00","guid":{"rendered":"http:\/\/www.mondo-legno.com\/?post_type=product&#038;p=207"},"modified":"2026-02-26T15:28:43","modified_gmt":"2026-02-26T14:28:43","slug":"cmc-mercedes-benz-300-slr-moteur-avec-vitrine","status":"publish","type":"product","link":"https:\/\/www.modelcars24.de\/fr\/cmc-mercedes-benz-300-slr-motor-mit-vitrine\/","title":{"rendered":"CMC Mercedes-Benz 300 SLR Moteur avec vitrine - 1\/18"},"content":{"rendered":"<p>CMC Mercedes-Benz 300 SLR, 1955, moteur avec vitrine Pour la premi\u00e8re fois, le moteur SLR utilisait un bloc-cylindres en alliage d'aluminium. Pour les chemises de cylindre, on utilisait de l'aluminium rev\u00eatu de chrome. Une transmission centrale \u00e0 engrenages, plac\u00e9e entre les deux blocs moteur \u00e0 quatre cylindres, servait de prise de force. Le vilebrequin Hirth, tr\u00e8s \u00e9labor\u00e9, poss\u00e9dait des bielles mont\u00e9es sur roulements \u00e0 rouleaux. Comme toutes les miniatures de moteurs CMC, le mod\u00e8le ressent son mod\u00e8le dans tous les d\u00e9tails et constitue un autre point fort de cette s\u00e9rie. Un \u00e9l\u00e9gant capot en verre acrylique prot\u00e8ge le mod\u00e8le de la salet\u00e9 et de la poussi\u00e8re.<br \/>\nNum\u00e9ro d'article : M-120<\/p>","protected":false},"excerpt":{"rendered":"<p>M-120 &#8211; 1-brandneu &#8211; 133,00 \u20ac inkl. 19% Vat<\/p>","protected":false},"featured_media":51770,"comment_status":"open","ping_status":"closed","template":"","meta":{"_acf_changed":false},"product_brand":[537],"product_cat":[18,19,45,21],"product_tag":[],"class_list":{"0":"post-207","1":"product","2":"type-product","3":"status-publish","4":"has-post-thumbnail","6":"product_brand-cmc","7":"product_cat-cmc","8":"product_cat-mercedes-benz","9":"product_cat-neuzugang","10":"product_cat-verfuegbar","11":"pa_automarke-mercedes","12":"pa_decade-1950s","13":"pa_fahrzeugtyp-motor","14":"pa_limitiert-nein","15":"pa_massstab-1-18","16":"pa_modelmarke-cmc","17":"pa_modeltyp-alles-zum-oeffnen","18":"pa_modeltyp-fertigmodell","19":"pa_status-beim-hersteller-ausverkauft","20":"pa_verfuegbarkeit-sofort-verfuegbar","21":"pa_zustand_modell-1-brandneu","22":"pa_zustand_verpackung-1-brandneu","24":"first","25":"outofstock","26":"taxable","27":"shipping-taxable","28":"purchasable","29":"product-type-simple"},"acf":[],"jetpack_sharing_enabled":true,"_links":{"self":[{"href":"https:\/\/www.modelcars24.de\/fr\/wp-json\/wp\/v2\/product\/207","targetHints":{"allow":["GET"]}}],"collection":[{"href":"https:\/\/www.modelcars24.de\/fr\/wp-json\/wp\/v2\/product"}],"about":[{"href":"https:\/\/www.modelcars24.de\/fr\/wp-json\/wp\/v2\/types\/product"}],"replies":[{"embeddable":true,"href":"https:\/\/www.modelcars24.de\/fr\/wp-json\/wp\/v2\/comments?post=207"}],"version-history":[{"count":4,"href":"https:\/\/www.modelcars24.de\/fr\/wp-json\/wp\/v2\/product\/207\/revisions"}],"predecessor-version":[{"id":57459,"href":"https:\/\/www.modelcars24.de\/fr\/wp-json\/wp\/v2\/product\/207\/revisions\/57459"}],"wp:featuredmedia":[{"embeddable":true,"href":"https:\/\/www.modelcars24.de\/fr\/wp-json\/wp\/v2\/media\/51770"}],"wp:attachment":[{"href":"https:\/\/www.modelcars24.de\/fr\/wp-json\/wp\/v2\/media?parent=207"}],"wp:term":[{"taxonomy":"product_brand","embeddable":true,"href":"https:\/\/www.modelcars24.de\/fr\/wp-json\/wp\/v2\/product_brand?post=207"},{"taxonomy":"product_cat","embeddable":true,"href":"https:\/\/www.modelcars24.de\/fr\/wp-json\/wp\/v2\/product_cat?post=207"},{"taxonomy":"product_tag","embeddable":true,"href":"https:\/\/www.modelcars24.de\/fr\/wp-json\/wp\/v2\/product_tag?post=207"}],"curies":[{"name":"wp","href":"https:\/\/api.w.org\/{rel}","templated":true}]}}