{"id":20706,"date":"2024-05-10T13:00:24","date_gmt":"2024-05-10T11:00:24","guid":{"rendered":"http:\/\/www.mondo-legno.com\/?post_type=product&#038;p=20706"},"modified":"2025-12-10T13:31:03","modified_gmt":"2025-12-10T12:31:03","slug":"bbr-ferrari-12cilindri-coupe-purosangue","status":"publish","type":"product","link":"https:\/\/www.modelcars24.de\/fr\/bbr-ferrari-12cilindri-coupe-purosangue\/","title":{"rendered":"BBR Ferrari 12Cilindri Coupe Purosangue Noir - 1\/18"},"content":{"rendered":"<p>BBR Ferrari 12Cilindri Coupe Purosangue Black. Mod\u00e8le de collection de haute qualit\u00e9 \u00e0 l'\u00e9chelle 1:18.<br \/>Num\u00e9ro d'article : P18248G<\/p>","protected":false},"excerpt":{"rendered":"<p>BBR Ferrari 12Cilindri modelcar, P18248G, scale 1:18 preorder at www.modelcars24.de<\/p>","protected":false},"featured_media":20707,"comment_status":"open","ping_status":"closed","template":"","meta":[],"product_brand":[851],"product_cat":[169,63,262],"product_tag":[173,209,263],"class_list":{"0":"post-20706","1":"product","2":"type-product","3":"status-publish","4":"has-post-thumbnail","6":"product_brand-bbr","7":"product_cat-bbr","8":"product_cat-ferrari","9":"product_cat-vorbestellbar","10":"product_tag-bbr","11":"product_tag-ferrari","12":"product_tag-vorbestellbar","13":"pa_automarke-ferrari","14":"pa_decade-2020s","15":"pa_fahrzeugtyp-coupe","16":"pa_massstab-1-18","17":"pa_modelmarke-bbr","18":"pa_modeltyp-fertigmodell","19":"pa_modeltyp-geschlossen","20":"pa_status-beim-hersteller-verfuegbar","21":"pa_verfuegbarkeit-vorbestellbar","22":"pa_zustand_modell-1-brandneu","23":"pa_zustand_verpackung-1-brandneu","25":"first","26":"instock","27":"taxable","28":"shipping-taxable","29":"purchasable","30":"product-type-simple"},"jetpack_sharing_enabled":true,"_links":{"self":[{"href":"https:\/\/www.modelcars24.de\/fr\/wp-json\/wp\/v2\/product\/20706","targetHints":{"allow":["GET"]}}],"collection":[{"href":"https:\/\/www.modelcars24.de\/fr\/wp-json\/wp\/v2\/product"}],"about":[{"href":"https:\/\/www.modelcars24.de\/fr\/wp-json\/wp\/v2\/types\/product"}],"replies":[{"embeddable":true,"href":"https:\/\/www.modelcars24.de\/fr\/wp-json\/wp\/v2\/comments?post=20706"}],"version-history":[{"count":2,"href":"https:\/\/www.modelcars24.de\/fr\/wp-json\/wp\/v2\/product\/20706\/revisions"}],"predecessor-version":[{"id":58165,"href":"https:\/\/www.modelcars24.de\/fr\/wp-json\/wp\/v2\/product\/20706\/revisions\/58165"}],"wp:featuredmedia":[{"embeddable":true,"href":"https:\/\/www.modelcars24.de\/fr\/wp-json\/wp\/v2\/media\/20707"}],"wp:attachment":[{"href":"https:\/\/www.modelcars24.de\/fr\/wp-json\/wp\/v2\/media?parent=20706"}],"wp:term":[{"taxonomy":"product_brand","embeddable":true,"href":"https:\/\/www.modelcars24.de\/fr\/wp-json\/wp\/v2\/product_brand?post=20706"},{"taxonomy":"product_cat","embeddable":true,"href":"https:\/\/www.modelcars24.de\/fr\/wp-json\/wp\/v2\/product_cat?post=20706"},{"taxonomy":"product_tag","embeddable":true,"href":"https:\/\/www.modelcars24.de\/fr\/wp-json\/wp\/v2\/product_tag?post=20706"}],"curies":[{"name":"wp","href":"https:\/\/api.w.org\/{rel}","templated":true}]}}