{"id":20752,"date":"2024-05-29T13:39:11","date_gmt":"2024-05-29T11:39:11","guid":{"rendered":"http:\/\/www.mondo-legno.com\/?post_type=product&#038;p=20752"},"modified":"2025-12-10T13:31:06","modified_gmt":"2025-12-10T12:31:06","slug":"bbr-ferrari-laferrari-test-2012-open-diecast-rosso-corsa-322-and-matt-black-exclusive-bbr","status":"publish","type":"product","link":"https:\/\/www.modelcars24.de\/fr\/bbr-ferrari-laferrari-test-2012-open-diecast-rosso-corsa-322-and-matt-black-exclusive-bbr\/","title":{"rendered":"BBR Ferrari LaFerrari TEST 2012 Open Diecast Rosso Corsa 322 And Matt Black EXCLUSIVE BBR - 1\/18"},"content":{"rendered":"<p>BBR Ferrari LaFerrari TEST 2012 Open Diecast Rosso Corsa 322 And Matt Black EXCLUSIVE BBR. Mod\u00e8le de collection de haute qualit\u00e9 \u00e0 l'\u00e9chelle 1:18. Diecast, portes et capots ouvrables.<br \/>Num\u00e9ro d'article : BB3182230DIE-1<\/p>","protected":false},"excerpt":{"rendered":"<p>BBR182236ST &#8211; preorder &#8211; 435,00 \u20ac inkl. 19% Vat<\/p>","protected":false},"featured_media":20753,"comment_status":"open","ping_status":"closed","template":"","meta":{"_acf_changed":false},"product_brand":[851],"product_cat":[169,63,262],"product_tag":[173,209,202],"class_list":{"0":"post-20752","1":"product","2":"type-product","3":"status-publish","4":"has-post-thumbnail","6":"product_brand-bbr","7":"product_cat-bbr","8":"product_cat-ferrari","9":"product_cat-vorbestellbar","10":"product_tag-bbr","11":"product_tag-ferrari","12":"product_tag-verfuegbar","13":"pa_automarke-ferrari","14":"pa_decade-2020s","15":"pa_fahrzeugtyp-cabrio","16":"pa_limitiert-ja","17":"pa_massstab-1-18","18":"pa_modelmarke-bbr","19":"pa_modeltyp-alles-zum-oeffnen","20":"pa_modeltyp-fertigmodell","21":"pa_status-beim-hersteller-verfuegbar","22":"pa_verfuegbarkeit-5-tage-lieferzeit","23":"pa_zustand_modell-1-brandneu","24":"pa_zustand_verpackung-1-brandneu","26":"first","27":"instock","28":"taxable","29":"shipping-taxable","30":"purchasable","31":"product-type-simple"},"acf":[],"jetpack_sharing_enabled":true,"_links":{"self":[{"href":"https:\/\/www.modelcars24.de\/fr\/wp-json\/wp\/v2\/product\/20752","targetHints":{"allow":["GET"]}}],"collection":[{"href":"https:\/\/www.modelcars24.de\/fr\/wp-json\/wp\/v2\/product"}],"about":[{"href":"https:\/\/www.modelcars24.de\/fr\/wp-json\/wp\/v2\/types\/product"}],"replies":[{"embeddable":true,"href":"https:\/\/www.modelcars24.de\/fr\/wp-json\/wp\/v2\/comments?post=20752"}],"version-history":[{"count":2,"href":"https:\/\/www.modelcars24.de\/fr\/wp-json\/wp\/v2\/product\/20752\/revisions"}],"predecessor-version":[{"id":58170,"href":"https:\/\/www.modelcars24.de\/fr\/wp-json\/wp\/v2\/product\/20752\/revisions\/58170"}],"wp:featuredmedia":[{"embeddable":true,"href":"https:\/\/www.modelcars24.de\/fr\/wp-json\/wp\/v2\/media\/20753"}],"wp:attachment":[{"href":"https:\/\/www.modelcars24.de\/fr\/wp-json\/wp\/v2\/media?parent=20752"}],"wp:term":[{"taxonomy":"product_brand","embeddable":true,"href":"https:\/\/www.modelcars24.de\/fr\/wp-json\/wp\/v2\/product_brand?post=20752"},{"taxonomy":"product_cat","embeddable":true,"href":"https:\/\/www.modelcars24.de\/fr\/wp-json\/wp\/v2\/product_cat?post=20752"},{"taxonomy":"product_tag","embeddable":true,"href":"https:\/\/www.modelcars24.de\/fr\/wp-json\/wp\/v2\/product_tag?post=20752"}],"curies":[{"name":"wp","href":"https:\/\/api.w.org\/{rel}","templated":true}]}}