{"id":211,"date":"2024-08-18T11:54:22","date_gmt":"2024-08-18T09:54:22","guid":{"rendered":"http:\/\/www.mondo-legno.com\/?post_type=product&#038;p=211"},"modified":"2025-12-10T13:25:14","modified_gmt":"2025-12-10T12:25:14","slug":"cmc-mercedes-benz-300-slr-herrmann-edition-signee","status":"publish","type":"product","link":"https:\/\/www.modelcars24.de\/fr\/cmc-mercedes-benz-300-slr-herrmann-signatur-edition\/","title":{"rendered":"CMC Mercedes-Benz 300 SLR, Herrmann \u00c9dition Signature - 1\/18"},"content":{"rendered":"<p>CMC Mercedes-Benz 300 SLR, Herrmann \u00c9dition Signature<\/p>\n<p>En raison d'un bouchon de r\u00e9servoir qui a saut\u00e9 et qui a fait d\u00e9border le carburant sur le conducteur et le passager, Hans Herrmann, qui se trouvait dans une position prometteuse dans le groupe de t\u00eate, a malheureusement d\u00fb abandonner \u00e0 plus de la moiti\u00e9 du parcours. Hans Herrmann a t\u00e9moign\u00e9 de son estime et de la qualit\u00e9 exceptionnelle de ce mod\u00e8le sp\u00e9cial en apposant sa signature sur chaque capot de l'\u00e9dition sp\u00e9ciale.<\/p>\n<div>\n<ul>\n<li>Volant \u00e0 trois branches. L'int\u00e9rieur est rev\u00eatu de cuir et les si\u00e8ges de tissu. La porte du conducteur, qui pivotait vers le haut, facilitait l'acc\u00e8s \u00e0 bord. Le passager devait se passer de porte.<\/li>\n<li>Roues de secours amovibles, adapt\u00e9es \u00e0 la taille des roues avant et arri\u00e8re<\/li>\n<li>Roues \u00e0 rayons avec jantes en aluminium et picots ins\u00e9r\u00e9s individuellement pour les rayons en fil d'acier inoxydable<\/li>\n<li>Les roues peuvent \u00eatre retir\u00e9es au moyen d'une fermeture centrale \u00e0 trois battants, la g\u00e9om\u00e9trie des battants \u00e9tant adapt\u00e9e au c\u00f4t\u00e9 du v\u00e9hicule.<\/li>\n<li>Ventilation du cockpit, pare-brise et r\u00e9troviseurs reproduits de mani\u00e8re authentique<\/li>\n<li>Tableau de bord d'origine avec tous les instruments d'affichage et les \u00e9l\u00e9ments de commande<\/li>\n<li>Les d\u00f4mes des appuie-nuque sont solidement fix\u00e9s au hayon et peuvent \u00eatre relev\u00e9s en tant qu'unit\u00e9 pour acc\u00e9der aux roues de secours. Le capot ouvert est s\u00e9curis\u00e9 par une barre d'appui.<\/li>\n<li>La trappe \u00e0 carburant est int\u00e9gr\u00e9e dans le d\u00f4me de l'appuie-t\u00eate c\u00f4t\u00e9 conducteur. Le goulot de remplissage du r\u00e9servoir situ\u00e9 en dessous est dot\u00e9 d'un bouchon de r\u00e9servoir amovible en acier inoxydable.<\/li>\n<li>Partie avant avec grilles filigranes sur le radiateur et le canal d'admission d'air du moteur<\/li>\n<li>Moteur huit cylindres en ligne hautement d\u00e9taill\u00e9 en position de montage inclin\u00e9e avec tous les \u00e9l\u00e9ments rapport\u00e9s, y compris la pose compl\u00e8te des conduites et le c\u00e2blage<\/li>\n<li>Les sidepipes d'\u00e9chappement sont fabriqu\u00e9s en acier inoxydable<\/li>\n<li>Suspension avant avec freins \u00e0 tambour internes<\/li>\n<li>Cadre tubulaire en treillis avec r\u00e9servoir, suspension de roue, consoles d'appui pour les roues de secours et pompes \u00e0 essence \u00e9lectriques<\/li>\n<\/ul>\n<\/div>\n<h4>Description du v\u00e9hicule original :<\/h4>\n<div>En 1955, la grande manifestation annuelle des Mille Miglia avait un plateau de participants particuli\u00e8rement attrayant. Mercedes-Benz avait de grands projets et envoya une armada de quatre voitures de course de type 300 SLR qui furent utilis\u00e9es pour la premi\u00e8re fois. Des pilotes de haut niveau connus devaient disputer la victoire \u00e0 leurs concurrents les plus redoutables comme Ferrari, Maserati et Aston Martin. La moiti\u00e9 de l'Italie \u00e9tait debout et attendait avec impatience cet \u00e9v\u00e9nement national de sport automobile.<br \/>\nLe 1er mai 1955, \u00e0 7h04 du matin, la 300 SLR portant le num\u00e9ro 704 (num\u00e9ro de d\u00e9part = heure de d\u00e9part) et son pilote Hans Herrmann, accompagn\u00e9 de son copilote Hermann Eger, quittent la rampe de d\u00e9part de Brescia pour parcourir les quelque 1600 km de la 22e Mille Miglia.<br \/>\nL'\u00e9quipe a malheureusement d\u00fb abandonner \u00e0 mi-parcours, alors qu'elle se trouvait dans un groupe de t\u00eate prometteur, en raison d'un bouchon de r\u00e9servoir qui a saut\u00e9 et provoqu\u00e9 un d\u00e9bordement de carburant sur le pilote et le copilote.<br \/>\nL'issue de la course est d\u00e9sormais connue dans le monde entier et est entr\u00e9e dans l'histoire de la course. Stirling Moss a f\u00eat\u00e9 un succ\u00e8s triomphal en tant que vainqueur.<\/div>\n<p>Num\u00e9ro d'article : M-124<\/p>","protected":false},"excerpt":{"rendered":"<p>Mercedes-Benz 300 SLR, Herrmann Signatur Edition modelcar, M-124, from CMC, now available at www.modelcars24.de<\/p>","protected":false},"featured_media":44062,"comment_status":"open","ping_status":"closed","template":"","meta":{"_acf_changed":false},"product_brand":[537],"product_cat":[18,19,45,21],"product_tag":[],"class_list":{"0":"post-211","1":"product","2":"type-product","3":"status-publish","4":"has-post-thumbnail","6":"product_brand-cmc","7":"product_cat-cmc","8":"product_cat-mercedes-benz","9":"product_cat-neuzugang","10":"product_cat-verfuegbar","11":"pa_automarke-mercedes","12":"pa_decade-1950s","13":"pa_fahrzeugtyp-gt-rennen","14":"pa_farbe-silber","15":"pa_limitiert-ja","16":"pa_massstab-1-18","17":"pa_modelmarke-cmc","18":"pa_modeltyp-alles-zum-oeffnen","19":"pa_modeltyp-fertigmodell","20":"pa_status-beim-hersteller-ausverkauft","21":"pa_verfuegbarkeit-sofort-verfuegbar","22":"pa_zustand_modell-2-neuwertig","23":"pa_zustand_verpackung-2-neuwertig","25":"first","26":"outofstock","27":"purchasable","28":"product-type-simple"},"acf":[],"jetpack_sharing_enabled":true,"_links":{"self":[{"href":"https:\/\/www.modelcars24.de\/fr\/wp-json\/wp\/v2\/product\/211","targetHints":{"allow":["GET"]}}],"collection":[{"href":"https:\/\/www.modelcars24.de\/fr\/wp-json\/wp\/v2\/product"}],"about":[{"href":"https:\/\/www.modelcars24.de\/fr\/wp-json\/wp\/v2\/types\/product"}],"replies":[{"embeddable":true,"href":"https:\/\/www.modelcars24.de\/fr\/wp-json\/wp\/v2\/comments?post=211"}],"version-history":[{"count":3,"href":"https:\/\/www.modelcars24.de\/fr\/wp-json\/wp\/v2\/product\/211\/revisions"}],"predecessor-version":[{"id":57461,"href":"https:\/\/www.modelcars24.de\/fr\/wp-json\/wp\/v2\/product\/211\/revisions\/57461"}],"wp:featuredmedia":[{"embeddable":true,"href":"https:\/\/www.modelcars24.de\/fr\/wp-json\/wp\/v2\/media\/44062"}],"wp:attachment":[{"href":"https:\/\/www.modelcars24.de\/fr\/wp-json\/wp\/v2\/media?parent=211"}],"wp:term":[{"taxonomy":"product_brand","embeddable":true,"href":"https:\/\/www.modelcars24.de\/fr\/wp-json\/wp\/v2\/product_brand?post=211"},{"taxonomy":"product_cat","embeddable":true,"href":"https:\/\/www.modelcars24.de\/fr\/wp-json\/wp\/v2\/product_cat?post=211"},{"taxonomy":"product_tag","embeddable":true,"href":"https:\/\/www.modelcars24.de\/fr\/wp-json\/wp\/v2\/product_tag?post=211"}],"curies":[{"name":"wp","href":"https:\/\/api.w.org\/{rel}","templated":true}]}}