{"id":213,"date":"2024-01-28T00:00:00","date_gmt":"2024-01-27T23:00:00","guid":{"rendered":"http:\/\/www.mondo-legno.com\/?post_type=product&#038;p=213"},"modified":"2026-01-23T14:14:24","modified_gmt":"2026-01-23T13:14:24","slug":"cmc-maserati-tipo-61-birdcage-moteur-avec-vitrine","status":"publish","type":"product","link":"https:\/\/www.modelcars24.de\/fr\/cmc-maserati-tipo-61-birdcage-motor-mit-vitrine\/","title":{"rendered":"CMC Maserati Tipo 61 Birdcage, moteur avec vitrine - 1\/18"},"content":{"rendered":"<h3>CMC Maserati Tipo 61 Birdcage, moteur avec vitrine, M-126<\/h3>\n<p>Afin de r\u00e9pondre au march\u00e9 potentiel des voitures de course qui, \u00e0 la fin des ann\u00e9es 1950, se situait clairement aux \u00c9tats-Unis, mais aussi pour s'en sortir \u00e9conomiquement, le propri\u00e9taire de Maserati, Orsi, et son chef constructeur, Gulio Alfieri, ont \u00e9t\u00e9 contraints d'agir et de d\u00e9velopper un moteur de trois litres pour leur Birdcage. Alfieri a r\u00e9ussi un tour de force qui est entr\u00e9 dans l'histoire de la course avec la combinaison ch\u00e2ssis\/moteur qu'il a baptis\u00e9e Tipo 61.<br \/>\nDans le cadre du d\u00e9veloppement de la Tipo 61, le moteur, tr\u00e8s proche de celui de la Type 200 SI, a \u00e9t\u00e9 retravaill\u00e9 dans de nombreux domaines. Le chef constructeur Giulio Alfieri \u00e9tait conscient qu'il fallait aller jusqu'\u00e0 l'extr\u00eame limite du point de vue de la puissance pour pouvoir r\u00e9sister \u00e0 la concurrence surpuissante de Ferrari ou d'Aston Martin.<br \/>\nLes principaux \u00e9l\u00e9ments de la r\u00e9vision du moteur atmosph\u00e9rique \u00e0 quatre cylindres en ligne incluent la fabrication du bloc-cylindres et des culasses en alliage l\u00e9ger. L'al\u00e9sage et la course ont \u00e9t\u00e9 augment\u00e9s \u00e0 95,5 x 92 mm, ce qui permet d'obtenir une cylindr\u00e9e totale de 2.890 cm3. La commande des soupapes est assur\u00e9e par deux arbres \u00e0 cames en t\u00eate entra\u00een\u00e9s par un jeu d'engrenages. Deux carburateurs doubles Weber alimentent les quatre cylindres du moteur en \u00e9conomisant du carburant.<br \/>\nLe concept d'installation du moteur a \u00e9t\u00e9 con\u00e7u de mani\u00e8re \u00e0 ce que le groupe se d\u00e9place loin derri\u00e8re l'essieu avant et constitue ainsi en principe un moteur central avant. Le moteur lui-m\u00eame a \u00e9t\u00e9 inclin\u00e9 de 45\u00b0 vers la droite afin de pouvoir maintenir la surface frontale du bolide \u00e0 plat. De plus, cette disposition permettait de conserver le centre de gravit\u00e9 bas souhait\u00e9. Il a toutefois fallu modifier le carter d'huile du moteur et l'adapter \u00e0 la position de montage inclin\u00e9e.<br \/>\nAu final, on disposait d'un moteur haute performance de 250 ch qui, avec une lubrification \u00e0 carter sec et un radiateur d'huile s\u00e9par\u00e9, offrait la stabilit\u00e9 n\u00e9cessaire. Cette qualit\u00e9 a \u00e9t\u00e9 d\u00e9montr\u00e9e de mani\u00e8re impressionnante avec la victoire spectaculaire aux 1000 km d'endurance du N\u00fcrburgring en 1960 et la nouvelle victoire un an plus tard \u00e0 la m\u00eame course.<br \/>\nNum\u00e9ro d'article : M-126<\/p>","protected":false},"excerpt":{"rendered":"<p>M-126 \u2013 1-neuf \u2013 133,00 \u20ac ttc 19% TVA<\/p>","protected":false},"featured_media":48830,"comment_status":"open","ping_status":"closed","template":"","meta":{"_acf_changed":false},"product_brand":[537],"product_cat":[17,18,90,20,21],"product_tag":[91,92],"class_list":{"0":"post-213","1":"product","2":"type-product","3":"status-publish","4":"has-post-thumbnail","6":"product_brand-cmc","7":"product_cat-angebot","8":"product_cat-cmc","9":"product_cat-maserati","10":"product_cat-titel","11":"product_cat-verfuegbar","12":"product_tag-cmc-maserati-tipo-61-birdcage","13":"product_tag-motor-mit-vitrine","14":"pa_automarke-maserati","15":"pa_decade-1960s","16":"pa_fahrzeugtyp-gt-rennen","17":"pa_limitiert-nein","18":"pa_massstab-1-18","19":"pa_modelmarke-cmc","20":"pa_modeltyp-alles-zum-oeffnen","21":"pa_modeltyp-fertigmodell","22":"pa_status-beim-hersteller-ausverkauft","23":"pa_verfuegbarkeit-sofort-verfuegbar","24":"pa_zustand_modell-2-neuwertig","25":"pa_zustand_verpackung-2-neuwertig","27":"first","28":"instock","29":"taxable","30":"shipping-taxable","31":"purchasable","32":"product-type-simple"},"acf":[],"jetpack_sharing_enabled":true,"_links":{"self":[{"href":"https:\/\/www.modelcars24.de\/fr\/wp-json\/wp\/v2\/product\/213","targetHints":{"allow":["GET"]}}],"collection":[{"href":"https:\/\/www.modelcars24.de\/fr\/wp-json\/wp\/v2\/product"}],"about":[{"href":"https:\/\/www.modelcars24.de\/fr\/wp-json\/wp\/v2\/types\/product"}],"replies":[{"embeddable":true,"href":"https:\/\/www.modelcars24.de\/fr\/wp-json\/wp\/v2\/comments?post=213"}],"version-history":[{"count":4,"href":"https:\/\/www.modelcars24.de\/fr\/wp-json\/wp\/v2\/product\/213\/revisions"}],"predecessor-version":[{"id":57462,"href":"https:\/\/www.modelcars24.de\/fr\/wp-json\/wp\/v2\/product\/213\/revisions\/57462"}],"wp:featuredmedia":[{"embeddable":true,"href":"https:\/\/www.modelcars24.de\/fr\/wp-json\/wp\/v2\/media\/48830"}],"wp:attachment":[{"href":"https:\/\/www.modelcars24.de\/fr\/wp-json\/wp\/v2\/media?parent=213"}],"wp:term":[{"taxonomy":"product_brand","embeddable":true,"href":"https:\/\/www.modelcars24.de\/fr\/wp-json\/wp\/v2\/product_brand?post=213"},{"taxonomy":"product_cat","embeddable":true,"href":"https:\/\/www.modelcars24.de\/fr\/wp-json\/wp\/v2\/product_cat?post=213"},{"taxonomy":"product_tag","embeddable":true,"href":"https:\/\/www.modelcars24.de\/fr\/wp-json\/wp\/v2\/product_tag?post=213"}],"curies":[{"name":"wp","href":"https:\/\/api.w.org\/{rel}","templated":true}]}}