{"id":22435,"date":"2024-08-02T11:43:43","date_gmt":"2024-08-02T09:43:43","guid":{"rendered":"http:\/\/www.mondo-legno.com\/?post_type=product&#038;p=22435"},"modified":"2025-12-10T13:31:15","modified_gmt":"2025-12-10T12:31:15","slug":"autoart-porsche-918-spyder-weissach-package","status":"publish","type":"product","link":"https:\/\/www.modelcars24.de\/fr\/autoart-porsche-918-spyder-weissach-package\/","title":{"rendered":"AUTOart Porsche 918 Spyder Weissach Package (White with Red interior) - 1\/18"},"content":{"rendered":"<p>AUTOart Porsche 918 Spyder Weissach Package (White with Red interior). Mod\u00e8le de collection de haute qualit\u00e9 \u00e0 l'\u00e9chelle 1:18.<br \/>Num\u00e9ro d'article : 77920<\/p>","protected":false},"excerpt":{"rendered":"<p>AUTOart Porsche 918 Spyder Weissach Package (White with Red interior), scale 1:18 preorder at www.modelcars24.de<\/p>","protected":false},"featured_media":22436,"comment_status":"open","ping_status":"closed","template":"","meta":{"_acf_changed":false},"product_brand":[846],"product_cat":[185,56,262],"product_tag":[187,456,263],"class_list":{"0":"post-22435","1":"product","2":"type-product","3":"status-publish","4":"has-post-thumbnail","6":"product_brand-autoart","7":"product_cat-autoart","8":"product_cat-porsche","9":"product_cat-vorbestellbar","10":"product_tag-autoart","11":"product_tag-corvette","12":"product_tag-vorbestellbar","13":"pa_automarke-porsche","14":"pa_decade-2020s","15":"pa_fahrzeugtyp-cabrio","16":"pa_limitiert-nein","17":"pa_massstab-1-18","18":"pa_modelmarke-autoart","19":"pa_modeltyp-alles-zum-oeffnen","20":"pa_modeltyp-fertigmodell","21":"pa_status-beim-hersteller-verfuegbar","22":"pa_verfuegbarkeit-vorbestellbar","23":"pa_zustand_modell-1-brandneu","24":"pa_zustand_verpackung-1-brandneu","26":"first","27":"instock","28":"taxable","29":"shipping-taxable","30":"purchasable","31":"product-type-simple"},"acf":[],"jetpack_sharing_enabled":true,"_links":{"self":[{"href":"https:\/\/www.modelcars24.de\/fr\/wp-json\/wp\/v2\/product\/22435","targetHints":{"allow":["GET"]}}],"collection":[{"href":"https:\/\/www.modelcars24.de\/fr\/wp-json\/wp\/v2\/product"}],"about":[{"href":"https:\/\/www.modelcars24.de\/fr\/wp-json\/wp\/v2\/types\/product"}],"replies":[{"embeddable":true,"href":"https:\/\/www.modelcars24.de\/fr\/wp-json\/wp\/v2\/comments?post=22435"}],"version-history":[{"count":2,"href":"https:\/\/www.modelcars24.de\/fr\/wp-json\/wp\/v2\/product\/22435\/revisions"}],"predecessor-version":[{"id":58191,"href":"https:\/\/www.modelcars24.de\/fr\/wp-json\/wp\/v2\/product\/22435\/revisions\/58191"}],"wp:featuredmedia":[{"embeddable":true,"href":"https:\/\/www.modelcars24.de\/fr\/wp-json\/wp\/v2\/media\/22436"}],"wp:attachment":[{"href":"https:\/\/www.modelcars24.de\/fr\/wp-json\/wp\/v2\/media?parent=22435"}],"wp:term":[{"taxonomy":"product_brand","embeddable":true,"href":"https:\/\/www.modelcars24.de\/fr\/wp-json\/wp\/v2\/product_brand?post=22435"},{"taxonomy":"product_cat","embeddable":true,"href":"https:\/\/www.modelcars24.de\/fr\/wp-json\/wp\/v2\/product_cat?post=22435"},{"taxonomy":"product_tag","embeddable":true,"href":"https:\/\/www.modelcars24.de\/fr\/wp-json\/wp\/v2\/product_tag?post=22435"}],"curies":[{"name":"wp","href":"https:\/\/api.w.org\/{rel}","templated":true}]}}