{"id":22855,"date":"2024-12-08T11:39:30","date_gmt":"2024-12-08T10:39:30","guid":{"rendered":"http:\/\/www.mondo-legno.com\/?post_type=product&#038;p=22855"},"modified":"2025-12-10T13:31:19","modified_gmt":"2025-12-10T12:31:19","slug":"ixo-mercedes-300-sl-rouge-modele-fini18","status":"publish","type":"product","link":"https:\/\/www.modelcars24.de\/fr\/ixo-mercedes-300-sl-rot-fertigmodell18\/","title":{"rendered":"Mercedes 300 SL rouge Mod\u00e8le fini 1:8 - 1\/8"},"content":{"rendered":"<p>Mercedes 300 SL rouge Mod\u00e8le fini 1:8. Mod\u00e8le de collection de haute qualit\u00e9 \u00e0 l'\u00e9chelle 1:8. Diecast, all open. Disponible \u00e9galement dans d'autres couleurs, ou comme mod\u00e8le tailor made, comme votre v\u00e9hicule original.<\/p>\n<p>Nous construisons des mod\u00e8les Mercedes 300 SL \u00e0 l'\u00e9chelle 1:8 conform\u00e9ment \u00e0 votre v\u00e9hicule original. Une multitude d'\u00e9quipements peuvent \u00eatre r\u00e9alis\u00e9s. Outre la peinture, la finition des jantes, les packs d'\u00e9quipement ou les phares. \u00c0 l'int\u00e9rieur, cela continue avec la couleur de l'\u00e9quipement int\u00e9rieur, les tableaux de bord. Bien entendu, il existe aussi une plaque d'immatriculation personnalis\u00e9e.  Le d\u00e9lai de livraison pour un mod\u00e8le personnalis\u00e9 est d'environ deux mois. N'h\u00e9sitez pas \u00e0 me contacter \u00e0 l'adresse klaus.jeschke@modelcars24.de pour configurer votre Mercedes.<\/p>\n<p>Donn\u00e9es techniques :<\/p>\n<ul>\n<li>\u00c9chelle : 1:8<\/li>\n<li>longueur : 56,5 cm<\/li>\n<li>largeur : 23 cm<\/li>\n<li>hauteur : 16 cm<\/li>\n<li>poids : 7,3 kg<\/li>\n<li>Plus de 602 pi\u00e8ces, dont 113 en m\u00e9tal<\/li>\n<li>Fonction de phare et de feu arri\u00e8re<\/li>\n<li>Direction fonctionnelle<\/li>\n<li>Moteur d\u00e9taill\u00e9<\/li>\n<li>Sous licence officielle de Mercedes-Benz<\/li>\n<\/ul>\n<p>Num\u00e9ro d'article : 10107X-1<\/p>","protected":false},"excerpt":{"rendered":"<p>10107X, 2955,00 \u20ac<\/p>","protected":false},"featured_media":46484,"comment_status":"open","ping_status":"closed","template":"","meta":[],"product_brand":[],"product_cat":[426,417,272,262],"product_tag":[460,316,263],"class_list":{"0":"post-22855","1":"product","2":"type-product","3":"status-publish","4":"has-post-thumbnail","6":"product_cat-funding","7":"product_cat-ixo","8":"product_cat-mercedes","9":"product_cat-vorbestellbar","10":"product_tag-ixo","11":"product_tag-mercedes","12":"product_tag-vorbestellbar","13":"pa_automarke-mercedes","14":"pa_decade-1960s","15":"pa_fahrzeugtyp-coupe","16":"pa_limitiert-nein","17":"pa_massstab-1-8","18":"pa_modelmarke-ixo","19":"pa_modeltyp-alles-zum-oeffnen","20":"pa_modeltyp-fertigmodell","21":"pa_status-beim-hersteller-verfuegbar","22":"pa_verfuegbarkeit-vorbestellbar","23":"pa_zustand_modell-1-brandneu","24":"pa_zustand_verpackung-1-brandneu","26":"first","27":"instock","28":"taxable","29":"shipping-taxable","30":"purchasable","31":"product-type-simple"},"jetpack_sharing_enabled":true,"_links":{"self":[{"href":"https:\/\/www.modelcars24.de\/fr\/wp-json\/wp\/v2\/product\/22855","targetHints":{"allow":["GET"]}}],"collection":[{"href":"https:\/\/www.modelcars24.de\/fr\/wp-json\/wp\/v2\/product"}],"about":[{"href":"https:\/\/www.modelcars24.de\/fr\/wp-json\/wp\/v2\/types\/product"}],"replies":[{"embeddable":true,"href":"https:\/\/www.modelcars24.de\/fr\/wp-json\/wp\/v2\/comments?post=22855"}],"version-history":[{"count":3,"href":"https:\/\/www.modelcars24.de\/fr\/wp-json\/wp\/v2\/product\/22855\/revisions"}],"predecessor-version":[{"id":58197,"href":"https:\/\/www.modelcars24.de\/fr\/wp-json\/wp\/v2\/product\/22855\/revisions\/58197"}],"wp:featuredmedia":[{"embeddable":true,"href":"https:\/\/www.modelcars24.de\/fr\/wp-json\/wp\/v2\/media\/46484"}],"wp:attachment":[{"href":"https:\/\/www.modelcars24.de\/fr\/wp-json\/wp\/v2\/media?parent=22855"}],"wp:term":[{"taxonomy":"product_brand","embeddable":true,"href":"https:\/\/www.modelcars24.de\/fr\/wp-json\/wp\/v2\/product_brand?post=22855"},{"taxonomy":"product_cat","embeddable":true,"href":"https:\/\/www.modelcars24.de\/fr\/wp-json\/wp\/v2\/product_cat?post=22855"},{"taxonomy":"product_tag","embeddable":true,"href":"https:\/\/www.modelcars24.de\/fr\/wp-json\/wp\/v2\/product_tag?post=22855"}],"curies":[{"name":"wp","href":"https:\/\/api.w.org\/{rel}","templated":true}]}}