{"id":231,"date":"2022-12-30T11:54:23","date_gmt":"2022-12-30T10:54:23","guid":{"rendered":"http:\/\/www.mondo-legno.com\/?post_type=product&#038;p=231"},"modified":"2025-12-10T13:25:18","modified_gmt":"2025-12-10T12:25:18","slug":"cmc-alfa-romeo-6c-1750-gs-1930-2","status":"publish","type":"product","link":"https:\/\/www.modelcars24.de\/fr\/cmc-alfa-romeo-6c-1750-gs-1930-2\/","title":{"rendered":"CMC Alfa Romeo 6C 1750 GS, 1930 - 1\/18"},"content":{"rendered":"<h3>CMC Alfa Romeo 6C 1750 GS, 1930, non peinte<\/h3>\n<p>Avec la 6C 1750 Gran Sport en version non peinte, CMC vous pr\u00e9sente une \u00e9dition sp\u00e9ciale limit\u00e9e \u00e0 seulement 1000 exemplaires dans le monde entier, une raret\u00e9 \u00e0 l'apparence exceptionnelle qui se d\u00e9marque nettement de la norme bien \u00e9tablie.<br \/>\nMais c'est pr\u00e9cis\u00e9ment pour cette raison que l'on se rend compte, en voyant cette r\u00e9plique, \u00e0 quel point une miniature peut \u00eatre belle m\u00eame sans peinture. Avec son aura tout \u00e0 fait particuli\u00e8re et son rayonnement expressif, elle se d\u00e9marque avec assurance des mod\u00e8les habituellement peints et parvient \u00e0 convaincre les connaisseurs.<br \/>\nLe travail artisanal des mat\u00e9riaux de haute qualit\u00e9 est particuli\u00e8rement mis en valeur et souligne durablement le caract\u00e8re exceptionnel de cette pi\u00e8ce de collection.<br \/>\nPour une protection durable contre les d\u00e9colorations naturelles des mat\u00e9riaux ou l'apparition de patine, toutes les surfaces des mod\u00e8les sont scell\u00e9es avec un vernis transparent.<\/p>\n<div>\n<ul>\n<li>Mod\u00e8le de pr\u00e9cision en m\u00e9tal, assembl\u00e9 \u00e0 la main, en tant que volant \u00e0 droite, compos\u00e9 de 1 800 pi\u00e8ces, dont 1 311 pi\u00e8ces uniquement en m\u00e9tal<\/li>\n<li>Carrosserie Spyder authentique et \u00e0 l'\u00e9chelle du g\u00e9nial carrossier Zagato<\/li>\n<li>Ch\u00e2ssis du v\u00e9hicule en tant que construction m\u00e9tallique<\/li>\n<li>Moteur 6 cylindres en ligne hautement d\u00e9taill\u00e9 avec compresseur Roots mont\u00e9 sur la face avant, ainsi que tous les autres \u00e9quipements et le c\u00e2blage complet.<\/li>\n<li>Partie avant au design marquant avec le fameux bloc optique \u00e0 3 phares<\/li>\n<li>Les grilles de protection contre les gravillons prot\u00e8gent le verre des phares contre les dommages. Caches rouges amovibles<\/li>\n<li>Capot moteur \u00e0 double battant ouvrant avec possibilit\u00e9 de rangement sur des broches m\u00e9talliques<\/li>\n<li>Grille de protection contre les gravillons en m\u00e9tal \u00e0 mailles fines pour \u00e9viter d'endommager le r\u00e9seau de radiateurs<\/li>\n<li>Pare-brise avec cadre de fixation ind\u00e9formable en m\u00e9tal<\/li>\n<li>Portes mobiles articul\u00e9es sur des charni\u00e8res finement model\u00e9es<\/li>\n<li>Goulot de remplissage lat\u00e9ral du r\u00e9servoir d'huile log\u00e9 dans le cockpit et goulot de remplissage arri\u00e8re du r\u00e9servoir de carburant en t\u00f4le d'acier inoxydable, chacun avec bouchon m\u00e9tallique mobile<\/li>\n<li>Coffre \u00e0 bagages derri\u00e8re le compartiment de rangement de la capote avec volet mobile<\/li>\n<li>Cockpit d\u00e9taill\u00e9 avec rev\u00eatement en cuir v\u00e9ritable des si\u00e8ges et des panneaux lat\u00e9raux des portes<\/li>\n<li>Reproduction d\u00e9taill\u00e9e du tableau de bord avec tous les \u00e9l\u00e9ments d'affichage et les boutons de commande<\/li>\n<li>Dispositif de fixation fonctionnel pour roues de secours doubles. Les roues peuvent \u00eatre retir\u00e9es apr\u00e8s avoir desserr\u00e9 une vis \u00e0 garret.<\/li>\n<li>Roues \u00e0 rayons parfaites avec jante en aluminium et rayons en fil d'acier inoxydable \u00e0 nervures. Des fermetures centrales vissables avec filetage \u00e0 droite\/gauche permettent d'enlever les roues.<\/li>\n<li>Plancher complexe avec essieu avant\/arri\u00e8re en m\u00e9tal coul\u00e9 et repr\u00e9sentation des tringles de frein m\u00e9caniques, des ressorts \u00e0 lames et des amortisseurs \u00e0 friction en m\u00e9tal.<\/li>\n<li>Surfaces m\u00e9talliques scell\u00e9es avec un vernis transparent<\/li>\n<\/ul>\n<\/div>\n<h4>Description du v\u00e9hicule original :<\/h4>\n<div>Con\u00e7ue principalement comme une voiture de comp\u00e9tition, la 6C 1750 GS a nettement domin\u00e9 ses contemporaines, surtout gr\u00e2ce \u00e0 son excellente acc\u00e9l\u00e9ration associ\u00e9e \u00e0 une conception simple du ch\u00e2ssis et \u00e0 la fiabilit\u00e9 de ses composants m\u00e9caniques. La r\u00e9ponse inhabituellement agile \u00e0 l'acc\u00e9l\u00e9ration et la facilit\u00e9 de rotation du moteur ont \u00e9galement \u00e9t\u00e9 d\u00e9cisives. La suspension bien adapt\u00e9e, rigide mais pas trop dure, permettait une conduite m\u00e9nageant l'\u00e9nergie. Avec un poids \u00e0 vide de 920 kg et une puissance de 85 ch \u00e0 4.500 tr\/min, la Gran Sport atteignait 145 km\/h, une vitesse fabuleuse pour une voiture de 1930 d'une cylindr\u00e9e nettement inf\u00e9rieure \u00e0 deux litres. En 1929 et 1930, Alfa Romeo envoyait dans les courses particuli\u00e8rement exigeantes des voitures officielles d'usine qui disposaient de culasses soud\u00e9es et d'un vilebrequin \u00e0 huit paliers et qui pouvaient se targuer d'une puissance de 102 ch \u00e0 5.000 \/min. Avec un poids \u00e0 vide encore r\u00e9duit \u00e0 840 kg, la Gran Sport de 1930 atteignait une vitesse de pointe allant jusqu'\u00e0 170 km\/h. Elle \u00e9tait \u00e9quip\u00e9e d'un moteur \u00e0 essence et d'un moteur diesel.<br \/>\nTazio Nuvolari et son copilote Guidotti profitent de ces conditions favorables pour livrer un duel acharn\u00e9 \u00e0 leur rival Achille Varzi, \u00e9galement sur Alfa 6C 1750 GS, lors des Mille Miglia 1930 avec leur 6C 1750 GS et le num\u00e9ro de d\u00e9part 84. Les deux pilotes vedettes ne se font pas de cadeaux et se livrent \u00e0 des combines. La l\u00e9gende veut que Nuvolari se soit approch\u00e9 de Varzi de nuit, les phares \u00e9teints, et qu'il ait allum\u00e9 ses trois phares rouge vif juste derri\u00e8re son rival, avant de passer \u00e0 toute vitesse devant Varzi, stup\u00e9fait, et de remporter ainsi la course devant Varzi.<br \/>\nDepuis cette \u00e9poque, les trois phares avant \u00e9quip\u00e9s de caches en plastique rouge font partie des signes distinctifs les plus populaires des mod\u00e8les sportifs d'avant-guerre de la maison Alfa Romeo.<br \/>\nD'ailleurs, lors des Mille Miglia 1930, quatre voitures d'usine Alfa ont occup\u00e9 les quatre premi\u00e8res places du classement g\u00e9n\u00e9ral, le vainqueur Tazio Nuvolari ayant r\u00e9ussi \u00e0 d\u00e9passer les 100 km\/h de moyenne.<\/div>\n<p>Num\u00e9ro d'article : M-142<\/p>","protected":false},"excerpt":{"rendered":"<p>CMC Alfa Romeo 6C 1750 GS, 1930 modelcar, M-142, from CMC, now available at www.modelcars24.de<\/p>","protected":false},"featured_media":44085,"comment_status":"open","ping_status":"closed","template":"","meta":{"_acf_changed":false},"product_brand":[537],"product_cat":[100,18,20,21],"product_tag":[101,102,96],"class_list":{"0":"post-231","1":"product","2":"type-product","3":"status-publish","4":"has-post-thumbnail","6":"product_brand-cmc","7":"product_cat-alfa-romeo","8":"product_cat-cmc","9":"product_cat-titel","10":"product_cat-verfuegbar","11":"product_tag-101","12":"product_tag-cmc-alfa-romeo-6c-1750-gs","13":"product_tag-unlackiert","14":"pa_automarke-alfa-romeo","15":"pa_decade-1930s","16":"pa_fahrzeugtyp-formel-1","17":"pa_farbe-unlackiert","18":"pa_limitiert-ja","19":"pa_massstab-1-18","20":"pa_modelmarke-cmc","21":"pa_modeltyp-alles-zum-oeffnen","22":"pa_modeltyp-fertigmodell","23":"pa_status-beim-hersteller-ausverkauft","24":"pa_verfuegbarkeit-sofort-verfuegbar","25":"pa_zustand_modell-2-neuwertig","26":"pa_zustand_verpackung-2-neuwertig","28":"first","29":"outofstock","30":"purchasable","31":"product-type-simple"},"acf":[],"jetpack_sharing_enabled":true,"_links":{"self":[{"href":"https:\/\/www.modelcars24.de\/fr\/wp-json\/wp\/v2\/product\/231","targetHints":{"allow":["GET"]}}],"collection":[{"href":"https:\/\/www.modelcars24.de\/fr\/wp-json\/wp\/v2\/product"}],"about":[{"href":"https:\/\/www.modelcars24.de\/fr\/wp-json\/wp\/v2\/types\/product"}],"replies":[{"embeddable":true,"href":"https:\/\/www.modelcars24.de\/fr\/wp-json\/wp\/v2\/comments?post=231"}],"version-history":[{"count":3,"href":"https:\/\/www.modelcars24.de\/fr\/wp-json\/wp\/v2\/product\/231\/revisions"}],"predecessor-version":[{"id":57472,"href":"https:\/\/www.modelcars24.de\/fr\/wp-json\/wp\/v2\/product\/231\/revisions\/57472"}],"wp:featuredmedia":[{"embeddable":true,"href":"https:\/\/www.modelcars24.de\/fr\/wp-json\/wp\/v2\/media\/44085"}],"wp:attachment":[{"href":"https:\/\/www.modelcars24.de\/fr\/wp-json\/wp\/v2\/media?parent=231"}],"wp:term":[{"taxonomy":"product_brand","embeddable":true,"href":"https:\/\/www.modelcars24.de\/fr\/wp-json\/wp\/v2\/product_brand?post=231"},{"taxonomy":"product_cat","embeddable":true,"href":"https:\/\/www.modelcars24.de\/fr\/wp-json\/wp\/v2\/product_cat?post=231"},{"taxonomy":"product_tag","embeddable":true,"href":"https:\/\/www.modelcars24.de\/fr\/wp-json\/wp\/v2\/product_tag?post=231"}],"curies":[{"name":"wp","href":"https:\/\/api.w.org\/{rel}","templated":true}]}}