{"id":23174,"date":"2025-04-04T12:54:20","date_gmt":"2025-04-04T10:54:20","guid":{"rendered":"http:\/\/www.mondo-legno.com\/?post_type=product&#038;p=23174"},"modified":"2025-12-10T13:31:20","modified_gmt":"2025-12-10T12:31:20","slug":"autoart-112-ford-gt-2017-liquid-blue","status":"publish","type":"product","link":"https:\/\/www.modelcars24.de\/fr\/autoart-112-ford-gt-2017-liquid-blue\/","title":{"rendered":"AUTOart 1:12 Ford GT 2017 (liquid blue) - 1\/18"},"content":{"rendered":"<p>AUTOart 1:12 Ford GT 2017 (liquid blue). Mod\u00e8le de collection de haute qualit\u00e9 \u00e0 l'\u00e9chelle 1:18.<br \/>\nNum\u00e9ro d'article : 12107<\/p>","protected":false},"excerpt":{"rendered":"<p>12107 \u2013 1-neuf \u2013 au lieu de 541,00 maintenant 440,00 \u20ac TTC 19% TVA<\/p>","protected":false},"featured_media":23175,"comment_status":"open","ping_status":"closed","template":"","meta":{"_acf_changed":false},"product_brand":[846],"product_cat":[185,359,21],"product_tag":[187,360,202],"class_list":{"0":"post-23174","1":"product","2":"type-product","3":"status-publish","4":"has-post-thumbnail","6":"product_brand-autoart","7":"product_cat-autoart","8":"product_cat-ford","9":"product_cat-verfuegbar","10":"product_tag-autoart","11":"product_tag-ford","12":"product_tag-verfuegbar","13":"pa_automarke-ford","14":"pa_decade-2010s","15":"pa_fahrzeugtyp-coupe","16":"pa_limitiert-nein","17":"pa_massstab-1-18","18":"pa_modelmarke-autoart","19":"pa_modeltyp-alles-zum-oeffnen","20":"pa_modeltyp-fertigmodell","21":"pa_status-beim-hersteller-verfuegbar","22":"pa_verfuegbarkeit-5-tage-lieferzeit","23":"pa_zustand_modell-1-brandneu","24":"pa_zustand_verpackung-1-brandneu","26":"first","27":"instock","28":"sale","29":"taxable","30":"shipping-taxable","31":"purchasable","32":"product-type-simple"},"acf":[],"jetpack_sharing_enabled":true,"_links":{"self":[{"href":"https:\/\/www.modelcars24.de\/fr\/wp-json\/wp\/v2\/product\/23174","targetHints":{"allow":["GET"]}}],"collection":[{"href":"https:\/\/www.modelcars24.de\/fr\/wp-json\/wp\/v2\/product"}],"about":[{"href":"https:\/\/www.modelcars24.de\/fr\/wp-json\/wp\/v2\/types\/product"}],"replies":[{"embeddable":true,"href":"https:\/\/www.modelcars24.de\/fr\/wp-json\/wp\/v2\/comments?post=23174"}],"version-history":[{"count":4,"href":"https:\/\/www.modelcars24.de\/fr\/wp-json\/wp\/v2\/product\/23174\/revisions"}],"predecessor-version":[{"id":58199,"href":"https:\/\/www.modelcars24.de\/fr\/wp-json\/wp\/v2\/product\/23174\/revisions\/58199"}],"wp:featuredmedia":[{"embeddable":true,"href":"https:\/\/www.modelcars24.de\/fr\/wp-json\/wp\/v2\/media\/23175"}],"wp:attachment":[{"href":"https:\/\/www.modelcars24.de\/fr\/wp-json\/wp\/v2\/media?parent=23174"}],"wp:term":[{"taxonomy":"product_brand","embeddable":true,"href":"https:\/\/www.modelcars24.de\/fr\/wp-json\/wp\/v2\/product_brand?post=23174"},{"taxonomy":"product_cat","embeddable":true,"href":"https:\/\/www.modelcars24.de\/fr\/wp-json\/wp\/v2\/product_cat?post=23174"},{"taxonomy":"product_tag","embeddable":true,"href":"https:\/\/www.modelcars24.de\/fr\/wp-json\/wp\/v2\/product_tag?post=23174"}],"curies":[{"name":"wp","href":"https:\/\/api.w.org\/{rel}","templated":true}]}}