{"id":23323,"date":"2024-08-14T12:54:11","date_gmt":"2024-08-14T10:54:11","guid":{"rendered":"http:\/\/www.mondo-legno.com\/?post_type=product&#038;p=23323"},"modified":"2025-12-10T13:31:23","modified_gmt":"2025-12-10T12:31:23","slug":"autoart-garage-kit-set-version-1","status":"publish","type":"product","link":"https:\/\/www.modelcars24.de\/fr\/autoart-garage-kit-set-version-1\/","title":{"rendered":"AUTOart Garage Kit Set (Version 1) - 1\/18"},"content":{"rendered":"<p>AUTOart Garage Kit Set (version 1) . Mod\u00e8le de collection de haute qualit\u00e9 \u00e0 l'\u00e9chelle 1:18.<br \/>Num\u00e9ro d'article : 49110<\/p>","protected":false},"excerpt":{"rendered":"<p>49110 &#8211; 1-brandneu &#8211; 113,00 \u20ac inkl. 19% Vat AUTOart Garage Kit Set (Version 1)  modelcar, 49110<\/p>","protected":false},"featured_media":23324,"comment_status":"open","ping_status":"closed","template":"","meta":{"_acf_changed":false},"product_brand":[846],"product_cat":[185,21],"product_tag":[187,202],"class_list":{"0":"post-23323","1":"product","2":"type-product","3":"status-publish","4":"has-post-thumbnail","6":"product_brand-autoart","7":"product_cat-autoart","8":"product_cat-verfuegbar","9":"product_tag-autoart","10":"product_tag-verfuegbar","11":"pa_automarke-garage","12":"pa_decade-1960s","13":"pa_fahrzeugtyp-coupe","14":"pa_limitiert-nein","15":"pa_massstab-1-18","16":"pa_modelmarke-autoart","17":"pa_modeltyp-alles-zum-oeffnen","18":"pa_modeltyp-fertigmodell","19":"pa_status-beim-hersteller-verfuegbar","20":"pa_verfuegbarkeit-5-tage-lieferzeit","21":"pa_zustand_modell-1-brandneu","22":"pa_zustand_verpackung-1-brandneu","24":"first","25":"instock","26":"taxable","27":"shipping-taxable","28":"purchasable","29":"product-type-simple"},"acf":[],"jetpack_sharing_enabled":true,"_links":{"self":[{"href":"https:\/\/www.modelcars24.de\/fr\/wp-json\/wp\/v2\/product\/23323","targetHints":{"allow":["GET"]}}],"collection":[{"href":"https:\/\/www.modelcars24.de\/fr\/wp-json\/wp\/v2\/product"}],"about":[{"href":"https:\/\/www.modelcars24.de\/fr\/wp-json\/wp\/v2\/types\/product"}],"replies":[{"embeddable":true,"href":"https:\/\/www.modelcars24.de\/fr\/wp-json\/wp\/v2\/comments?post=23323"}],"version-history":[{"count":2,"href":"https:\/\/www.modelcars24.de\/fr\/wp-json\/wp\/v2\/product\/23323\/revisions"}],"predecessor-version":[{"id":58202,"href":"https:\/\/www.modelcars24.de\/fr\/wp-json\/wp\/v2\/product\/23323\/revisions\/58202"}],"wp:featuredmedia":[{"embeddable":true,"href":"https:\/\/www.modelcars24.de\/fr\/wp-json\/wp\/v2\/media\/23324"}],"wp:attachment":[{"href":"https:\/\/www.modelcars24.de\/fr\/wp-json\/wp\/v2\/media?parent=23323"}],"wp:term":[{"taxonomy":"product_brand","embeddable":true,"href":"https:\/\/www.modelcars24.de\/fr\/wp-json\/wp\/v2\/product_brand?post=23323"},{"taxonomy":"product_cat","embeddable":true,"href":"https:\/\/www.modelcars24.de\/fr\/wp-json\/wp\/v2\/product_cat?post=23323"},{"taxonomy":"product_tag","embeddable":true,"href":"https:\/\/www.modelcars24.de\/fr\/wp-json\/wp\/v2\/product_tag?post=23323"}],"curies":[{"name":"wp","href":"https:\/\/api.w.org\/{rel}","templated":true}]}}