{"id":248,"date":"2024-01-28T00:00:00","date_gmt":"2024-01-27T23:00:00","guid":{"rendered":"http:\/\/www.mondo-legno.com\/?post_type=product&#038;p=248"},"modified":"2026-03-23T22:02:07","modified_gmt":"2026-03-23T21:02:07","slug":"cmc-mercedes-benz-300-sl-grand-prix-de-berne-1952-20","status":"publish","type":"product","link":"https:\/\/www.modelcars24.de\/fr\/cmc-mercedes-benz-300-sl-grosser-preis-von-bern-1952-20\/","title":{"rendered":"CMC Mercedes-Benz 300 SL, Grand Prix de Berne, 1952 #20 - 1\/18"},"content":{"rendered":"<h3>CMC Mercedes-Benz 300 SL (W 194), Grand Prix de Berne 1952, #20 Lang Edition limit\u00e9e \u00e0 1.500 exemplaires<\/h3>\n<p>Nous sommes en 1952 et, apr\u00e8s la participation de Mercedes-Benz aux Mille Miglia, la prochaine course au calendrier \u00e9tait le Grand Prix de Suisse \u00e0 Bremgarten, dans le canton de Berne. Le grand prix de Berne pour les voitures de course de plus de 1,5 litre de cylindr\u00e9e a \u00e9t\u00e9 organis\u00e9 en m\u00eame temps, ce qui a constitu\u00e9 un moment fort pour le public. CMC a reproduit des mod\u00e8les authentiques de chacun des coup\u00e9s de course 300 SL participants.<\/p>\n<ul>\n<li>Mod\u00e8le de pr\u00e9cision en m\u00e9tal mont\u00e9 \u00e0 la main<\/li>\n<li>Carrosserie \u201eGullwing\u201c authentique et moul\u00e9e \u00e0 l'\u00e9chelle<\/li>\n<li>Portes battantes relevables avec fen\u00eatres \u00e0 projection pivotantes<\/li>\n<li>Masque de radiateur parfaitement con\u00e7u avec l'\u00e9toile Mercedes dominante. Toutes les pi\u00e8ces sont fabriqu\u00e9es en m\u00e9tal<\/li>\n<li>Couvercle de coffre ouvrable<\/li>\n<li>Plaques d'immatriculation contemporaines \u00e0 l'avant et \u00e0 l'arri\u00e8re<\/li>\n<li>Goulotte de remplissage de carburant dans le coffre avec bouchon mobile<\/li>\n<li>Moteur six cylindres en ligne d\u00e9taill\u00e9 avec organes rapport\u00e9s et pose de conduites. Moteur mont\u00e9 de mani\u00e8re r\u00e9aliste avec une inclinaison de 50\u00b0 vers la gauche<\/li>\n<li>Si\u00e8ges conducteur recouverts de textile v\u00e9ritable avec un motif \u00e0 carreaux attrayant<\/li>\n<li>Tableau de bord finement \u00e9labor\u00e9 avec tous les instruments d'affichage et les boutons de commande<\/li>\n<li>Int\u00e9rieur avec flocage de moquette<\/li>\n<li>Peinture ext\u00e9rieure brillante avec couleurs d'origine et application des num\u00e9ros de d\u00e9part par tampographie<\/li>\n<\/ul>\n<h4>HISTORIQUE (V\u00c9HICULE ORIGINAL)<\/h4>\n<p>Apr\u00e8s un important travail de d\u00e9veloppement, le nouveau coup\u00e9 de course Mercedes-Benz 300SL (W194) - qui se pr\u00e9sente de mani\u00e8re inhabituellement lisse et tr\u00e8s basse avec seulement 1.270mm de hauteur - a \u00e9t\u00e9 pr\u00e9sent\u00e9 \u00e0 la presse le 12 mars 1952 sur l'autoroute A81 entre Stuttgart et Heilbronn.<br \/>\nNum\u00e9ro d'article : M-159<\/p>\n<p>1-marque neuve<\/p>","protected":false},"excerpt":{"rendered":"<p>1-brandneu &#8211; anstatt 385,00 \u20ac jetzt 315,00 \u20ac inkl. 19% Vat<\/p>","protected":false},"featured_media":49461,"comment_status":"open","ping_status":"closed","template":"","meta":{"_acf_changed":false},"product_brand":[537],"product_cat":[17,18,19,20,21],"product_tag":[105,106,107],"class_list":{"0":"post-248","1":"product","2":"type-product","3":"status-publish","4":"has-post-thumbnail","6":"product_brand-cmc","7":"product_cat-angebot","8":"product_cat-cmc","9":"product_cat-mercedes-benz","10":"product_cat-titel","11":"product_cat-verfuegbar","12":"product_tag-20-lang-limitierte-auflage-1-500-stueck","13":"product_tag-cmc-mercedes-benz-300-sl-w-194","14":"product_tag-grosser-preis-von-bern-1952","15":"pa_automarke-mercedes","16":"pa_decade-1950s","17":"pa_fahrzeugtyp-gt-rennen","18":"pa_farbe-hellblau","19":"pa_limitiert-ja","20":"pa_massstab-1-18","21":"pa_modelmarke-cmc","22":"pa_modeltyp-alles-zum-oeffnen","23":"pa_modeltyp-fertigmodell","24":"pa_verfuegbarkeit-sofort-verfuegbar","25":"pa_zustand_modell-1-brandneu","26":"pa_zustand_verpackung-1-brandneu","28":"first","29":"outofstock","30":"sale","31":"taxable","32":"shipping-taxable","33":"purchasable","34":"product-type-simple"},"acf":[],"jetpack_sharing_enabled":true,"_links":{"self":[{"href":"https:\/\/www.modelcars24.de\/fr\/wp-json\/wp\/v2\/product\/248","targetHints":{"allow":["GET"]}}],"collection":[{"href":"https:\/\/www.modelcars24.de\/fr\/wp-json\/wp\/v2\/product"}],"about":[{"href":"https:\/\/www.modelcars24.de\/fr\/wp-json\/wp\/v2\/types\/product"}],"replies":[{"embeddable":true,"href":"https:\/\/www.modelcars24.de\/fr\/wp-json\/wp\/v2\/comments?post=248"}],"version-history":[{"count":5,"href":"https:\/\/www.modelcars24.de\/fr\/wp-json\/wp\/v2\/product\/248\/revisions"}],"predecessor-version":[{"id":57477,"href":"https:\/\/www.modelcars24.de\/fr\/wp-json\/wp\/v2\/product\/248\/revisions\/57477"}],"wp:featuredmedia":[{"embeddable":true,"href":"https:\/\/www.modelcars24.de\/fr\/wp-json\/wp\/v2\/media\/49461"}],"wp:attachment":[{"href":"https:\/\/www.modelcars24.de\/fr\/wp-json\/wp\/v2\/media?parent=248"}],"wp:term":[{"taxonomy":"product_brand","embeddable":true,"href":"https:\/\/www.modelcars24.de\/fr\/wp-json\/wp\/v2\/product_brand?post=248"},{"taxonomy":"product_cat","embeddable":true,"href":"https:\/\/www.modelcars24.de\/fr\/wp-json\/wp\/v2\/product_cat?post=248"},{"taxonomy":"product_tag","embeddable":true,"href":"https:\/\/www.modelcars24.de\/fr\/wp-json\/wp\/v2\/product_tag?post=248"}],"curies":[{"name":"wp","href":"https:\/\/api.w.org\/{rel}","templated":true}]}}