{"id":264,"date":"2024-01-28T00:00:00","date_gmt":"2024-01-27T23:00:00","guid":{"rendered":"http:\/\/www.mondo-legno.com\/?post_type=product&#038;p=264"},"modified":"2026-03-24T15:06:40","modified_gmt":"2026-03-24T14:06:40","slug":"cmc-lancia-d50-1954-55","status":"publish","type":"product","link":"https:\/\/www.modelcars24.de\/fr\/cmc-lancia-d50-1954-55\/","title":{"rendered":"Lancia D50, 1954-55 - 1\/18"},"content":{"rendered":"<p>CMC Lancia D50, 1954-55<\/p>\n<p>Les voitures Lancia ont toujours \u00e9t\u00e9 connues pour leurs innovations, qu'il s'agisse de voitures de s\u00e9rie ou de mod\u00e8les de sport automobile. La D50 n'a pas failli \u00e0 cette tradition. Gianni Lancia a laiss\u00e9 toute latitude \u00e0 Vittorio Jano pour concevoir ce qui \u00e9tait pour la premi\u00e8re fois son propre engagement en Formule 1. La conception ultramoderne et en partie r\u00e9volutionnaire de la voiture promettait gloire et honneur \u00e0 toute l'entreprise Lancia. Mais apr\u00e8s les revers de fortune d'Alberto Ascari, Gianni Lancia s'est d\u00e9tourn\u00e9 pour longtemps du sport automobile.<\/p>\n<ul>\n<li>Mod\u00e8le de pr\u00e9cision en m\u00e9tal compos\u00e9 de 1 598 pi\u00e8ces assembl\u00e9es \u00e0 la main.<\/li>\n<li>Capot moteur amovible et verrouillable<\/li>\n<li>Pare-brise mobile<\/li>\n<li>Reproduction fid\u00e8le du moteur 8 cylindres 90\u00b0V avec tous les \u00e9l\u00e9ments rapport\u00e9s et pose\/c\u00e2blage complet des conduites<\/li>\n<li>Les deux tuyaux d'\u00e9chappement en m\u00e9tal<\/li>\n<li>Essieu avant \u00e0 bras triangulaires en m\u00e9tal avec amortisseurs \u00e0 pression d'huile<\/li>\n<li>Essieu arri\u00e8re De-Dion en m\u00e9tal avec bras longitudinaux et amortisseurs \u00e0 pression d'huile<\/li>\n<li>Grille de calandre en acier inoxydable, fabriqu\u00e9e \u00e0 la main et peinte dans la couleur de la voiture, avec entretoises m\u00e9talliques<\/li>\n<li>Reproduction d\u00e9taill\u00e9e du syst\u00e8me de refroidissement<\/li>\n<li>Pose d\u00e9taill\u00e9e des conduites d'huile et de carburant<\/li>\n<li>Bouchons de r\u00e9servoir mobiles<\/li>\n<li>Bouchon de remplissage d'huile mobile<\/li>\n<li>Cockpit avec si\u00e8ge conducteur rev\u00eatu de cuir et appuie-t\u00eate<\/li>\n<li>Roues \u00e0 rayons parfaitement con\u00e7ues avec des rayons en fil d'acier inoxydable ins\u00e9r\u00e9s et nervur\u00e9s \u00e0 la main<\/li>\n<li>Verrouillage central de roue vissable avec filetage authentique droite\/gauche<\/li>\n<li>Peinture brillante dans la teinte d'origine<\/li>\n<\/ul>\n<p>Particularit\u00e9 en tant qu'accessoire : chariot de d\u00e9marrage \u00e0 batterie avec d\u00e9marreur externe s\u00e9par\u00e9<br \/>\nNum\u00e9ro d'article : M-175<\/p>","protected":false},"excerpt":{"rendered":"<p>M-175 \u2013 1-neuf \u2013 au lieu de 572,00 \u20ac maintenant 435,00 \u20ac TTC 19% TVA<\/p>","protected":false},"featured_media":56721,"comment_status":"open","ping_status":"closed","template":"","meta":{"_acf_changed":false},"product_brand":[537],"product_cat":[960,18,114,20,21],"product_tag":[115],"class_list":{"0":"post-264","1":"product","2":"type-product","3":"status-publish","4":"has-post-thumbnail","6":"product_brand-cmc","7":"product_cat-aktion","8":"product_cat-cmc","9":"product_cat-lancia","10":"product_cat-titel","11":"product_cat-verfuegbar","12":"product_tag-cmc-lancia-d50","13":"pa_automarke-lancia","14":"pa_decade-1950s","15":"pa_fahrzeugtyp-formel-1","16":"pa_farbe-rot","17":"pa_limitiert-nein","18":"pa_massstab-1-18","19":"pa_modelmarke-cmc","20":"pa_modeltyp-alles-zum-oeffnen","21":"pa_modeltyp-fertigmodell","22":"pa_verfuegbarkeit-sofort-verfuegbar","23":"pa_zustand_modell-1-brandneu","24":"pa_zustand_verpackung-1-brandneu","26":"first","27":"instock","28":"sale","29":"taxable","30":"shipping-taxable","31":"purchasable","32":"product-type-simple"},"acf":[],"jetpack_sharing_enabled":true,"_links":{"self":[{"href":"https:\/\/www.modelcars24.de\/fr\/wp-json\/wp\/v2\/product\/264","targetHints":{"allow":["GET"]}}],"collection":[{"href":"https:\/\/www.modelcars24.de\/fr\/wp-json\/wp\/v2\/product"}],"about":[{"href":"https:\/\/www.modelcars24.de\/fr\/wp-json\/wp\/v2\/types\/product"}],"replies":[{"embeddable":true,"href":"https:\/\/www.modelcars24.de\/fr\/wp-json\/wp\/v2\/comments?post=264"}],"version-history":[{"count":5,"href":"https:\/\/www.modelcars24.de\/fr\/wp-json\/wp\/v2\/product\/264\/revisions"}],"predecessor-version":[{"id":57480,"href":"https:\/\/www.modelcars24.de\/fr\/wp-json\/wp\/v2\/product\/264\/revisions\/57480"}],"wp:featuredmedia":[{"embeddable":true,"href":"https:\/\/www.modelcars24.de\/fr\/wp-json\/wp\/v2\/media\/56721"}],"wp:attachment":[{"href":"https:\/\/www.modelcars24.de\/fr\/wp-json\/wp\/v2\/media?parent=264"}],"wp:term":[{"taxonomy":"product_brand","embeddable":true,"href":"https:\/\/www.modelcars24.de\/fr\/wp-json\/wp\/v2\/product_brand?post=264"},{"taxonomy":"product_cat","embeddable":true,"href":"https:\/\/www.modelcars24.de\/fr\/wp-json\/wp\/v2\/product_cat?post=264"},{"taxonomy":"product_tag","embeddable":true,"href":"https:\/\/www.modelcars24.de\/fr\/wp-json\/wp\/v2\/product_tag?post=264"}],"curies":[{"name":"wp","href":"https:\/\/api.w.org\/{rel}","templated":true}]}}