{"id":26440,"date":"2026-02-14T13:00:29","date_gmt":"2026-02-14T12:00:29","guid":{"rendered":"http:\/\/www.mondo-legno.com\/?post_type=product&#038;p=26440"},"modified":"2026-03-12T11:04:33","modified_gmt":"2026-03-12T10:04:33","slug":"autoart-nissan-skyline-gt-rr34-nismo-z-tune-3","status":"publish","type":"product","link":"https:\/\/www.modelcars24.de\/fr\/autoart-nissan-skyline-gt-rr34-nismo-z-tune-3\/","title":{"rendered":"AUTOart Nissan Skyline GT-R(R34) NISMO Z-Tune (bayside blue) 2005 - 1\/18"},"content":{"rendered":"<p>AUTOart Nissan Skyline GT-R(R34) NISMO Z-Tune (bayside blue) 2005. Mod\u00e8le de collection de haute qualit\u00e9 \u00e0 l'\u00e9chelle 1:18.<br \/>\nNum\u00e9ro d'article : 77462<\/p>","protected":false},"excerpt":{"rendered":"<p>77462 &#8211; 1-brandneu &#8211; 264,00 \u20ac inkl. 19% Vat<\/p>","protected":false},"featured_media":26441,"comment_status":"open","ping_status":"closed","template":"","meta":{"_acf_changed":false},"product_brand":[846],"product_cat":[185,408,21],"product_tag":[187,482,202],"class_list":{"0":"post-26440","1":"product","2":"type-product","3":"status-publish","4":"has-post-thumbnail","6":"product_brand-autoart","7":"product_cat-autoart","8":"product_cat-nissan","9":"product_cat-verfuegbar","10":"product_tag-autoart","11":"product_tag-nissan","12":"product_tag-verfuegbar","13":"pa_automarke-nissan","14":"pa_decade-2000s","15":"pa_fahrzeugtyp-coupe","16":"pa_limitiert-nein","17":"pa_massstab-1-18","18":"pa_modelmarke-autoart","19":"pa_modeltyp-alles-zum-oeffnen","20":"pa_modeltyp-fertigmodell","21":"pa_status-beim-hersteller-verfuegbar","22":"pa_verfuegbarkeit-5-tage-lieferzeit","23":"pa_zustand_modell-1-brandneu","24":"pa_zustand_verpackung-1-brandneu","26":"first","27":"instock","28":"taxable","29":"shipping-taxable","30":"purchasable","31":"product-type-simple"},"acf":[],"jetpack_sharing_enabled":true,"_links":{"self":[{"href":"https:\/\/www.modelcars24.de\/fr\/wp-json\/wp\/v2\/product\/26440","targetHints":{"allow":["GET"]}}],"collection":[{"href":"https:\/\/www.modelcars24.de\/fr\/wp-json\/wp\/v2\/product"}],"about":[{"href":"https:\/\/www.modelcars24.de\/fr\/wp-json\/wp\/v2\/types\/product"}],"replies":[{"embeddable":true,"href":"https:\/\/www.modelcars24.de\/fr\/wp-json\/wp\/v2\/comments?post=26440"}],"version-history":[{"count":3,"href":"https:\/\/www.modelcars24.de\/fr\/wp-json\/wp\/v2\/product\/26440\/revisions"}],"predecessor-version":[{"id":61169,"href":"https:\/\/www.modelcars24.de\/fr\/wp-json\/wp\/v2\/product\/26440\/revisions\/61169"}],"wp:featuredmedia":[{"embeddable":true,"href":"https:\/\/www.modelcars24.de\/fr\/wp-json\/wp\/v2\/media\/26441"}],"wp:attachment":[{"href":"https:\/\/www.modelcars24.de\/fr\/wp-json\/wp\/v2\/media?parent=26440"}],"wp:term":[{"taxonomy":"product_brand","embeddable":true,"href":"https:\/\/www.modelcars24.de\/fr\/wp-json\/wp\/v2\/product_brand?post=26440"},{"taxonomy":"product_cat","embeddable":true,"href":"https:\/\/www.modelcars24.de\/fr\/wp-json\/wp\/v2\/product_cat?post=26440"},{"taxonomy":"product_tag","embeddable":true,"href":"https:\/\/www.modelcars24.de\/fr\/wp-json\/wp\/v2\/product_tag?post=26440"}],"curies":[{"name":"wp","href":"https:\/\/api.w.org\/{rel}","templated":true}]}}