{"id":266,"date":"2024-01-28T00:00:00","date_gmt":"2024-01-27T23:00:00","guid":{"rendered":"http:\/\/www.mondo-legno.com\/?post_type=product&#038;p=266"},"modified":"2026-04-30T13:44:08","modified_gmt":"2026-04-30T11:44:08","slug":"cmc-lancia-d50-monaco-gp-1955-30-eugenio-castellotti-limitee-a-1500-exemplaires","status":"publish","type":"product","link":"https:\/\/www.modelcars24.de\/fr\/cmc-lancia-d50-monaco-gp-1955-30-eugenio-castellotti-limitiert-auf-1500-stueck\/","title":{"rendered":"Lancia D50 Monaco GP 1955 #30, Eugenio Castellotti - Limit\u00e9e \u00e0 1500 exemplaires - 1\/18"},"content":{"rendered":"<h3>CMC Lancia D50 Monaco GP 1955 #30, Eugenio Castellotti - Limit\u00e9e \u00e0 1500 exemplaires<\/h3>\n<p>Le talentueux Eugenio Castellotti \u00e9tait pilote attitr\u00e9 de la Scuderia Lancia, aux c\u00f4t\u00e9s d'Alberto Ascari et de Luigi Villoresi. A Monaco, o\u00f9 le Grand Prix de 1955 \u00e9tait \u00e9galement organis\u00e9 en tant que Grand Prix d'Europe, il partit en quatri\u00e8me position. Seuls Fangio, Ascari et Moss avaient \u00e9t\u00e9 plus rapides que lui lors des essais. Ses talents de pilote et les d\u00e9faillances des favoris l'ont finalement port\u00e9 \u00e0 la deuxi\u00e8me place, \u00e0 seulement 20 secondes du vainqueur Maurice Trintignant sur Ferrari. CMC a reproduit avec authenticit\u00e9 et minutie tous les d\u00e9tails de la voiture qui, avec le num\u00e9ro de d\u00e9part 30, a particip\u00e9 \u00e0 cette course l\u00e9gendaire et turbulente.<\/p>\n<ul>\n<li>Mod\u00e8le de pr\u00e9cision en m\u00e9tal compos\u00e9 de 1 598 pi\u00e8ces assembl\u00e9es \u00e0 la main.<\/li>\n<li>Capot moteur amovible et verrouillable<\/li>\n<li>Pare-brise mobile<\/li>\n<li>Reproduction fid\u00e8le du moteur 8 cylindres 90\u00b0V avec tous les \u00e9l\u00e9ments rapport\u00e9s et pose\/c\u00e2blage complet des conduites<\/li>\n<li>Les deux tuyaux d'\u00e9chappement en m\u00e9tal<\/li>\n<li>Essieu avant \u00e0 bras triangulaires en m\u00e9tal avec amortisseurs \u00e0 pression d'huile<\/li>\n<li>Essieu arri\u00e8re De-Dion en m\u00e9tal avec bras longitudinaux et amortisseurs \u00e0 pression d'huile<\/li>\n<li>Grille de calandre en acier inoxydable, fabriqu\u00e9e \u00e0 la main et peinte dans la couleur de la voiture, avec entretoises m\u00e9talliques<\/li>\n<li>Reproduction d\u00e9taill\u00e9e du syst\u00e8me de refroidissement<\/li>\n<li>Pose d\u00e9taill\u00e9e des conduites d'huile et de carburant<\/li>\n<li>Bouchons de r\u00e9servoir mobiles<\/li>\n<li>Bouchon de remplissage d'huile mobile<\/li>\n<li>Cockpit avec si\u00e8ge conducteur rev\u00eatu de cuir et appuie-t\u00eate<\/li>\n<li>Roues \u00e0 rayons parfaitement con\u00e7ues avec des rayons en fil d'acier inoxydable ins\u00e9r\u00e9s et nervur\u00e9s \u00e0 la main<\/li>\n<li>Verrouillage central de roue vissable avec filetage authentique droite\/gauche<\/li>\n<li>Peinture brillante dans la teinte d'origine<\/li>\n<li>Positionnement du dossard 30 par tampographie<\/li>\n<\/ul>\n<p>Particularit\u00e9 en tant qu'accessoire : chariot de d\u00e9marrage \u00e0 batterie avec d\u00e9marreur externe s\u00e9par\u00e9<br \/>\nNum\u00e9ro d'article : M-177<\/p>","protected":false},"excerpt":{"rendered":"<p>M-177 \u2013 1-neuf \u2013 au lieu de 572,00 \u20ac maintenant 459,00 \u20ac TTC 19% TVA<\/p>","protected":false},"featured_media":44458,"comment_status":"open","ping_status":"closed","template":"","meta":{"_acf_changed":false},"product_brand":[537],"product_cat":[279,960,18,114,20,21],"product_tag":[115,117,118],"class_list":{"0":"post-266","1":"product","2":"type-product","3":"status-publish","4":"has-post-thumbnail","6":"product_brand-cmc","7":"product_cat-1-m","8":"product_cat-aktion","9":"product_cat-cmc","10":"product_cat-lancia","11":"product_cat-titel","12":"product_cat-verfuegbar","13":"product_tag-cmc-lancia-d50","14":"product_tag-cmc-lancia-d50-monaco-gp-1955-30","15":"product_tag-eugenio-castellotti-limitiert-auf-1500-stueck","16":"pa_automarke-lancia","17":"pa_decade-1950s","18":"pa_fahrzeugtyp-formel-1","19":"pa_farbe-rot","20":"pa_limitiert-ja","21":"pa_massstab-1-18","22":"pa_modelmarke-cmc","23":"pa_modeltyp-alles-zum-oeffnen","24":"pa_modeltyp-fertigmodell","25":"pa_verfuegbarkeit-sofort-verfuegbar","26":"pa_zustand_modell-1-brandneu","27":"pa_zustand_verpackung-1-brandneu","29":"first","30":"instock","31":"sale","32":"taxable","33":"shipping-taxable","34":"purchasable","35":"product-type-simple"},"acf":[],"jetpack_sharing_enabled":true,"_links":{"self":[{"href":"https:\/\/www.modelcars24.de\/fr\/wp-json\/wp\/v2\/product\/266","targetHints":{"allow":["GET"]}}],"collection":[{"href":"https:\/\/www.modelcars24.de\/fr\/wp-json\/wp\/v2\/product"}],"about":[{"href":"https:\/\/www.modelcars24.de\/fr\/wp-json\/wp\/v2\/types\/product"}],"replies":[{"embeddable":true,"href":"https:\/\/www.modelcars24.de\/fr\/wp-json\/wp\/v2\/comments?post=266"}],"version-history":[{"count":4,"href":"https:\/\/www.modelcars24.de\/fr\/wp-json\/wp\/v2\/product\/266\/revisions"}],"predecessor-version":[{"id":57481,"href":"https:\/\/www.modelcars24.de\/fr\/wp-json\/wp\/v2\/product\/266\/revisions\/57481"}],"wp:featuredmedia":[{"embeddable":true,"href":"https:\/\/www.modelcars24.de\/fr\/wp-json\/wp\/v2\/media\/44458"}],"wp:attachment":[{"href":"https:\/\/www.modelcars24.de\/fr\/wp-json\/wp\/v2\/media?parent=266"}],"wp:term":[{"taxonomy":"product_brand","embeddable":true,"href":"https:\/\/www.modelcars24.de\/fr\/wp-json\/wp\/v2\/product_brand?post=266"},{"taxonomy":"product_cat","embeddable":true,"href":"https:\/\/www.modelcars24.de\/fr\/wp-json\/wp\/v2\/product_cat?post=266"},{"taxonomy":"product_tag","embeddable":true,"href":"https:\/\/www.modelcars24.de\/fr\/wp-json\/wp\/v2\/product_tag?post=266"}],"curies":[{"name":"wp","href":"https:\/\/api.w.org\/{rel}","templated":true}]}}