{"id":26946,"date":"2024-08-14T12:48:04","date_gmt":"2024-08-14T10:48:04","guid":{"rendered":"http:\/\/www.mondo-legno.com\/?post_type=product&#038;p=26946"},"modified":"2025-12-10T13:32:50","modified_gmt":"2025-12-10T12:32:50","slug":"autoart-porsche-911-991-2-gt2rs-2017-weissach-2","status":"publish","type":"product","link":"https:\/\/www.modelcars24.de\/fr\/autoart-porsche-911-991-2-gt2rs-2017-weissach-2\/","title":{"rendered":"AUTOart Porsche 911 (991.2) GT2RS 2017 Weissach Package (vert acide) - 1\/18"},"content":{"rendered":"<p>AUTOart Porsche 911 (991.2) GT2RS 2017 Weissach Package (acid green). Mod\u00e8le de collection de haute qualit\u00e9 \u00e0 l'\u00e9chelle 1:18.<br \/>Num\u00e9ro d'article : 78187<\/p>","protected":false},"excerpt":{"rendered":"<p>78187 &#8211; 1-brandneu &#8211; 264,00 \u20ac inkl. 19% Vat AUTOart Porsche 911 (991.2) GT2RS 2017 Weissach modelcar, 78187<\/p>","protected":false},"featured_media":26947,"comment_status":"open","ping_status":"closed","template":"","meta":{"_acf_changed":false},"product_brand":[846],"product_cat":[185,56,21],"product_tag":[187,265,202],"class_list":{"0":"post-26946","1":"product","2":"type-product","3":"status-publish","4":"has-post-thumbnail","6":"product_brand-autoart","7":"product_cat-autoart","8":"product_cat-porsche","9":"product_cat-verfuegbar","10":"product_tag-autoart","11":"product_tag-porsche","12":"product_tag-verfuegbar","13":"pa_automarke-porsche","14":"pa_decade-2020s","15":"pa_fahrzeugtyp-coupe","16":"pa_massstab-1-18","17":"pa_modelmarke-autoart","18":"pa_modeltyp-alles-zum-oeffnen","19":"pa_modeltyp-fertigmodell","21":"first","22":"instock","23":"taxable","24":"shipping-taxable","25":"purchasable","26":"product-type-simple"},"acf":[],"jetpack_sharing_enabled":true,"_links":{"self":[{"href":"https:\/\/www.modelcars24.de\/fr\/wp-json\/wp\/v2\/product\/26946","targetHints":{"allow":["GET"]}}],"collection":[{"href":"https:\/\/www.modelcars24.de\/fr\/wp-json\/wp\/v2\/product"}],"about":[{"href":"https:\/\/www.modelcars24.de\/fr\/wp-json\/wp\/v2\/types\/product"}],"replies":[{"embeddable":true,"href":"https:\/\/www.modelcars24.de\/fr\/wp-json\/wp\/v2\/comments?post=26946"}],"version-history":[{"count":2,"href":"https:\/\/www.modelcars24.de\/fr\/wp-json\/wp\/v2\/product\/26946\/revisions"}],"predecessor-version":[{"id":58285,"href":"https:\/\/www.modelcars24.de\/fr\/wp-json\/wp\/v2\/product\/26946\/revisions\/58285"}],"wp:featuredmedia":[{"embeddable":true,"href":"https:\/\/www.modelcars24.de\/fr\/wp-json\/wp\/v2\/media\/26947"}],"wp:attachment":[{"href":"https:\/\/www.modelcars24.de\/fr\/wp-json\/wp\/v2\/media?parent=26946"}],"wp:term":[{"taxonomy":"product_brand","embeddable":true,"href":"https:\/\/www.modelcars24.de\/fr\/wp-json\/wp\/v2\/product_brand?post=26946"},{"taxonomy":"product_cat","embeddable":true,"href":"https:\/\/www.modelcars24.de\/fr\/wp-json\/wp\/v2\/product_cat?post=26946"},{"taxonomy":"product_tag","embeddable":true,"href":"https:\/\/www.modelcars24.de\/fr\/wp-json\/wp\/v2\/product_tag?post=26946"}],"curies":[{"name":"wp","href":"https:\/\/api.w.org\/{rel}","templated":true}]}}