{"id":27233,"date":"2024-08-14T12:59:50","date_gmt":"2024-08-14T10:59:50","guid":{"rendered":"http:\/\/www.mondo-legno.com\/?post_type=product&#038;p=27233"},"modified":"2025-12-10T13:33:02","modified_gmt":"2025-12-10T12:33:02","slug":"autoart-suzuki-jimny-jb74-sierra-kinetic","status":"publish","type":"product","link":"https:\/\/www.modelcars24.de\/fr\/autoart-suzuki-jimny-jb74-sierra-kinetic\/","title":{"rendered":"AUTOart Suzuki Jimny (JB74) SIERRA (kinetic yellow : - 1\/18"},"content":{"rendered":"<p>AUTOart Suzuki Jimny (JB74) SIERRA (kinetic yellow :. Mod\u00e8le de collection de haute qualit\u00e9 \u00e0 l'\u00e9chelle 1:18.<br \/>Num\u00e9ro d'article : 78506<\/p>","protected":false},"excerpt":{"rendered":"<p>78506 &#8211; 1-brandneu &#8211; 217,00 \u20ac inkl. 19% Vat AUTOart Suzuki Jimny (JB74) SIERRA (kinetic modelcar, 78506<\/p>","protected":false},"featured_media":27234,"comment_status":"open","ping_status":"closed","template":"","meta":{"_acf_changed":false},"product_brand":[846],"product_cat":[185,483,21],"product_tag":[187,484,202],"class_list":{"0":"post-27233","1":"product","2":"type-product","3":"status-publish","4":"has-post-thumbnail","6":"product_brand-autoart","7":"product_cat-autoart","8":"product_cat-suzuki","9":"product_cat-verfuegbar","10":"product_tag-autoart","11":"product_tag-suzuki","12":"product_tag-verfuegbar","13":"pa_automarke-suzuki","14":"pa_decade-2010s","15":"pa_fahrzeugtyp-gelaendewagen","16":"pa_limitiert-nein","17":"pa_massstab-1-18","18":"pa_modelmarke-autoart","19":"pa_modeltyp-alles-zum-oeffnen","20":"pa_modeltyp-fertigmodell","21":"pa_status-beim-hersteller-verfuegbar","22":"pa_verfuegbarkeit-5-tage-lieferzeit","23":"pa_zustand_modell-1-brandneu","24":"pa_zustand_verpackung-1-brandneu","26":"first","27":"instock","28":"taxable","29":"shipping-taxable","30":"purchasable","31":"product-type-simple"},"acf":[],"jetpack_sharing_enabled":true,"_links":{"self":[{"href":"https:\/\/www.modelcars24.de\/fr\/wp-json\/wp\/v2\/product\/27233","targetHints":{"allow":["GET"]}}],"collection":[{"href":"https:\/\/www.modelcars24.de\/fr\/wp-json\/wp\/v2\/product"}],"about":[{"href":"https:\/\/www.modelcars24.de\/fr\/wp-json\/wp\/v2\/types\/product"}],"replies":[{"embeddable":true,"href":"https:\/\/www.modelcars24.de\/fr\/wp-json\/wp\/v2\/comments?post=27233"}],"version-history":[{"count":2,"href":"https:\/\/www.modelcars24.de\/fr\/wp-json\/wp\/v2\/product\/27233\/revisions"}],"predecessor-version":[{"id":58294,"href":"https:\/\/www.modelcars24.de\/fr\/wp-json\/wp\/v2\/product\/27233\/revisions\/58294"}],"wp:featuredmedia":[{"embeddable":true,"href":"https:\/\/www.modelcars24.de\/fr\/wp-json\/wp\/v2\/media\/27234"}],"wp:attachment":[{"href":"https:\/\/www.modelcars24.de\/fr\/wp-json\/wp\/v2\/media?parent=27233"}],"wp:term":[{"taxonomy":"product_brand","embeddable":true,"href":"https:\/\/www.modelcars24.de\/fr\/wp-json\/wp\/v2\/product_brand?post=27233"},{"taxonomy":"product_cat","embeddable":true,"href":"https:\/\/www.modelcars24.de\/fr\/wp-json\/wp\/v2\/product_cat?post=27233"},{"taxonomy":"product_tag","embeddable":true,"href":"https:\/\/www.modelcars24.de\/fr\/wp-json\/wp\/v2\/product_tag?post=27233"}],"curies":[{"name":"wp","href":"https:\/\/api.w.org\/{rel}","templated":true}]}}