{"id":27329,"date":"2024-08-14T13:00:54","date_gmt":"2024-08-14T11:00:54","guid":{"rendered":"http:\/\/www.mondo-legno.com\/?post_type=product&#038;p=27329"},"modified":"2025-12-10T13:33:06","modified_gmt":"2025-12-10T12:33:06","slug":"autoart-suzuki-jimny-jb74-sierra-chiffon","status":"publish","type":"product","link":"https:\/\/www.modelcars24.de\/fr\/autoart-suzuki-jimny-jb74-sierra-chiffon\/","title":{"rendered":"AUTOart Suzuki Jimny (JB74) SIERRA (chiffon ivory) - 1\/18"},"content":{"rendered":"<p>AUTOart Suzuki Jimny (JB74) SIERRA (chiffon ivory. Mod\u00e8le de collection de haute qualit\u00e9 \u00e0 l'\u00e9chelle 1:18.<br \/>Num\u00e9ro d'article : 78510<\/p>","protected":false},"excerpt":{"rendered":"<p>78510 &#8211; 1-brandneu &#8211; 217,00 \u20ac inkl. 19% Vat AUTOart Suzuki Jimny (JB74) SIERRA  (chiffon modelcar, 78510<\/p>","protected":false},"featured_media":27330,"comment_status":"open","ping_status":"closed","template":"","meta":[],"product_brand":[846],"product_cat":[185,483,21],"product_tag":[187,484,202],"class_list":{"0":"post-27329","1":"product","2":"type-product","3":"status-publish","4":"has-post-thumbnail","6":"product_brand-autoart","7":"product_cat-autoart","8":"product_cat-suzuki","9":"product_cat-verfuegbar","10":"product_tag-autoart","11":"product_tag-suzuki","12":"product_tag-verfuegbar","13":"pa_automarke-suzuki","14":"pa_decade-2010s","15":"pa_fahrzeugtyp-gelaendewagen","16":"pa_limitiert-nein","17":"pa_massstab-1-18","18":"pa_modelmarke-autoart","19":"pa_modeltyp-alles-zum-oeffnen","20":"pa_modeltyp-fertigmodell","21":"pa_status-beim-hersteller-verfuegbar","22":"pa_verfuegbarkeit-5-tage-lieferzeit","23":"pa_zustand_modell-1-brandneu","24":"pa_zustand_verpackung-1-brandneu","26":"first","27":"instock","28":"taxable","29":"shipping-taxable","30":"purchasable","31":"product-type-simple"},"jetpack_sharing_enabled":true,"_links":{"self":[{"href":"https:\/\/www.modelcars24.de\/fr\/wp-json\/wp\/v2\/product\/27329","targetHints":{"allow":["GET"]}}],"collection":[{"href":"https:\/\/www.modelcars24.de\/fr\/wp-json\/wp\/v2\/product"}],"about":[{"href":"https:\/\/www.modelcars24.de\/fr\/wp-json\/wp\/v2\/types\/product"}],"replies":[{"embeddable":true,"href":"https:\/\/www.modelcars24.de\/fr\/wp-json\/wp\/v2\/comments?post=27329"}],"version-history":[{"count":2,"href":"https:\/\/www.modelcars24.de\/fr\/wp-json\/wp\/v2\/product\/27329\/revisions"}],"predecessor-version":[{"id":58296,"href":"https:\/\/www.modelcars24.de\/fr\/wp-json\/wp\/v2\/product\/27329\/revisions\/58296"}],"wp:featuredmedia":[{"embeddable":true,"href":"https:\/\/www.modelcars24.de\/fr\/wp-json\/wp\/v2\/media\/27330"}],"wp:attachment":[{"href":"https:\/\/www.modelcars24.de\/fr\/wp-json\/wp\/v2\/media?parent=27329"}],"wp:term":[{"taxonomy":"product_brand","embeddable":true,"href":"https:\/\/www.modelcars24.de\/fr\/wp-json\/wp\/v2\/product_brand?post=27329"},{"taxonomy":"product_cat","embeddable":true,"href":"https:\/\/www.modelcars24.de\/fr\/wp-json\/wp\/v2\/product_cat?post=27329"},{"taxonomy":"product_tag","embeddable":true,"href":"https:\/\/www.modelcars24.de\/fr\/wp-json\/wp\/v2\/product_tag?post=27329"}],"curies":[{"name":"wp","href":"https:\/\/api.w.org\/{rel}","templated":true}]}}