{"id":27428,"date":"2024-08-14T13:00:22","date_gmt":"2024-08-14T11:00:22","guid":{"rendered":"http:\/\/www.mondo-legno.com\/?post_type=product&#038;p=27428"},"modified":"2025-12-10T13:33:08","modified_gmt":"2025-12-10T12:33:08","slug":"autoart-toyota-century-grmn-black-2019","status":"publish","type":"product","link":"https:\/\/www.modelcars24.de\/fr\/autoart-toyota-century-grmn-black-2019\/","title":{"rendered":"AUTOart TOYOTA CENTURY GRMN (black) 2019 - 1\/18"},"content":{"rendered":"<p>AUTOart TOYOTA CENTURY GRMN (black) 2019. Mod\u00e8le de collection de haute qualit\u00e9 \u00e0 l'\u00e9chelle 1:18.<br \/>Num\u00e9ro d'article : 78763<\/p>","protected":false},"excerpt":{"rendered":"<p>78763 &#8211; 1-brandneu &#8211; 263,00 \u20ac inkl. 19% Vat AUTOart TOYOTA CENTURY GRMN (black) 2019 modelcar, 78763<\/p>","protected":false},"featured_media":27429,"comment_status":"open","ping_status":"closed","template":"","meta":{"_acf_changed":false},"product_brand":[846],"product_cat":[185,246,21],"product_tag":[187,247,202],"class_list":{"0":"post-27428","1":"product","2":"type-product","3":"status-publish","4":"has-post-thumbnail","6":"product_brand-autoart","7":"product_cat-autoart","8":"product_cat-toyota","9":"product_cat-verfuegbar","10":"product_tag-autoart","11":"product_tag-toyota","12":"product_tag-verfuegbar","13":"pa_automarke-toyota","14":"pa_decade-2010s","15":"pa_fahrzeugtyp-limousine","16":"pa_limitiert-nein","17":"pa_massstab-1-18","18":"pa_modelmarke-autoart","19":"pa_modeltyp-alles-zum-oeffnen","20":"pa_modeltyp-fertigmodell","21":"pa_status-beim-hersteller-verfuegbar","22":"pa_verfuegbarkeit-5-tage-lieferzeit","23":"pa_zustand_modell-1-brandneu","24":"pa_zustand_verpackung-1-brandneu","26":"first","27":"instock","28":"taxable","29":"shipping-taxable","30":"purchasable","31":"product-type-simple"},"acf":[],"jetpack_sharing_enabled":true,"_links":{"self":[{"href":"https:\/\/www.modelcars24.de\/fr\/wp-json\/wp\/v2\/product\/27428","targetHints":{"allow":["GET"]}}],"collection":[{"href":"https:\/\/www.modelcars24.de\/fr\/wp-json\/wp\/v2\/product"}],"about":[{"href":"https:\/\/www.modelcars24.de\/fr\/wp-json\/wp\/v2\/types\/product"}],"replies":[{"embeddable":true,"href":"https:\/\/www.modelcars24.de\/fr\/wp-json\/wp\/v2\/comments?post=27428"}],"version-history":[{"count":2,"href":"https:\/\/www.modelcars24.de\/fr\/wp-json\/wp\/v2\/product\/27428\/revisions"}],"predecessor-version":[{"id":58299,"href":"https:\/\/www.modelcars24.de\/fr\/wp-json\/wp\/v2\/product\/27428\/revisions\/58299"}],"wp:featuredmedia":[{"embeddable":true,"href":"https:\/\/www.modelcars24.de\/fr\/wp-json\/wp\/v2\/media\/27429"}],"wp:attachment":[{"href":"https:\/\/www.modelcars24.de\/fr\/wp-json\/wp\/v2\/media?parent=27428"}],"wp:term":[{"taxonomy":"product_brand","embeddable":true,"href":"https:\/\/www.modelcars24.de\/fr\/wp-json\/wp\/v2\/product_brand?post=27428"},{"taxonomy":"product_cat","embeddable":true,"href":"https:\/\/www.modelcars24.de\/fr\/wp-json\/wp\/v2\/product_cat?post=27428"},{"taxonomy":"product_tag","embeddable":true,"href":"https:\/\/www.modelcars24.de\/fr\/wp-json\/wp\/v2\/product_tag?post=27428"}],"curies":[{"name":"wp","href":"https:\/\/api.w.org\/{rel}","templated":true}]}}