{"id":30284,"date":"2024-08-14T13:04:10","date_gmt":"2024-08-14T11:04:10","guid":{"rendered":"http:\/\/www.mondo-legno.com\/?post_type=product&#038;p=30284"},"modified":"2025-12-10T13:34:04","modified_gmt":"2025-12-10T12:34:04","slug":"autoart-lotus-72-e-1973-fittipaldi-1-composi","status":"publish","type":"product","link":"https:\/\/www.modelcars24.de\/fr\/autoart-lotus-72-e-1973-fittipaldi-1-composi\/","title":{"rendered":"AUTOart Lotus 72 E 1973 Fittipaldi #1 (mod\u00e8le composite:pas d'ouvertures) - 1\/18"},"content":{"rendered":"<p>AUTOart Lotus 72 E 1973 Fittipaldi #1 (mod\u00e8le composite : pas d'ouvertures). Mod\u00e8le de collection de haute qualit\u00e9 \u00e0 l'\u00e9chelle 1:18.<br \/>Num\u00e9ro d'article : 87327<\/p>","protected":false},"excerpt":{"rendered":"<p>87327 &#8211; 1-brandneu &#8211; 188,00 \u20ac inkl. 19% Vat AUTOart Lotus 72  E 1973 Fittipaldi #1 (composite modelcar, 87327<\/p>","protected":false},"featured_media":30285,"comment_status":"open","ping_status":"closed","template":"","meta":{"_acf_changed":false},"product_brand":[846],"product_cat":[185,291,21],"product_tag":[187,292,202],"class_list":{"0":"post-30284","1":"product","2":"type-product","3":"status-publish","4":"has-post-thumbnail","6":"product_brand-autoart","7":"product_cat-autoart","8":"product_cat-lotus","9":"product_cat-verfuegbar","10":"product_tag-autoart","11":"product_tag-lotus","12":"product_tag-verfuegbar","13":"pa_automarke-lotus","14":"pa_decade-1970s","15":"pa_fahrzeugtyp-formel-1","16":"pa_limitiert-nein","17":"pa_massstab-1-18","18":"pa_modelmarke-autoart","19":"pa_modeltyp-alles-zum-oeffnen","20":"pa_modeltyp-fertigmodell","21":"pa_status-beim-hersteller-verfuegbar","22":"pa_verfuegbarkeit-5-tage-lieferzeit","23":"pa_zustand_modell-1-brandneu","24":"pa_zustand_verpackung-1-brandneu","26":"first","27":"instock","28":"taxable","29":"shipping-taxable","30":"purchasable","31":"product-type-simple"},"acf":[],"jetpack_sharing_enabled":true,"_links":{"self":[{"href":"https:\/\/www.modelcars24.de\/fr\/wp-json\/wp\/v2\/product\/30284","targetHints":{"allow":["GET"]}}],"collection":[{"href":"https:\/\/www.modelcars24.de\/fr\/wp-json\/wp\/v2\/product"}],"about":[{"href":"https:\/\/www.modelcars24.de\/fr\/wp-json\/wp\/v2\/types\/product"}],"replies":[{"embeddable":true,"href":"https:\/\/www.modelcars24.de\/fr\/wp-json\/wp\/v2\/comments?post=30284"}],"version-history":[{"count":2,"href":"https:\/\/www.modelcars24.de\/fr\/wp-json\/wp\/v2\/product\/30284\/revisions"}],"predecessor-version":[{"id":58363,"href":"https:\/\/www.modelcars24.de\/fr\/wp-json\/wp\/v2\/product\/30284\/revisions\/58363"}],"wp:featuredmedia":[{"embeddable":true,"href":"https:\/\/www.modelcars24.de\/fr\/wp-json\/wp\/v2\/media\/30285"}],"wp:attachment":[{"href":"https:\/\/www.modelcars24.de\/fr\/wp-json\/wp\/v2\/media?parent=30284"}],"wp:term":[{"taxonomy":"product_brand","embeddable":true,"href":"https:\/\/www.modelcars24.de\/fr\/wp-json\/wp\/v2\/product_brand?post=30284"},{"taxonomy":"product_cat","embeddable":true,"href":"https:\/\/www.modelcars24.de\/fr\/wp-json\/wp\/v2\/product_cat?post=30284"},{"taxonomy":"product_tag","embeddable":true,"href":"https:\/\/www.modelcars24.de\/fr\/wp-json\/wp\/v2\/product_tag?post=30284"}],"curies":[{"name":"wp","href":"https:\/\/api.w.org\/{rel}","templated":true}]}}