{"id":31436,"date":"2025-11-24T10:04:09","date_gmt":"2025-11-24T09:04:09","guid":{"rendered":"http:\/\/www.mondo-legno.com\/?post_type=product&#038;p=31436"},"modified":"2026-03-12T11:04:39","modified_gmt":"2026-03-12T10:04:39","slug":"martisan-ferrari-250-gto-rosso-corsa-al-avec-carrosserie-en-cuivre-one-of-199-2","status":"publish","type":"product","link":"https:\/\/www.modelcars24.de\/fr\/martisan-ferrari-250-gto-rosso-corsa-al-mit-kupferkarosserie-one-of-199-2\/","title":{"rendered":"Martisan Ferrari 250 GTO Rosso Corsa AL avec carrosserie en cuivre one of 199 - 1\/18"},"content":{"rendered":"<h3 class=\"product_title entry-title\">Martisan Ferrari 250 GTO Rosso Corsa avec carrosserie en cuivre, ch\u00e2ssis 3445 GT<\/h3>\n<div class=\"woocommerce-product-details__short-description\">\n<p>La Martisan Ferrari 250 GTO Rosso Corsa est un mod\u00e8le tr\u00e8s d\u00e9taill\u00e9 de la Ferrari 250 GTO \u00e0 l'\u00e9chelle 1:18 et est l'un des mod\u00e8les les plus d\u00e9taill\u00e9s et de la plus haute qualit\u00e9 que nous connaissions. La carrosserie est fabriqu\u00e9e en t\u00f4le de cuivre, ce qui emp\u00eache la formation de bulles et le vieillissement de la peinture et garantit une conservation \u00e0 long terme. Tous les vitrages, y compris ceux des caches de phares, sont fabriqu\u00e9s en v\u00e9ritable verre tremp\u00e9. Chaque mod\u00e8le est fabriqu\u00e9 avec soin par des techniciens professionnels, avec un niveau d'artisanat digne d'un horloger, et tout le montage de pr\u00e9cision est effectu\u00e9 par un technicien responsable. Il s'agit du premier mod\u00e8le de voiture statique au monde \u00e0 l'\u00e9chelle 1:18 \u00e9quip\u00e9 d'un diff\u00e9rentiel arri\u00e8re et du premier \u00e0 utiliser du verre tremp\u00e9, ce qui reproduit parfaitement l'effet du v\u00e9ritable verre automobile. La structure du compartiment moteur enti\u00e8rement en cuivre, fabriqu\u00e9e avec pr\u00e9cision, vous permet de comprendre intuitivement l'int\u00e9rieur de la voiture r\u00e9elle \u00e0 partir du mod\u00e8le r\u00e9duit. L'int\u00e9rieur du cockpit aux proportions r\u00e9alistes est finement d\u00e9taill\u00e9 et dispose d'une texture r\u00e9aliste qui vous donne l'impression d'y \u00eatre. Les roues imitent la structure des pneus \u00e0 vide, ce qui permet d'obtenir les effets de pression et de d\u00e9pression d'un vrai stand de voiture. L'ensemble du v\u00e9hicule est compos\u00e9 de 35 pi\u00e8ces mobiles, ce qui vous permet de recr\u00e9er l'histoire en explorant le mod\u00e8le. D'autres d\u00e9tails n'attendent que d'\u00eatre d\u00e9couverts par vous. Martisan surpasse ainsi la richesse des d\u00e9tails et la qualit\u00e9 des mat\u00e9riaux utilis\u00e9s par rapport \u00e0 tous les fabricants que nous connaissons. La sortie du mod\u00e8le est pr\u00e9vue pour la mi-2024.<\/p>\n<p>Sur notre blog, vous trouverez une vid\u00e9o et d'autres informations sur le mod\u00e8le. Vous pouvez acc\u00e9der au blog en cliquant sur <a href=\"https:\/\/www.modelcars24.de\/fr\/martisan-ferrari-250-chassis\/\">cliquez ici<\/a>.<\/p>\n<p>- Direction fonctionnelle, r\u00e9plique de la voiture originale<br \/>\n- R\u00e9servoirs de carburant en m\u00e9tal avec structure interne et externe originale<br \/>\n- Couvercle du r\u00e9servoir de carburant ouvrable<br \/>\n- Les pneus en caoutchouc simulent un pneu rempli d'air<br \/>\n- Amortisseurs r\u00e9alistes<br \/>\n- Les disques de frein reproduisent la couleur et les d\u00e9tails de l'original<br \/>\n- Les moyeux de roue sont fabriqu\u00e9s \u00e0 la main avec des rayons de 0,3 mm<br \/>\n- Tous les accessoires du moteur sont soigneusement reproduits<br \/>\n- Carrosserie conforme \u00e0 l'original en t\u00f4le de cuivre<br \/>\n- Vitrages en verre v\u00e9ritable<\/p>\n<p>&nbsp;<\/p>\n<p>&nbsp;<\/p>\n<\/div>\n<p>Mod\u00e8le : Martisan 8-1-1-1<\/p>","protected":false},"excerpt":{"rendered":"<p class=\"product_title entry-title\">1-br\u00fbl\u00e9 - 2360,00 \u20ac y compris 19% Vat<\/p>","protected":false},"featured_media":54924,"comment_status":"open","ping_status":"closed","template":"","meta":{"_acf_changed":false},"product_brand":[877],"product_cat":[63,385,21],"product_tag":[],"class_list":{"0":"post-31436","1":"product","2":"type-product","3":"status-publish","4":"has-post-thumbnail","6":"product_brand-martisan","7":"product_cat-ferrari","8":"product_cat-martisan","9":"product_cat-verfuegbar","10":"pa_automarke-ferrari","11":"pa_decade-1960s","12":"pa_fahrzeugtyp-coupe","13":"pa_farbe-silber","14":"pa_limitiert-ja","15":"pa_massstab-1-18","16":"pa_modelmarke-martisan","17":"pa_modeltyp-alles-zum-oeffnen","18":"pa_modeltyp-fertigmodell","19":"pa_verfuegbarkeit-vorbestellbar","20":"pa_zustand_modell-1-brandneu","21":"pa_zustand_verpackung-1-brandneu","23":"first","24":"instock","25":"taxable","26":"shipping-taxable","27":"purchasable","28":"product-type-simple"},"acf":[],"jetpack_sharing_enabled":true,"_links":{"self":[{"href":"https:\/\/www.modelcars24.de\/fr\/wp-json\/wp\/v2\/product\/31436","targetHints":{"allow":["GET"]}}],"collection":[{"href":"https:\/\/www.modelcars24.de\/fr\/wp-json\/wp\/v2\/product"}],"about":[{"href":"https:\/\/www.modelcars24.de\/fr\/wp-json\/wp\/v2\/types\/product"}],"replies":[{"embeddable":true,"href":"https:\/\/www.modelcars24.de\/fr\/wp-json\/wp\/v2\/comments?post=31436"}],"version-history":[{"count":7,"href":"https:\/\/www.modelcars24.de\/fr\/wp-json\/wp\/v2\/product\/31436\/revisions"}],"predecessor-version":[{"id":61928,"href":"https:\/\/www.modelcars24.de\/fr\/wp-json\/wp\/v2\/product\/31436\/revisions\/61928"}],"wp:featuredmedia":[{"embeddable":true,"href":"https:\/\/www.modelcars24.de\/fr\/wp-json\/wp\/v2\/media\/54924"}],"wp:attachment":[{"href":"https:\/\/www.modelcars24.de\/fr\/wp-json\/wp\/v2\/media?parent=31436"}],"wp:term":[{"taxonomy":"product_brand","embeddable":true,"href":"https:\/\/www.modelcars24.de\/fr\/wp-json\/wp\/v2\/product_brand?post=31436"},{"taxonomy":"product_cat","embeddable":true,"href":"https:\/\/www.modelcars24.de\/fr\/wp-json\/wp\/v2\/product_cat?post=31436"},{"taxonomy":"product_tag","embeddable":true,"href":"https:\/\/www.modelcars24.de\/fr\/wp-json\/wp\/v2\/product_tag?post=31436"}],"curies":[{"name":"wp","href":"https:\/\/api.w.org\/{rel}","templated":true}]}}