{"id":317,"date":"2024-01-28T00:00:00","date_gmt":"2024-01-27T23:00:00","guid":{"rendered":"http:\/\/www.mondo-legno.com\/?post_type=product&#038;p=317"},"modified":"2026-03-24T15:06:44","modified_gmt":"2026-03-24T14:06:44","slug":"cmc-alfa-romeo-p3-fagioli-winner-gp-commings-1933-40-limited-1000","status":"publish","type":"product","link":"https:\/\/www.modelcars24.de\/fr\/cmc-alfa-romeo-p3-fagioli-winner-gp-commings-1933-40-limited-1000\/","title":{"rendered":"CMC Alfa Romeo P3 Fagioli, winner GP Commings 1933, #40 limited 1000 - 1\/18"},"content":{"rendered":"<p>CMC Alfa Romeo P3 Fagioli, winner GP Commings 1933, #40 limited 1000, mod\u00e8le de collection hautement d\u00e9taill\u00e9 en m\u00e9tal, pi\u00e8ces rapport\u00e9es chrom\u00e9es en grande partie en m\u00e9tal, assembl\u00e9es \u00e0 la main, mat\u00e9riaux conformes \u00e0 l'original, si\u00e8ges en cuir ou rembourr\u00e9s, version d\u00e9taill\u00e9e de l'original, nombreuses fonctions et d\u00e9tails.<br \/>Num\u00e9ro d'article : M-228<\/p>","protected":false},"excerpt":{"rendered":"<p>CMC Alfa Romeo P3 Fagioli, winner GP Commings 1933, #40 limited 1000 modelcar, M-228, from CMC, now available at www.modelcars24.de<\/p>","protected":false},"featured_media":45070,"comment_status":"open","ping_status":"closed","template":"","meta":{"_acf_changed":false},"product_brand":[537],"product_cat":[960,100,18,20,21],"product_tag":[127],"class_list":{"0":"post-317","1":"product","2":"type-product","3":"status-publish","4":"has-post-thumbnail","6":"product_brand-cmc","7":"product_cat-aktion","8":"product_cat-alfa-romeo","9":"product_cat-cmc","10":"product_cat-titel","11":"product_cat-verfuegbar","12":"product_tag-cmc-alfa-romeo-p3-fagioli","13":"pa_automarke-alfa-romeo","14":"pa_decade-1930s","15":"pa_fahrzeugtyp-formel-1","16":"pa_farbe-rot","17":"pa_limitiert-ja","18":"pa_massstab-1-18","19":"pa_modelmarke-cmc","20":"pa_modeltyp-alles-zum-oeffnen","21":"pa_modeltyp-fertigmodell","22":"pa_verfuegbarkeit-sofort-verfuegbar","23":"pa_zustand_modell-1-brandneu","24":"pa_zustand_verpackung-1-brandneu","26":"first","27":"instock","28":"sale","29":"taxable","30":"shipping-taxable","31":"purchasable","32":"product-type-simple"},"acf":[],"jetpack_sharing_enabled":true,"_links":{"self":[{"href":"https:\/\/www.modelcars24.de\/fr\/wp-json\/wp\/v2\/product\/317","targetHints":{"allow":["GET"]}}],"collection":[{"href":"https:\/\/www.modelcars24.de\/fr\/wp-json\/wp\/v2\/product"}],"about":[{"href":"https:\/\/www.modelcars24.de\/fr\/wp-json\/wp\/v2\/types\/product"}],"replies":[{"embeddable":true,"href":"https:\/\/www.modelcars24.de\/fr\/wp-json\/wp\/v2\/comments?post=317"}],"version-history":[{"count":3,"href":"https:\/\/www.modelcars24.de\/fr\/wp-json\/wp\/v2\/product\/317\/revisions"}],"predecessor-version":[{"id":57487,"href":"https:\/\/www.modelcars24.de\/fr\/wp-json\/wp\/v2\/product\/317\/revisions\/57487"}],"wp:featuredmedia":[{"embeddable":true,"href":"https:\/\/www.modelcars24.de\/fr\/wp-json\/wp\/v2\/media\/45070"}],"wp:attachment":[{"href":"https:\/\/www.modelcars24.de\/fr\/wp-json\/wp\/v2\/media?parent=317"}],"wp:term":[{"taxonomy":"product_brand","embeddable":true,"href":"https:\/\/www.modelcars24.de\/fr\/wp-json\/wp\/v2\/product_brand?post=317"},{"taxonomy":"product_cat","embeddable":true,"href":"https:\/\/www.modelcars24.de\/fr\/wp-json\/wp\/v2\/product_cat?post=317"},{"taxonomy":"product_tag","embeddable":true,"href":"https:\/\/www.modelcars24.de\/fr\/wp-json\/wp\/v2\/product_tag?post=317"}],"curies":[{"name":"wp","href":"https:\/\/api.w.org\/{rel}","templated":true}]}}