{"id":32365,"date":"2024-10-09T13:05:34","date_gmt":"2024-10-09T11:05:34","guid":{"rendered":"http:\/\/www.mondo-legno.com\/?post_type=product&#038;p=32365"},"modified":"2025-12-10T13:34:23","modified_gmt":"2025-12-10T12:34:23","slug":"bbr-ferrari-499p-car-n-51-3rd-le-mans-2024-drivers-pier-guidi-giovinazzi-calado","status":"publish","type":"product","link":"https:\/\/www.modelcars24.de\/fr\/bbr-ferrari-499p-car-n-51-3rd-le-mans-2024-drivers-pier-guidi-giovinazzi-calado\/","title":{"rendered":"BBR Ferrari 499P car n. 51 - 3rd Le Mans 2024 drivers Pier Guidi Giovinazzi Calado - 1\/18"},"content":{"rendered":"<p>BBR Ferrari 499P car n. 51 - 3rd Le Mans 2024 drivers Pier Guidi Giovinazzi Calado<\/p>\n<p>Le Mans 16 juin 2024<br \/>\nC'est incroyable ce que l'on peut accomplir en une seule journ\u00e9e. 24 heures de hauts et de bas qui ont mis \u00e0 l'\u00e9preuve la r\u00e9sistance et l'endurance d'une \u00e9quipe. Chaque tour apportait son lot de nouveaux obstacles. En 2023, Ferrari a r\u00e9alis\u00e9 ce que beaucoup pensaient impossible. En 2024, une nouvelle journ\u00e9e de gloire et d'h\u00e9ritage nous attend au LeMans, mais regarder vers les objectifs de demain est une vertu des grandes \u00e9quipes.<br \/>\nL'\u00e9quipage compos\u00e9 de Pier Guidi, Giovinazzi et Calado avec le num\u00e9ro 51, victorieux en 2023, doit se contenter, si l'on peut dire, de la troisi\u00e8me place.<br \/>\nEn ce jour m\u00e9morable, Ferrari remporte pour la deuxi\u00e8me fois cons\u00e9cutive les 24 Heures du Mans avec la voiture num\u00e9ro 50, pilot\u00e9e par Fuoco, Nielsen et Molina. Une nouvelle c\u00e9l\u00e9bration \u00e0 Maranello pourrait marquer le d\u00e9but d'un nouveau cycle de victoires, comme cela s'est d\u00e9j\u00e0 produit au tableau d'honneur de la plus c\u00e9l\u00e8bre course d'endurance du monde avec cinq succ\u00e8s cons\u00e9cutifs entre 1960 et 1965. Pour le cheval cabr\u00e9, il s'agit de la onzi\u00e8me victoire au classement g\u00e9n\u00e9ral des 24 Heures du Mans, apr\u00e8s celles de 1949, 1954, 1958 et m\u00eame de 1960 \u00e0 1965.<br \/>\nNum\u00e9ro d'article : P18252B<\/p>","protected":false},"excerpt":{"rendered":"<p>P18252B &#8211; 1-brandneu &#8211; anstatt 425,00 \u20ac\u00a0 jetzt 335,00 \u20ac inkl. 19% Vat mit Vitrine<\/p>","protected":false},"featured_media":32366,"comment_status":"open","ping_status":"closed","template":"","meta":{"_acf_changed":false},"product_brand":[851],"product_cat":[169,63,21],"product_tag":[173,209,263],"class_list":{"0":"post-32365","1":"product","2":"type-product","3":"status-publish","4":"has-post-thumbnail","6":"product_brand-bbr","7":"product_cat-bbr","8":"product_cat-ferrari","9":"product_cat-verfuegbar","10":"product_tag-bbr","11":"product_tag-ferrari","12":"product_tag-vorbestellbar","13":"pa_automarke-ferrari","14":"pa_decade-2020s","15":"pa_fahrzeugtyp-gt-rennen","16":"pa_limitiert-nein","17":"pa_massstab-1-18","18":"pa_modelmarke-bbr","19":"pa_modeltyp-fertigmodell","20":"pa_modeltyp-geschlossen","21":"pa_status-beim-hersteller-verfuegbar","22":"pa_verfuegbarkeit-sofort-verfuegbar","23":"pa_zustand_modell-1-brandneu","24":"pa_zustand_verpackung-1-brandneu","26":"first","27":"instock","28":"sale","29":"taxable","30":"shipping-taxable","31":"purchasable","32":"product-type-simple"},"acf":[],"jetpack_sharing_enabled":true,"_links":{"self":[{"href":"https:\/\/www.modelcars24.de\/fr\/wp-json\/wp\/v2\/product\/32365","targetHints":{"allow":["GET"]}}],"collection":[{"href":"https:\/\/www.modelcars24.de\/fr\/wp-json\/wp\/v2\/product"}],"about":[{"href":"https:\/\/www.modelcars24.de\/fr\/wp-json\/wp\/v2\/types\/product"}],"replies":[{"embeddable":true,"href":"https:\/\/www.modelcars24.de\/fr\/wp-json\/wp\/v2\/comments?post=32365"}],"version-history":[{"count":5,"href":"https:\/\/www.modelcars24.de\/fr\/wp-json\/wp\/v2\/product\/32365\/revisions"}],"predecessor-version":[{"id":58394,"href":"https:\/\/www.modelcars24.de\/fr\/wp-json\/wp\/v2\/product\/32365\/revisions\/58394"}],"wp:featuredmedia":[{"embeddable":true,"href":"https:\/\/www.modelcars24.de\/fr\/wp-json\/wp\/v2\/media\/32366"}],"wp:attachment":[{"href":"https:\/\/www.modelcars24.de\/fr\/wp-json\/wp\/v2\/media?parent=32365"}],"wp:term":[{"taxonomy":"product_brand","embeddable":true,"href":"https:\/\/www.modelcars24.de\/fr\/wp-json\/wp\/v2\/product_brand?post=32365"},{"taxonomy":"product_cat","embeddable":true,"href":"https:\/\/www.modelcars24.de\/fr\/wp-json\/wp\/v2\/product_cat?post=32365"},{"taxonomy":"product_tag","embeddable":true,"href":"https:\/\/www.modelcars24.de\/fr\/wp-json\/wp\/v2\/product_tag?post=32365"}],"curies":[{"name":"wp","href":"https:\/\/api.w.org\/{rel}","templated":true}]}}