{"id":32512,"date":"2026-01-30T12:35:16","date_gmt":"2026-01-30T11:35:16","guid":{"rendered":"https:\/\/www.modelcars24.de\/?post_type=product&#038;p=32512"},"modified":"2026-04-24T11:39:30","modified_gmt":"2026-04-24T09:39:30","slug":"bbr-ferrari-laferrari-2012-open-diecast-special-pack-purple-dubai-viola-vio-tailor-made","status":"publish","type":"product","link":"https:\/\/www.modelcars24.de\/fr\/bbr-ferrari-laferrari-2012-open-diecast-special-pack-purple-dubai-viola-vio-tailor-made\/","title":{"rendered":"BBR Ferrari LaFerrari 2012 open diecast - SPECIAL PACK Purple Dubai- Viola Vio tailor made - 1\/18"},"content":{"rendered":"<p>BBR Ferrari LaFerrari 2012 open diecast - SPECIAL PACK Purple Dubai- Viola Vio tailor made. Mod\u00e8le de collection de haute qualit\u00e9 \u00e0 l'\u00e9chelle 1:18.<\/p>\n<p>Pour cette voiture miniature en m\u00e9tal moul\u00e9, BBR a r\u00e9alis\u00e9, apr\u00e8s un long travail de d\u00e9veloppement, des portes et des capots ouvrants. Les articulations invisibles des capots constituent une solution unique et une formidable innovation sur le march\u00e9 des mod\u00e8les r\u00e9duits. Le piston t\u00e9lescopique qui permet d'ouvrir les portes battantes comme sur l'original est un d\u00e9tail exclusif.<br \/>\nLe d\u00e9flecteur arri\u00e8re mobile, qui compense la charge a\u00e9rodynamique \u00e0 haute vitesse, est une reproduction fid\u00e8le de l'original. Il se d\u00e9ploie d'un doigt et d'une l\u00e9g\u00e8re pression. Un d\u00e9tail miniaturis\u00e9 rend le mod\u00e8le encore plus impressionnant : les grilles des ventilateurs de radiateur sont fid\u00e8les \u00e0 l'original gr\u00e2ce \u00e0 la photogravure.<\/p>\n<p>Peinture en violet (Dubai - Viola Vio). Socle en similicuir cousu main ; vitrine incluse.<\/p>\n<p>Num\u00e9ro d'article : BBR182237DIE<\/p>","protected":false},"excerpt":{"rendered":"<p>BBR182237DIE &#8211; 1-brandneu &#8211; anstatt 455,00 jetzt 425,00 \u20ac inkl. 19% Vat<\/p>","protected":false},"featured_media":55927,"comment_status":"closed","ping_status":"closed","template":"","meta":{"_acf_changed":false},"product_brand":[851],"product_cat":[169,63,21],"product_tag":[],"class_list":{"0":"post-32512","1":"product","2":"type-product","3":"status-publish","4":"has-post-thumbnail","6":"product_brand-bbr","7":"product_cat-bbr","8":"product_cat-ferrari","9":"product_cat-verfuegbar","10":"pa_automarke-ferrari","11":"pa_decade-2010s","12":"pa_fahrzeugtyp-coupe","13":"pa_massstab-1-18","14":"pa_modelmarke-bbr","15":"pa_zustand_modell-1-brandneu","16":"pa_zustand_verpackung-1-brandneu","18":"first","19":"instock","20":"sale","21":"taxable","22":"shipping-taxable","23":"purchasable","24":"product-type-simple"},"acf":[],"jetpack_sharing_enabled":true,"_links":{"self":[{"href":"https:\/\/www.modelcars24.de\/fr\/wp-json\/wp\/v2\/product\/32512","targetHints":{"allow":["GET"]}}],"collection":[{"href":"https:\/\/www.modelcars24.de\/fr\/wp-json\/wp\/v2\/product"}],"about":[{"href":"https:\/\/www.modelcars24.de\/fr\/wp-json\/wp\/v2\/types\/product"}],"replies":[{"embeddable":true,"href":"https:\/\/www.modelcars24.de\/fr\/wp-json\/wp\/v2\/comments?post=32512"}],"version-history":[{"count":7,"href":"https:\/\/www.modelcars24.de\/fr\/wp-json\/wp\/v2\/product\/32512\/revisions"}],"predecessor-version":[{"id":62278,"href":"https:\/\/www.modelcars24.de\/fr\/wp-json\/wp\/v2\/product\/32512\/revisions\/62278"}],"wp:featuredmedia":[{"embeddable":true,"href":"https:\/\/www.modelcars24.de\/fr\/wp-json\/wp\/v2\/media\/55927"}],"wp:attachment":[{"href":"https:\/\/www.modelcars24.de\/fr\/wp-json\/wp\/v2\/media?parent=32512"}],"wp:term":[{"taxonomy":"product_brand","embeddable":true,"href":"https:\/\/www.modelcars24.de\/fr\/wp-json\/wp\/v2\/product_brand?post=32512"},{"taxonomy":"product_cat","embeddable":true,"href":"https:\/\/www.modelcars24.de\/fr\/wp-json\/wp\/v2\/product_cat?post=32512"},{"taxonomy":"product_tag","embeddable":true,"href":"https:\/\/www.modelcars24.de\/fr\/wp-json\/wp\/v2\/product_tag?post=32512"}],"curies":[{"name":"wp","href":"https:\/\/api.w.org\/{rel}","templated":true}]}}