{"id":32742,"date":"2024-10-23T14:31:16","date_gmt":"2024-10-23T12:31:16","guid":{"rendered":"http:\/\/www.mondo-legno.com\/?post_type=product&#038;p=32742"},"modified":"2026-04-15T13:08:50","modified_gmt":"2026-04-15T11:08:50","slug":"almost-real-jaguar-c-x75-blue-metallic","status":"publish","type":"product","link":"https:\/\/www.modelcars24.de\/fr\/almost-real-jaguar-c-x75-blue-metallic\/","title":{"rendered":"Almost Real JAGUAR C-X75-BLUE METALLIC - 1\/18"},"content":{"rendered":"<h3>Almost Real JAGUAR C-X75-BLUE METALLIC<\/h3>\n<p>La Jaguar C-X75 2015 en bleu m\u00e9tallique de la collection de mod\u00e8les r\u00e9duits moul\u00e9s sous pression \u201eAlmost Real Models\u201c \u00e0 l'\u00e9chelle 1:18 dispose d'un ext\u00e9rieur et d'un int\u00e9rieur d\u00e9taill\u00e9s qui refl\u00e8tent la voiture r\u00e9elle. Ces d\u00e9tails sont visibles sous tous les angles sur cette r\u00e9plique. Mod\u00e8le de collection de haute qualit\u00e9 en zinc moul\u00e9 sous pression \u00e0 l'\u00e9chelle 1:18. Portes et capots ouvrables, roues avant directrices, int\u00e9rieur et compartiment moteur d\u00e9taill\u00e9s.<br \/>\nNum\u00e9ro d'article : ALM810606<\/p>","protected":false},"excerpt":{"rendered":"<p>ALM810606 &#8211; 1-brandneu &#8211; anstatt 239,00 \u20ac jetzt 189,00 \u20ac inkl. 19% Vat<\/p>","protected":false},"featured_media":32743,"comment_status":"open","ping_status":"closed","template":"","meta":{"_acf_changed":false},"product_brand":[],"product_cat":[465,249,20,21],"product_tag":[466,253,202],"class_list":{"0":"post-32742","1":"product","2":"type-product","3":"status-publish","4":"has-post-thumbnail","6":"product_cat-almost-real","7":"product_cat-pagani","8":"product_cat-titel","9":"product_cat-verfuegbar","10":"product_tag-almost-real","11":"product_tag-brabus","12":"product_tag-verfuegbar","13":"pa_automarke-jaguar","14":"pa_decade-2010s","15":"pa_fahrzeugtyp-coupe","16":"pa_farbe-schwarz","17":"pa_limitiert-nein","18":"pa_massstab-1-18","19":"pa_modelmarke-almost-real","20":"pa_modeltyp-fertigmodell","21":"pa_modeltyp-geschlossen","22":"pa_status-beim-hersteller-ausverkauft","23":"pa_verfuegbarkeit-5-tage-lieferzeit","24":"pa_zustand_modell-1-brandneu","25":"pa_zustand_verpackung-1-brandneu","27":"first","28":"instock","29":"sale","30":"taxable","31":"shipping-taxable","32":"purchasable","33":"product-type-simple"},"acf":[],"jetpack_sharing_enabled":true,"_links":{"self":[{"href":"https:\/\/www.modelcars24.de\/fr\/wp-json\/wp\/v2\/product\/32742","targetHints":{"allow":["GET"]}}],"collection":[{"href":"https:\/\/www.modelcars24.de\/fr\/wp-json\/wp\/v2\/product"}],"about":[{"href":"https:\/\/www.modelcars24.de\/fr\/wp-json\/wp\/v2\/types\/product"}],"replies":[{"embeddable":true,"href":"https:\/\/www.modelcars24.de\/fr\/wp-json\/wp\/v2\/comments?post=32742"}],"version-history":[{"count":3,"href":"https:\/\/www.modelcars24.de\/fr\/wp-json\/wp\/v2\/product\/32742\/revisions"}],"predecessor-version":[{"id":58399,"href":"https:\/\/www.modelcars24.de\/fr\/wp-json\/wp\/v2\/product\/32742\/revisions\/58399"}],"wp:featuredmedia":[{"embeddable":true,"href":"https:\/\/www.modelcars24.de\/fr\/wp-json\/wp\/v2\/media\/32743"}],"wp:attachment":[{"href":"https:\/\/www.modelcars24.de\/fr\/wp-json\/wp\/v2\/media?parent=32742"}],"wp:term":[{"taxonomy":"product_brand","embeddable":true,"href":"https:\/\/www.modelcars24.de\/fr\/wp-json\/wp\/v2\/product_brand?post=32742"},{"taxonomy":"product_cat","embeddable":true,"href":"https:\/\/www.modelcars24.de\/fr\/wp-json\/wp\/v2\/product_cat?post=32742"},{"taxonomy":"product_tag","embeddable":true,"href":"https:\/\/www.modelcars24.de\/fr\/wp-json\/wp\/v2\/product_tag?post=32742"}],"curies":[{"name":"wp","href":"https:\/\/api.w.org\/{rel}","templated":true}]}}