{"id":33128,"date":"2024-11-01T09:07:03","date_gmt":"2024-11-01T08:07:03","guid":{"rendered":"http:\/\/www.mondo-legno.com\/?post_type=product&#038;p=33128"},"modified":"2025-12-10T13:34:38","modified_gmt":"2025-12-10T12:34:38","slug":"frontiart-martin-valkyrie-candy-red-resin-model-car-1-8","status":"publish","type":"product","link":"https:\/\/www.modelcars24.de\/fr\/frontiart-martin-valkyrie-candy-red-resin-model-car-1-8\/","title":{"rendered":"Frontiart Martin Valkyrie Candy Red Resin Model Car 1\/8 - 1\/18"},"content":{"rendered":"<h1>Frontiart Martin Valkyrie Candy Red Resin Model Car 1\/8<\/h1>\n<p>&nbsp;<\/p>\n<p>L'Aston Martin Valkyrie est un chef-d'\u0153uvre d'ing\u00e9nierie et incarne la symbiose parfaite entre un design \u00e9poustouflant et une technologie r\u00e9volutionnaire. Hypercar de classe sup\u00e9rieure, la Valkyrie a \u00e9t\u00e9 d\u00e9velopp\u00e9e en collaboration avec Red Bull Racing et offre des performances impressionnantes gr\u00e2ce \u00e0 un moteur V12 de 6,5 litres qui, associ\u00e9 \u00e0 un puissant moteur \u00e9lectrique, permet d'atteindre une puissance totale de plus de 1.000 chevaux. Avec son profil a\u00e9rodynamique qui assure une efficacit\u00e9 et une stabilit\u00e9 maximales et un habitacle con\u00e7u pour les performances de course, la Valkyrie n'est pas seulement un v\u00e9hicule, c'est une exp\u00e9rience. Limit\u00e9e \u00e0 150 exemplaires seulement, cette voiture de sport exceptionnelle est un r\u00eave pour tout amateur d'automobile et un symbole de l'avenir de l'automobile de haute performance.<\/p>\n<p>Limite globale : 30 pi\u00e8ces. Date de livraison pr\u00e9vue : juillet 2025. Les photos montrent le mod\u00e8le \u00e0 l'\u00e9chelle 1:18.<br \/>Num\u00e9ro d'article : F112-110-1-1<\/p>","protected":false},"excerpt":{"rendered":"<p>preorder &#8211; 5650,00 \u20ac inkl. 19% Vat<\/p>","protected":false},"featured_media":33129,"comment_status":"open","ping_status":"closed","template":"","meta":{"_acf_changed":false},"product_brand":[881],"product_cat":[147,462,262],"product_tag":[172,173,269,175,270,181,182],"class_list":{"0":"post-33128","1":"product","2":"type-product","3":"status-publish","4":"has-post-thumbnail","6":"product_brand-frontiart","7":"product_cat-aston-martin","8":"product_cat-frontiart","9":"product_cat-vorbestellbar","10":"product_tag-atelier","11":"product_tag-bbr","12":"product_tag-bbr-ferrari-250-lusso-red","13":"product_tag-competizione","14":"product_tag-ferrari-250-lusso-1963-118","15":"product_tag-mrcollection","16":"product_tag-perfectly-embodies-ferraris","17":"pa_decade-2020s","18":"pa_fahrzeugtyp-motor","19":"pa_farbe-blau","20":"pa_limitiert-ja","21":"pa_massstab-1-18","22":"pa_modelmarke-frontiart","23":"pa_modeltyp-fertigmodell","24":"pa_modeltyp-geschlossen","25":"pa_status-beim-hersteller-verfuegbar","26":"pa_verfuegbarkeit-vorbestellbar","27":"pa_zustand_modell-1-brandneu","28":"pa_zustand_verpackung-1-brandneu","30":"first","31":"instock","32":"taxable","33":"shipping-taxable","34":"purchasable","35":"product-type-simple"},"acf":[],"jetpack_sharing_enabled":true,"_links":{"self":[{"href":"https:\/\/www.modelcars24.de\/fr\/wp-json\/wp\/v2\/product\/33128","targetHints":{"allow":["GET"]}}],"collection":[{"href":"https:\/\/www.modelcars24.de\/fr\/wp-json\/wp\/v2\/product"}],"about":[{"href":"https:\/\/www.modelcars24.de\/fr\/wp-json\/wp\/v2\/types\/product"}],"replies":[{"embeddable":true,"href":"https:\/\/www.modelcars24.de\/fr\/wp-json\/wp\/v2\/comments?post=33128"}],"version-history":[{"count":2,"href":"https:\/\/www.modelcars24.de\/fr\/wp-json\/wp\/v2\/product\/33128\/revisions"}],"predecessor-version":[{"id":58417,"href":"https:\/\/www.modelcars24.de\/fr\/wp-json\/wp\/v2\/product\/33128\/revisions\/58417"}],"wp:featuredmedia":[{"embeddable":true,"href":"https:\/\/www.modelcars24.de\/fr\/wp-json\/wp\/v2\/media\/33129"}],"wp:attachment":[{"href":"https:\/\/www.modelcars24.de\/fr\/wp-json\/wp\/v2\/media?parent=33128"}],"wp:term":[{"taxonomy":"product_brand","embeddable":true,"href":"https:\/\/www.modelcars24.de\/fr\/wp-json\/wp\/v2\/product_brand?post=33128"},{"taxonomy":"product_cat","embeddable":true,"href":"https:\/\/www.modelcars24.de\/fr\/wp-json\/wp\/v2\/product_cat?post=33128"},{"taxonomy":"product_tag","embeddable":true,"href":"https:\/\/www.modelcars24.de\/fr\/wp-json\/wp\/v2\/product_tag?post=33128"}],"curies":[{"name":"wp","href":"https:\/\/api.w.org\/{rel}","templated":true}]}}