{"id":33684,"date":"2024-11-18T17:58:11","date_gmt":"2024-11-18T16:58:11","guid":{"rendered":"http:\/\/www.mondo-legno.com\/?post_type=product&#038;p=33684"},"modified":"2025-12-10T13:34:44","modified_gmt":"2025-12-10T12:34:44","slug":"amalgame-amalgame-ferrari-f50-european-spec","status":"publish","type":"product","link":"https:\/\/www.modelcars24.de\/fr\/amalgam-amalgam-ferrari-f50-european-spec\/","title":{"rendered":"Amalgame Ferrari f50 european spec 1 18 1:18 - 1\/18"},"content":{"rendered":"<p>Amalgame Ferrari f50 european spec 1 18 1:18.<\/p>\n<ul>\n<li>Chaque mod\u00e8le est construit et assembl\u00e9 \u00e0 la main par une petite \u00e9quipe d'artisans.<\/li>\n<li>Mod\u00e8le \u00e0 l'\u00e9chelle 1:18, de plus de 24 cm\/9 pouces de long.<\/li>\n<li>Fabriqu\u00e9 \u00e0 partir de mat\u00e9riaux de la plus haute qualit\u00e9.<\/li>\n<li>Plus de 800 heures pour le d\u00e9veloppement du mod\u00e8le Pi\u00e8ces con\u00e7ues avec pr\u00e9cision : Pi\u00e8ces moul\u00e9es, photogravures et composants m\u00e9talliques usin\u00e9s CNC<\/li>\n<li>Cr\u00e9\u00e9 en utilisant les designs CAO originaux, les codes couleur et les sp\u00e9cifications des mat\u00e9riaux de Ferrari<\/li>\n<\/ul>\n<p>Num\u00e9ro d'article : amg-6<\/p>","protected":false},"excerpt":{"rendered":"<p>Amalgame Ferrari f50 modelcar, amg-6, scale 1:18 available at www.modelcars24.de<\/p>","protected":false},"featured_media":33685,"comment_status":"open","ping_status":"closed","template":"","meta":{"_acf_changed":false},"product_brand":[864],"product_cat":[286,63,21],"product_tag":[288,209,202],"class_list":{"0":"post-33684","1":"product","2":"type-product","3":"status-publish","4":"has-post-thumbnail","6":"product_brand-amalgam","7":"product_cat-amalgam","8":"product_cat-ferrari","9":"product_cat-verfuegbar","10":"product_tag-amalgam","11":"product_tag-ferrari","12":"product_tag-verfuegbar","13":"pa_automarke-ferrari","14":"pa_decade-1990s","15":"pa_fahrzeugtyp-coupe","16":"pa_massstab-1-18","17":"pa_modelmarke-amalgam","18":"pa_modeltyp-fertigmodell","19":"pa_modeltyp-geschlossen","20":"pa_status-beim-hersteller-verfuegbar","21":"pa_verfuegbarkeit-5-tage-lieferzeit","22":"pa_zustand_modell-1-brandneu","23":"pa_zustand_verpackung-1-brandneu","25":"first","26":"instock","27":"taxable","28":"shipping-taxable","29":"purchasable","30":"product-type-simple"},"acf":[],"jetpack_sharing_enabled":true,"_links":{"self":[{"href":"https:\/\/www.modelcars24.de\/fr\/wp-json\/wp\/v2\/product\/33684","targetHints":{"allow":["GET"]}}],"collection":[{"href":"https:\/\/www.modelcars24.de\/fr\/wp-json\/wp\/v2\/product"}],"about":[{"href":"https:\/\/www.modelcars24.de\/fr\/wp-json\/wp\/v2\/types\/product"}],"replies":[{"embeddable":true,"href":"https:\/\/www.modelcars24.de\/fr\/wp-json\/wp\/v2\/comments?post=33684"}],"version-history":[{"count":2,"href":"https:\/\/www.modelcars24.de\/fr\/wp-json\/wp\/v2\/product\/33684\/revisions"}],"predecessor-version":[{"id":58431,"href":"https:\/\/www.modelcars24.de\/fr\/wp-json\/wp\/v2\/product\/33684\/revisions\/58431"}],"wp:featuredmedia":[{"embeddable":true,"href":"https:\/\/www.modelcars24.de\/fr\/wp-json\/wp\/v2\/media\/33685"}],"wp:attachment":[{"href":"https:\/\/www.modelcars24.de\/fr\/wp-json\/wp\/v2\/media?parent=33684"}],"wp:term":[{"taxonomy":"product_brand","embeddable":true,"href":"https:\/\/www.modelcars24.de\/fr\/wp-json\/wp\/v2\/product_brand?post=33684"},{"taxonomy":"product_cat","embeddable":true,"href":"https:\/\/www.modelcars24.de\/fr\/wp-json\/wp\/v2\/product_cat?post=33684"},{"taxonomy":"product_tag","embeddable":true,"href":"https:\/\/www.modelcars24.de\/fr\/wp-json\/wp\/v2\/product_tag?post=33684"}],"curies":[{"name":"wp","href":"https:\/\/api.w.org\/{rel}","templated":true}]}}