{"id":36005,"date":"2024-12-04T13:14:31","date_gmt":"2024-12-04T12:14:31","guid":{"rendered":"http:\/\/www.mondo-legno.com\/?post_type=product&#038;p=36005"},"modified":"2025-12-10T13:35:04","modified_gmt":"2025-12-10T12:35:04","slug":"modelcars24-authentique-cmc-mercedes-300-slr","status":"publish","type":"product","link":"https:\/\/www.modelcars24.de\/fr\/modelcars24-authentic-cmc-mercedes-300-slr\/","title":{"rendered":"modelcars24 authentique CMC Mercedes 300 SLR Uhlenhaut M-245 - 1\/18"},"content":{"rendered":"<h3>modelcars24 authentique CMC Mercedes 300 SLR Uhlenhaut M-245<\/h3>\n<p>&nbsp;<\/p>\n<p>La ModelCars24 Authentic Mercedes 300 SLR \u00e0 l'\u00e9chelle 1:18 est une reproduction fid\u00e8le de l'une des voitures de course les plus l\u00e9gendaires des ann\u00e9es 1950, pilot\u00e9e par le comte Berghe von Trips lors du Tourist Trophy de 1955. Ce mod\u00e8le exclusif n'est pas seulement une pi\u00e8ce de collection fascinante, mais aussi une reproduction pr\u00e9cise de la machine de course r\u00e9elle qui a pris le d\u00e9part sur l'\u00eele de Man dans des conditions difficiles.<\/p>\n<p>La course de 1955 a \u00e9t\u00e9 marqu\u00e9e par une m\u00e9t\u00e9o changeante, avec des pluies r\u00e9p\u00e9t\u00e9es qui ont transform\u00e9 les routes en pistes boueuses et glissantes. La Mercedes 300 SLR, avec ses performances \u00e9poustouflantes et sa peinture argent\u00e9e, s'est vaillamment battue sur les portions de route mouill\u00e9es. Le mod\u00e8le de ModelCars24 capture parfaitement ces conditions difficiles. La salet\u00e9 des routes mouill\u00e9es est reproduite de mani\u00e8re r\u00e9aliste sur la surface de la voiture, tout comme la suie qui se d\u00e9tache du pot d'\u00e9chappement. Ces d\u00e9tails conf\u00e8rent au mod\u00e8le un look authentique et us\u00e9, qui refl\u00e8te la sensation de vitesse et d'endurance sur une piste mouill\u00e9e par la pluie.<\/p>\n<p>Un autre point fort est la reproduction exacte des jantes peintes en argent, qui ont \u00e9t\u00e9 con\u00e7ues exactement comme sur le mod\u00e8le original. Elles ne refl\u00e8tent pas seulement le design historique de la Mercedes 300 SLR, mais soulignent \u00e9galement le lien entre ce mod\u00e8le et l'original, qui jouait un r\u00f4le important sur la sc\u00e8ne des courses de l'\u00e9poque.<\/p>\n<p>Le mod\u00e8le est limit\u00e9 \u00e0 un nombre d'exemplaires et est livr\u00e9 avec une \u00e9l\u00e9gante vitrine et une plaquette qui soulignent le caract\u00e8re unique et la grande valeur de collection de cette voiture. Chaque mod\u00e8le attire l'attention et rend un digne hommage au comte Berghe von Trips et \u00e0 la remarquable course \u00e0 laquelle il a particip\u00e9 en 1955.<\/p>\n<p>Pour les fans de voitures de course et de mod\u00e8les r\u00e9duits historiques, ce mod\u00e8le r\u00e9duit de Mercedes 300 SLR est un compl\u00e9ment indispensable. Il allie l'art du d\u00e9tail, la signification historique et la beaut\u00e9 du design automobile pour en faire un objet de collection unique.<\/p>\n<p>Num\u00e9ro d'article : Mcars-M-245<\/p>","protected":false},"excerpt":{"rendered":"<p>1-brandneu &#8211; 899,00 \u20ac inkl. 19% Vat<\/p>","protected":false},"featured_media":48992,"comment_status":"open","ping_status":"closed","template":"","meta":[],"product_brand":[841],"product_cat":[918,18,63,229,20,21],"product_tag":[],"class_list":{"0":"post-36005","1":"product","2":"type-product","3":"status-publish","4":"has-post-thumbnail","6":"product_brand-modelcars24","7":"product_cat-authentic","8":"product_cat-cmc","9":"product_cat-ferrari","10":"product_cat-modelcars24","11":"product_cat-titel","12":"product_cat-verfuegbar","13":"pa_automarke-mercedes","14":"pa_decade-1930s","15":"pa_fahrzeugtyp-gt-rennen","16":"pa_farbe-rot","17":"pa_limitiert-ja","18":"pa_massstab-1-18","19":"pa_modelmarke-modelcars24","20":"pa_modeltyp-alles-zum-oeffnen","21":"pa_modeltyp-fertigmodell","22":"pa_verfuegbarkeit-5-tage-lieferzeit","23":"pa_zustand_modell-1-brandneu","24":"pa_zustand_verpackung-1-brandneu","26":"first","27":"instock","28":"taxable","29":"shipping-taxable","30":"purchasable","31":"product-type-simple"},"jetpack_sharing_enabled":true,"_links":{"self":[{"href":"https:\/\/www.modelcars24.de\/fr\/wp-json\/wp\/v2\/product\/36005","targetHints":{"allow":["GET"]}}],"collection":[{"href":"https:\/\/www.modelcars24.de\/fr\/wp-json\/wp\/v2\/product"}],"about":[{"href":"https:\/\/www.modelcars24.de\/fr\/wp-json\/wp\/v2\/types\/product"}],"replies":[{"embeddable":true,"href":"https:\/\/www.modelcars24.de\/fr\/wp-json\/wp\/v2\/comments?post=36005"}],"version-history":[{"count":0,"href":"https:\/\/www.modelcars24.de\/fr\/wp-json\/wp\/v2\/product\/36005\/revisions"}],"wp:featuredmedia":[{"embeddable":true,"href":"https:\/\/www.modelcars24.de\/fr\/wp-json\/wp\/v2\/media\/48992"}],"wp:attachment":[{"href":"https:\/\/www.modelcars24.de\/fr\/wp-json\/wp\/v2\/media?parent=36005"}],"wp:term":[{"taxonomy":"product_brand","embeddable":true,"href":"https:\/\/www.modelcars24.de\/fr\/wp-json\/wp\/v2\/product_brand?post=36005"},{"taxonomy":"product_cat","embeddable":true,"href":"https:\/\/www.modelcars24.de\/fr\/wp-json\/wp\/v2\/product_cat?post=36005"},{"taxonomy":"product_tag","embeddable":true,"href":"https:\/\/www.modelcars24.de\/fr\/wp-json\/wp\/v2\/product_tag?post=36005"}],"curies":[{"name":"wp","href":"https:\/\/api.w.org\/{rel}","templated":true}]}}