{"id":36817,"date":"2025-09-23T10:45:33","date_gmt":"2025-09-23T08:45:33","guid":{"rendered":"http:\/\/www.mondo-legno.com\/?post_type=product&#038;p=36817"},"modified":"2026-04-29T15:05:40","modified_gmt":"2026-04-29T13:05:40","slug":"ixo-citroen-c4-wrc-kit-2","status":"publish","type":"product","link":"https:\/\/www.modelcars24.de\/fr\/ixo-citroen-c4-wrc-bausatz-18\/","title":{"rendered":"IXO Citro\u00ebn C4 WRC kit 1:8 - 1\/8"},"content":{"rendered":"<h3>IXO Citro\u00ebn C4 WRC kit 1:8<\/h3>\n<p>&nbsp;<\/p>\n<p>Principales caract\u00e9ristiques :<\/p>\n<p>- \u00c9chelle : 1:8<\/p>\n<p>- Dimensions : 535,5 mm (longueur) x 243 mm (largeur) x 182 mm (hauteur)<\/p>\n<p>- Mat\u00e9riaux : pi\u00e8ces en m\u00e9tal et en plastique pour une construction durable et r\u00e9aliste.<\/p>\n<p>- Sous licence officielle de Citro\u00ebn : Garantit un mod\u00e8le authentique et pr\u00e9cis.<\/p>\n<p>L'histoire de la Citro\u00ebn C4 WRC :<\/p>\n<p>La Citro\u00ebn C4 WRC a \u00e9t\u00e9 introduite dans le Championnat du monde des rallyes en 2007 et est rapidement devenue une force dominante, conduite par des l\u00e9gendes comme S\u00e9bastien Loeb. Avec des performances exceptionnelles et un design innovant, elle a remport\u00e9 plusieurs titres de championne du monde. Avec ce mod\u00e8le, vous pouvez ajouter un morceau d'histoire du sport automobile \u00e0 votre collection.<\/p>\n<p>Pourquoi choisir ce mod\u00e8le ?<\/p>\n<p>- Une taille impressionnante et des d\u00e9tails pr\u00e9cis pour une reproduction fid\u00e8le.<\/p>\n<p>- Con\u00e7u pour les passionn\u00e9s de voitures et les mod\u00e9listes.<\/p>\n<p>- Instructions de montage d\u00e9taill\u00e9es incluses<\/p>\n<p>Num\u00e9ro d'article : IXO-C4<\/p>","protected":false},"excerpt":{"rendered":"<p>IXO-C4 &#8211; 1-brandneu &#8211; anstatt 990,00 \u20ac jetzt 895,00 \u20ac<\/p>","protected":false},"featured_media":54877,"comment_status":"open","ping_status":"closed","template":"","meta":{"_acf_changed":false},"product_brand":[839],"product_cat":[356,417,21],"product_tag":[357,503,460],"class_list":{"0":"post-36817","1":"product","2":"type-product","3":"status-publish","4":"has-post-thumbnail","6":"product_brand-ixo","7":"product_cat-citroen","8":"product_cat-ixo","9":"product_cat-verfuegbar","10":"product_tag-citroen","11":"product_tag-citroen-wrc","12":"product_tag-ixo","13":"product_shipping_class-sperrgut","14":"pa_automarke-citroen","15":"pa_decade-1970s","16":"pa_fahrzeugtyp-rallye","17":"pa_limitiert-nein","18":"pa_massstab-1-8","19":"pa_modelmarke-ixo","20":"pa_modeltyp-alles-zum-oeffnen","21":"pa_modeltyp-bausatz","22":"pa_status-beim-hersteller-verfuegbar","23":"pa_verfuegbarkeit-sofort-verfuegbar","24":"pa_zustand_modell-1-brandneu","25":"pa_zustand_verpackung-1-brandneu","27":"first","28":"instock","29":"sale","30":"purchasable","31":"product-type-simple"},"acf":[],"jetpack_sharing_enabled":true,"_links":{"self":[{"href":"https:\/\/www.modelcars24.de\/fr\/wp-json\/wp\/v2\/product\/36817","targetHints":{"allow":["GET"]}}],"collection":[{"href":"https:\/\/www.modelcars24.de\/fr\/wp-json\/wp\/v2\/product"}],"about":[{"href":"https:\/\/www.modelcars24.de\/fr\/wp-json\/wp\/v2\/types\/product"}],"replies":[{"embeddable":true,"href":"https:\/\/www.modelcars24.de\/fr\/wp-json\/wp\/v2\/comments?post=36817"}],"version-history":[{"count":4,"href":"https:\/\/www.modelcars24.de\/fr\/wp-json\/wp\/v2\/product\/36817\/revisions"}],"predecessor-version":[{"id":58458,"href":"https:\/\/www.modelcars24.de\/fr\/wp-json\/wp\/v2\/product\/36817\/revisions\/58458"}],"wp:featuredmedia":[{"embeddable":true,"href":"https:\/\/www.modelcars24.de\/fr\/wp-json\/wp\/v2\/media\/54877"}],"wp:attachment":[{"href":"https:\/\/www.modelcars24.de\/fr\/wp-json\/wp\/v2\/media?parent=36817"}],"wp:term":[{"taxonomy":"product_brand","embeddable":true,"href":"https:\/\/www.modelcars24.de\/fr\/wp-json\/wp\/v2\/product_brand?post=36817"},{"taxonomy":"product_cat","embeddable":true,"href":"https:\/\/www.modelcars24.de\/fr\/wp-json\/wp\/v2\/product_cat?post=36817"},{"taxonomy":"product_tag","embeddable":true,"href":"https:\/\/www.modelcars24.de\/fr\/wp-json\/wp\/v2\/product_tag?post=36817"}],"curies":[{"name":"wp","href":"https:\/\/api.w.org\/{rel}","templated":true}]}}